{"id":22884,"date":"2026-03-18T08:31:19","date_gmt":"2026-03-18T07:31:19","guid":{"rendered":"https:\/\/hidroterm.dmcsrbija.com\/proizvod\/plocica-zavrsna-kontraugao-115x115\/"},"modified":"2026-03-18T08:31:21","modified_gmt":"2026-03-18T07:31:21","slug":"plocica-zavrsna-kontraugao-115x115","status":"publish","type":"product","link":"https:\/\/hidroterm.dmcsrbija.com\/ru\/proizvod\/plocica-zavrsna-kontraugao-115x115\/","title":{"rendered":"Plo\u010dica zavr\u0161na kontraugao 115&#215;115"},"content":{"rendered":"<p>Plo\u010dica za bazenske zavr\u0161nica kontraugao, dimenzija 115x115mm.<\/p>\n<p>*Cena po komadu.<\/p>","protected":false},"excerpt":{"rendered":"<p>Plo\u010dica za bazenske zavr\u0161nica kontraugao, dimenzija 115x115mm. *Cena po komadu.<\/p>","protected":false},"featured_media":22885,"template":"","meta":[],"product_brand":[],"product_cat":[4994,4998,5042],"product_tag":[],"class_list":{"0":"post-22884","1":"product","2":"type-product","3":"status-publish","4":"has-post-thumbnail","6":"product_cat-obloge-za-bazene","7":"product_cat-plocice-za-bazene","8":"product_cat-zavrsne-prelivne-bazenske-plocice","10":"first","11":"instock","12":"sold-individually","13":"purchasable","14":"product-type-simple"},"_links":{"self":[{"href":"https:\/\/hidroterm.dmcsrbija.com\/ru\/wp-json\/wp\/v2\/product\/22884","targetHints":{"allow":["GET"]}}],"collection":[{"href":"https:\/\/hidroterm.dmcsrbija.com\/ru\/wp-json\/wp\/v2\/product"}],"about":[{"href":"https:\/\/hidroterm.dmcsrbija.com\/ru\/wp-json\/wp\/v2\/types\/product"}],"wp:featuredmedia":[{"embeddable":true,"href":"https:\/\/hidroterm.dmcsrbija.com\/ru\/wp-json\/wp\/v2\/media\/22885"}],"wp:attachment":[{"href":"https:\/\/hidroterm.dmcsrbija.com\/ru\/wp-json\/wp\/v2\/media?parent=22884"}],"wp:term":[{"taxonomy":"product_brand","embeddable":true,"href":"https:\/\/hidroterm.dmcsrbija.com\/ru\/wp-json\/wp\/v2\/product_brand?post=22884"},{"taxonomy":"product_cat","embeddable":true,"href":"https:\/\/hidroterm.dmcsrbija.com\/ru\/wp-json\/wp\/v2\/product_cat?post=22884"},{"taxonomy":"product_tag","embeddable":true,"href":"https:\/\/hidroterm.dmcsrbija.com\/ru\/wp-json\/wp\/v2\/product_tag?post=22884"}],"curies":[{"name":"wp","href":"https:\/\/api.w.org\/{rel}","templated":true}]}}