{"id":22853,"date":"2026-03-18T08:31:11","date_gmt":"2026-03-18T07:31:11","guid":{"rendered":"https:\/\/hidroterm.dmcsrbija.com\/proizvod\/teleskopska-sipka-astral-24-48m\/"},"modified":"2026-03-18T08:31:15","modified_gmt":"2026-03-18T07:31:15","slug":"teleskopska-sipka-astral-24-48m","status":"publish","type":"product","link":"https:\/\/hidroterm.dmcsrbija.com\/ru\/proizvod\/teleskopska-sipka-astral-24-48m\/","title":{"rendered":"Teleskopska \u0161ipka Astral 2,4-4,8m"},"content":{"rendered":"<p>Teleskopska \u0161ipka namenjena za lak\u0161e upravljanje papu\u010dom usisiva\u010da i\u00a0bolji pristup \u010di\u0161\u0107enju bazena.<\/p>","protected":false},"excerpt":{"rendered":"<p>Teleskopska \u0161ipka namenjena za lak\u0161e upravljanje papu\u010dom usisiva\u010da i\u00a0bolji pristup \u010di\u0161\u0107enju bazena.<\/p>","protected":false},"featured_media":22854,"template":"","meta":[],"product_brand":[],"product_cat":[4982,4984],"product_tag":[],"class_list":{"0":"post-22853","1":"product","2":"type-product","3":"status-publish","4":"has-post-thumbnail","6":"product_cat-oprema-za-odrzavanje-bazena","7":"product_cat-teleskopske-sipke","9":"first","10":"instock","11":"sold-individually","12":"purchasable","13":"product-type-simple"},"_links":{"self":[{"href":"https:\/\/hidroterm.dmcsrbija.com\/ru\/wp-json\/wp\/v2\/product\/22853","targetHints":{"allow":["GET"]}}],"collection":[{"href":"https:\/\/hidroterm.dmcsrbija.com\/ru\/wp-json\/wp\/v2\/product"}],"about":[{"href":"https:\/\/hidroterm.dmcsrbija.com\/ru\/wp-json\/wp\/v2\/types\/product"}],"wp:featuredmedia":[{"embeddable":true,"href":"https:\/\/hidroterm.dmcsrbija.com\/ru\/wp-json\/wp\/v2\/media\/22854"}],"wp:attachment":[{"href":"https:\/\/hidroterm.dmcsrbija.com\/ru\/wp-json\/wp\/v2\/media?parent=22853"}],"wp:term":[{"taxonomy":"product_brand","embeddable":true,"href":"https:\/\/hidroterm.dmcsrbija.com\/ru\/wp-json\/wp\/v2\/product_brand?post=22853"},{"taxonomy":"product_cat","embeddable":true,"href":"https:\/\/hidroterm.dmcsrbija.com\/ru\/wp-json\/wp\/v2\/product_cat?post=22853"},{"taxonomy":"product_tag","embeddable":true,"href":"https:\/\/hidroterm.dmcsrbija.com\/ru\/wp-json\/wp\/v2\/product_tag?post=22853"}],"curies":[{"name":"wp","href":"https:\/\/api.w.org\/{rel}","templated":true}]}}