{"id":22849,"date":"2026-03-18T08:31:11","date_gmt":"2026-03-18T07:31:11","guid":{"rendered":"https:\/\/hidroterm.dmcsrbija.com\/proizvod\/zimski-prekrivac-za-bazene-hu-6x3\/"},"modified":"2026-03-18T08:31:14","modified_gmt":"2026-03-18T07:31:14","slug":"zimski-prekrivac-za-bazene-hu-6x3","status":"publish","type":"product","link":"https:\/\/hidroterm.dmcsrbija.com\/ru\/proizvod\/zimski-prekrivac-za-bazene-hu-6x3\/","title":{"rendered":"Zimski prekriva\u010d za bazene HU 6&#215;3"},"content":{"rendered":"<p>Dimenzija prekriva\u010da: 7,8&#215;4,8m<\/p>\n<p>Pogodan je za bazen dimenzija: 6x3m<\/p>\n<p>Za zimsko zatvaranje bazena neophodno je postaviti zimski prekrivac kako bi ocuvali kvalitet vode u bazenu, kao i sam bazen.<\/p>\n<p>Zimski prekriva\u010d za bazen u srebrno\/crnoj boji izra\u0111en je od\u00a0laminirane polietilenske folije s debelim op\u0161ivanjem polietilena visoke gustine \u0161to osigurava\u00a0vrhunsku izdr\u017eljivost.<\/p>\n<p>Preklopi su tretirani tako da pru\u017eaju maksimalnu otpornost na ultra ljubi\u010daste zrake \u0161to omogu\u0107ava dugove\u010dnost. Debljina je 200 mikrona.<\/p>\n<p>Pre postavke zimskog prekriva\u010da, potrebno je isprazniti cevni razvod, spustiti nivo vode ispod skimera, postaviti \u010depove na mlaznice i za\u0161titu na skimere, postaviti plovke protiv leda, vazdu\u0161ne jastuke, tretirati bazen zimskom hemijom i postaviti hemiju koja \u0107e se cele zime rastapati u vodi bazena.<\/p>\n<p>Plovci protiv leda se postavljaju u obliku krsta. Teg je dimenzije 20,5 x 50cm.<\/p>\n<p>Potreban broj plovaka protiv leda je 18kom.<\/p>\n<p>Prekriva\u010d se pri\u010dvr\u0161\u0107uje vodenim tegovima.<\/p>\n<p>Dimenzija jednog tega je 2m. Okvrino je potrebno 9 tegova.<\/p>\n<p>Tegovi ne dolaze uz prekriva\u010d, kupuju se posebno.<\/p>\n<p>NAPOMENA &#8211; Preporu\u010dujemo da se vre\u0107a napuni vodom 1\/2 ili 3\/4 , da bi mogla da se pro\u0161iri kada se voda zamrzne .<\/p>\n<div style=\"width: 503px;max-width: 100%;margin: 0\"><iframe src=\"https:\/\/www.youtube.com\/embed\/R2RPfmoYSVk\" width=\"503\" height=\"283\" frameborder=\"0\" allowfullscreen=\"allowfullscreen\"><br \/>\n<\/iframe><\/div>\n<div><\/div>\n<div><\/div>\n<div style=\"width: 503px;max-width: 100%;margin: 0\"><iframe src=\"https:\/\/www.youtube.com\/embed\/LmYo2Qx4TLo\" width=\"503\" height=\"283\" frameborder=\"0\" allowfullscreen=\"allowfullscreen\"><br \/>\n<\/iframe><\/div>","protected":false},"excerpt":{"rendered":"<p>Zimski prekriva\u010d za bazen dimenzija 7,8&#215;4,8m, pogodan za bazen 6x3m, izra\u0111en je od izdr\u017eljive polietilenske folije koja \u0161titi bazen i vodu tokom zime. Zahteva plovke protiv leda i tegove (kupuju se posebno) za pravilno postavljanje.<\/p>","protected":false},"featured_media":22850,"template":"","meta":[],"product_brand":[],"product_cat":[4968,4969,4970],"product_tag":[],"class_list":{"0":"post-22849","1":"product","2":"type-product","3":"status-publish","4":"has-post-thumbnail","6":"product_cat-prekrivke-za-bazene","7":"product_cat-zimske-prekrivke-za-bazene","8":"product_cat-zimski-prekrivac-za-bazen-sa-vodenim-tegovima-nero","10":"first","11":"instock","12":"sold-individually","13":"purchasable","14":"product-type-simple"},"_links":{"self":[{"href":"https:\/\/hidroterm.dmcsrbija.com\/ru\/wp-json\/wp\/v2\/product\/22849","targetHints":{"allow":["GET"]}}],"collection":[{"href":"https:\/\/hidroterm.dmcsrbija.com\/ru\/wp-json\/wp\/v2\/product"}],"about":[{"href":"https:\/\/hidroterm.dmcsrbija.com\/ru\/wp-json\/wp\/v2\/types\/product"}],"wp:featuredmedia":[{"embeddable":true,"href":"https:\/\/hidroterm.dmcsrbija.com\/ru\/wp-json\/wp\/v2\/media\/22850"}],"wp:attachment":[{"href":"https:\/\/hidroterm.dmcsrbija.com\/ru\/wp-json\/wp\/v2\/media?parent=22849"}],"wp:term":[{"taxonomy":"product_brand","embeddable":true,"href":"https:\/\/hidroterm.dmcsrbija.com\/ru\/wp-json\/wp\/v2\/product_brand?post=22849"},{"taxonomy":"product_cat","embeddable":true,"href":"https:\/\/hidroterm.dmcsrbija.com\/ru\/wp-json\/wp\/v2\/product_cat?post=22849"},{"taxonomy":"product_tag","embeddable":true,"href":"https:\/\/hidroterm.dmcsrbija.com\/ru\/wp-json\/wp\/v2\/product_tag?post=22849"}],"curies":[{"name":"wp","href":"https:\/\/api.w.org\/{rel}","templated":true}]}}