{"id":22837,"date":"2026-03-18T08:31:11","date_gmt":"2026-03-18T07:31:11","guid":{"rendered":"https:\/\/hidroterm.dmcsrbija.com\/proizvod\/tropolozajni-ventil-za-filtere-emaux-50mm-v40-3\/"},"modified":"2026-03-18T08:31:12","modified_gmt":"2026-03-18T07:31:12","slug":"tropolozajni-ventil-za-filtere-emaux-50mm-v40-3","status":"publish","type":"product","link":"https:\/\/hidroterm.dmcsrbija.com\/ru\/proizvod\/tropolozajni-ventil-za-filtere-emaux-50mm-v40-3\/","title":{"rendered":"Tropolo\u017eajni ventil za filtere Emaux 50mm V40-3"},"content":{"rendered":"<p class=\"\" data-start=\"86\" data-end=\"153\"><strong data-start=\"86\" data-end=\"153\">Emaux Ventili \u2013 Vrhunski kvalitet i fleksibilnost u instalaciji<\/strong><\/p>\n<p class=\"\" data-start=\"155\" data-end=\"426\">Emaux ventili izra\u0111eni su od najkvalitetnijih uvoznih materijala, uz strogu kontrolu kvaliteta, \u0161to ih \u010dini pouzdanim izborom za bazenske i spa sisteme. Njihova vrhunska izrada i prilagodljivost u vodoinstalacijama omogu\u0107avaju brzu i jednostavnu monta\u017eu bez komplikacija.<\/p>\n<p class=\"\" data-start=\"428\" data-end=\"457\"><strong data-start=\"428\" data-end=\"457\">Karakteristike proizvoda:<\/strong><\/p>\n<ul data-start=\"458\" data-end=\"730\">\n<li class=\"\" data-start=\"458\" data-end=\"504\">\n<p class=\"\" data-start=\"460\" data-end=\"504\">Izra\u0111eni od izdr\u017eljivog ABS i PVC materijala<\/p>\n<\/li>\n<li class=\"\" data-start=\"505\" data-end=\"539\">\n<p class=\"\" data-start=\"507\" data-end=\"539\">Velika ru\u010dka za lako pode\u0161avanje<\/p>\n<\/li>\n<li class=\"\" data-start=\"540\" data-end=\"587\">\n<p class=\"\" data-start=\"542\" data-end=\"587\">Iznimno pouzdani i bez potrebe za odr\u017eavanjem<\/p>\n<\/li>\n<li class=\"\" data-start=\"588\" data-end=\"623\">\n<p class=\"\" data-start=\"590\" data-end=\"623\">Maksimalni radni pritisak: 4 bara<\/p>\n<\/li>\n<li class=\"\" data-start=\"624\" data-end=\"678\">\n<p class=\"\" data-start=\"626\" data-end=\"678\">Otporni na ekstremne hemijske i temperaturne promene<\/p>\n<\/li>\n<li class=\"\" data-start=\"679\" data-end=\"730\">\n<p class=\"\" data-start=\"681\" data-end=\"730\">Dostupni za PVC cevi: 1.5\u201d \/ 50 mm ili 2\u201d \/ 63 mm<\/p>\n<\/li>\n<\/ul>\n<p class=\"\" data-start=\"732\" data-end=\"797\">Idealni za profesionalnu upotrebu u bazenima i wellness centrima.<\/p>\n<p data-start=\"732\" data-end=\"797\"><img fetchpriority=\"high\" decoding=\"async\" class=\"alignnone wp-image-28191\" src=\"https:\/\/izgradnjabazena.rs\/wp-content\/uploads\/2022\/06\/Screenshot_6_b8acb-263x300.png\" alt=\"\" width=\"514\" height=\"586\" \/><\/p>","protected":false},"excerpt":{"rendered":"<p>Emaux ventili, izra\u0111eni od visokokvalitetnog ABS i PVC materijala, obezbe\u0111uju pouzdanu i jednostavnu instalaciju za bazene i spa sisteme, uz otpornost na hemikalije i temperaturu, radni pritisak do 4 bara i kompatibilnost sa 1.5&#8243;\/50 mm i 2&#8243;\/63 mm PVC cevima.<\/p>","protected":false},"featured_media":22838,"template":"","meta":[],"product_brand":[],"product_cat":[15],"product_tag":[],"class_list":{"0":"post-22837","1":"product","2":"type-product","3":"status-publish","4":"has-post-thumbnail","6":"product_cat-uncategorized","8":"first","9":"instock","10":"sold-individually","11":"purchasable","12":"product-type-simple"},"_links":{"self":[{"href":"https:\/\/hidroterm.dmcsrbija.com\/ru\/wp-json\/wp\/v2\/product\/22837","targetHints":{"allow":["GET"]}}],"collection":[{"href":"https:\/\/hidroterm.dmcsrbija.com\/ru\/wp-json\/wp\/v2\/product"}],"about":[{"href":"https:\/\/hidroterm.dmcsrbija.com\/ru\/wp-json\/wp\/v2\/types\/product"}],"wp:featuredmedia":[{"embeddable":true,"href":"https:\/\/hidroterm.dmcsrbija.com\/ru\/wp-json\/wp\/v2\/media\/22838"}],"wp:attachment":[{"href":"https:\/\/hidroterm.dmcsrbija.com\/ru\/wp-json\/wp\/v2\/media?parent=22837"}],"wp:term":[{"taxonomy":"product_brand","embeddable":true,"href":"https:\/\/hidroterm.dmcsrbija.com\/ru\/wp-json\/wp\/v2\/product_brand?post=22837"},{"taxonomy":"product_cat","embeddable":true,"href":"https:\/\/hidroterm.dmcsrbija.com\/ru\/wp-json\/wp\/v2\/product_cat?post=22837"},{"taxonomy":"product_tag","embeddable":true,"href":"https:\/\/hidroterm.dmcsrbija.com\/ru\/wp-json\/wp\/v2\/product_tag?post=22837"}],"curies":[{"name":"wp","href":"https:\/\/api.w.org\/{rel}","templated":true}]}}