{"id":22835,"date":"2026-03-18T08:31:11","date_gmt":"2026-03-18T07:31:11","guid":{"rendered":"https:\/\/hidroterm.dmcsrbija.com\/proizvod\/nejodirana-tabletirana-so-25kg\/"},"modified":"2026-03-18T08:31:12","modified_gmt":"2026-03-18T07:31:12","slug":"nejodirana-tabletirana-so-25kg","status":"publish","type":"product","link":"https:\/\/hidroterm.dmcsrbija.com\/ru\/proizvod\/nejodirana-tabletirana-so-25kg\/","title":{"rendered":"Nejodirana tabletirana so 25kg"},"content":{"rendered":"<h3 data-start=\"67\" data-end=\"143\"><strong data-start=\"71\" data-end=\"143\">Tabletirana so za bazene \u2013 za elektrolizu i omek\u0161avanje vode (25 kg)<\/strong><\/h3>\n<p data-start=\"145\" data-end=\"405\">Tabletirana so je namenjena za <strong data-start=\"176\" data-end=\"210\">bazene sa sistemom elektrolize<\/strong>, gde se prirodnim procesom iz soli stvara hlor za dezinfekciju vode \u2013 bez potrebe za dodatnim hemikalijama. Ovaj na\u010din odr\u017eavanja vode je <strong data-start=\"349\" data-end=\"404\">idealno re\u0161enje za osobe osetljive na klasi\u010dni hlor<\/strong>.<\/p>\n<p data-start=\"407\" data-end=\"555\">Osim za bazene, tabletirana so se koristi i za <strong data-start=\"454\" data-end=\"485\">ure\u0111aje za omek\u0161avanje vode<\/strong>, obezbe\u0111uju\u0107i optimalne performanse i produ\u017eeni vek trajanja sistema.<\/p>\n<h4 data-start=\"562\" data-end=\"586\"><\/h4>\n<h4 data-start=\"562\" data-end=\"586\"><strong data-start=\"567\" data-end=\"586\">Karakteristike:<\/strong><\/h4>\n<ul data-start=\"588\" data-end=\"808\">\n<li data-start=\"588\" data-end=\"680\">\n<p data-start=\"590\" data-end=\"680\">Proizvedena od <strong data-start=\"605\" data-end=\"654\">nejodirane, ekstra fine rekristalizovane soli<\/strong> visokog stepena \u010disto\u0107e<\/p>\n<\/li>\n<li data-start=\"681\" data-end=\"754\">\n<p data-start=\"683\" data-end=\"754\">Pogodna za <strong data-start=\"694\" data-end=\"730\">bazenske sisteme sa elektrolizom<\/strong> i <strong data-start=\"733\" data-end=\"752\">omek\u0161iva\u010de vode<\/strong><\/p>\n<\/li>\n<li data-start=\"755\" data-end=\"808\">\n<p data-start=\"757\" data-end=\"808\">Ne sadr\u017ei aditive i potpuno je bezbedna za upotrebu<\/p>\n<\/li>\n<\/ul>\n<h4 data-start=\"815\" data-end=\"834\"><\/h4>\n<h4 data-start=\"815\" data-end=\"834\"><strong data-start=\"820\" data-end=\"834\">Doziranje:<\/strong><\/h4>\n<ul data-start=\"836\" data-end=\"864\">\n<li data-start=\"836\" data-end=\"864\">\n<p data-start=\"838\" data-end=\"864\"><strong data-start=\"838\" data-end=\"864\">5 kg soli na 1 m\u00b3 vode<\/strong><\/p>\n<\/li>\n<\/ul>\n<p data-start=\"871\" data-end=\"894\"><strong data-start=\"874\" data-end=\"888\">Pakovanje:<\/strong> 25 kg<\/p>\n<p data-start=\"896\" data-end=\"1003\">\u00a0<strong data-start=\"899\" data-end=\"1003\">Efikasna, prirodna dezinfekcija bez hemikalija \u2013 izaberite tabletiranu so za zdraviju vodu u bazenu!<\/strong><\/p>","protected":false},"excerpt":{"rendered":"<p>Tabletirana so od 25 kg namenjena je za bazene sa elektrolizom i omek\u0161iva\u010de vode, obezbe\u0111uju\u0107i prirodnu dezinfekciju i visok nivo \u010disto\u0107e bez dodatka joda.<\/p>","protected":false},"featured_media":22836,"template":"","meta":[],"product_brand":[],"product_cat":[4986,5000],"product_tag":[],"class_list":{"0":"post-22835","1":"product","2":"type-product","3":"status-publish","4":"has-post-thumbnail","6":"product_cat-hemija-za-bazene-bazeni","7":"product_cat-hemija-za-letnje-odrzavanje-bazena","9":"first","10":"instock","11":"sold-individually","12":"purchasable","13":"product-type-simple"},"_links":{"self":[{"href":"https:\/\/hidroterm.dmcsrbija.com\/ru\/wp-json\/wp\/v2\/product\/22835","targetHints":{"allow":["GET"]}}],"collection":[{"href":"https:\/\/hidroterm.dmcsrbija.com\/ru\/wp-json\/wp\/v2\/product"}],"about":[{"href":"https:\/\/hidroterm.dmcsrbija.com\/ru\/wp-json\/wp\/v2\/types\/product"}],"wp:featuredmedia":[{"embeddable":true,"href":"https:\/\/hidroterm.dmcsrbija.com\/ru\/wp-json\/wp\/v2\/media\/22836"}],"wp:attachment":[{"href":"https:\/\/hidroterm.dmcsrbija.com\/ru\/wp-json\/wp\/v2\/media?parent=22835"}],"wp:term":[{"taxonomy":"product_brand","embeddable":true,"href":"https:\/\/hidroterm.dmcsrbija.com\/ru\/wp-json\/wp\/v2\/product_brand?post=22835"},{"taxonomy":"product_cat","embeddable":true,"href":"https:\/\/hidroterm.dmcsrbija.com\/ru\/wp-json\/wp\/v2\/product_cat?post=22835"},{"taxonomy":"product_tag","embeddable":true,"href":"https:\/\/hidroterm.dmcsrbija.com\/ru\/wp-json\/wp\/v2\/product_tag?post=22835"}],"curies":[{"name":"wp","href":"https:\/\/api.w.org\/{rel}","templated":true}]}}