{"id":22833,"date":"2026-03-18T08:31:11","date_gmt":"2026-03-18T07:31:11","guid":{"rendered":"https:\/\/hidroterm.dmcsrbija.com\/proizvod\/filter-emaux-max-side-10-m3-h-fi500mm-outlet-6-4-mfs20-70-kg\/"},"modified":"2026-03-18T08:31:12","modified_gmt":"2026-03-18T07:31:12","slug":"filter-emaux-max-side-10-m3-h-fi500mm-outlet-6-4-mfs20-70-kg","status":"publish","type":"product","link":"https:\/\/hidroterm.dmcsrbija.com\/ru\/proizvod\/filter-emaux-max-side-10-m3-h-fi500mm-outlet-6-4-mfs20-70-kg\/","title":{"rendered":"Filter Emaux Max Side 10 m3\/h fi500mm outlet 6\/4&#8243; MFS20 &#8211; 70 kg"},"content":{"rendered":"<p class=\"\" data-start=\"28\" data-end=\"376\"><strong data-start=\"28\" data-end=\"75\">KORISNI\u010cKI PRIJATELJSKI I INOVATIVAN DIZAJN<\/strong><br data-start=\"75\" data-end=\"78\" \/>Inovativni dizajn i napredna tehnologija kompanije Emaux pru\u017eaju superiorne performanse filtracije i kristalno \u010distu vodu. Max serija filtera ima rezervoar od jednog komada, bez spojeva, napravljen metodom brizganja u visokom densitetu polietilenu (HDPE) za upotrebu u te\u0161kim uslovima i pouzdanost.<\/p>\n<p class=\"\" data-start=\"378\" data-end=\"407\"><strong data-start=\"378\" data-end=\"406\">Karakteristike proizvoda<\/strong>:<\/p>\n<ul data-start=\"408\" data-end=\"655\">\n<li class=\"\" data-start=\"408\" data-end=\"468\">\n<p class=\"\" data-start=\"410\" data-end=\"468\"><strong data-start=\"410\" data-end=\"434\">Materijal rezervoara<\/strong>: HDPE (polietilen visoke gustine)<\/p>\n<\/li>\n<li class=\"\" data-start=\"469\" data-end=\"518\">\n<p class=\"\" data-start=\"471\" data-end=\"518\"><strong data-start=\"471\" data-end=\"500\">Maksimalni radni pritisak<\/strong>: 40 psi \/ 2.8 bar<\/p>\n<\/li>\n<li class=\"\" data-start=\"519\" data-end=\"561\">\n<p class=\"\" data-start=\"521\" data-end=\"561\"><strong data-start=\"521\" data-end=\"547\">Maksimalna temperatura<\/strong>: 50\u00b0C (122\u00b0F)<\/p>\n<\/li>\n<li class=\"\" data-start=\"562\" data-end=\"594\">\n<p class=\"\" data-start=\"564\" data-end=\"594\"><strong data-start=\"564\" data-end=\"594\">PVC i ABS lateralni sistem<\/strong><\/p>\n<\/li>\n<li class=\"\" data-start=\"595\" data-end=\"610\">\n<p class=\"\" data-start=\"597\" data-end=\"610\"><strong data-start=\"597\" data-end=\"610\">Manometar<\/strong><\/p>\n<\/li>\n<li class=\"\" data-start=\"611\" data-end=\"655\">\n<p class=\"\" data-start=\"613\" data-end=\"655\"><strong data-start=\"613\" data-end=\"655\">Univerzalna standardna priklju\u010dna veza<\/strong><\/p>\n<\/li>\n<\/ul>\n<p>Filter Emaux sa side ventilom namenjen za filtraciju vode u bazenu.<\/p>\n<p>Da bi voda u bazenu bila kristalno \u010dista, pored upotrebe hemije, potrebno je svakodnevno vr\u0161iti filtraciju vode uz pomo\u0107 pe\u0161\u010danog filtera.<\/p>\n<p>Od ispuna se moze koristiti kvarcni pesak, filtraciono staklo ili zeolit.<\/p>\n<p>Potrebna koli\u010dina ispune je 70kg<\/p>\n<p>Za \u010detiri sata pro\u010disti svu vodu iz bazena.<\/p>\n<p>Mo\u017ee biti postavljen ispod nivoa vode ili iznad.<\/p>\n<p>Na njemu se postavlja \u0161estopolo\u017eajni ventil koji slu\u017ei kao uredaj za upravljanje radom filtera.<\/p>\n<p><span style=\"color: #ff0000\"><em>*Na sve Emaux filtere, filter setove, pumpe i blovere mogu\u0107e je produ\u017eiti garanciju sa 2 na 5 godina uz doplatu od 100e (cena je bez PDV-a).<\/em><\/span><\/p>","protected":false},"excerpt":{"rendered":"<p>Max serija filtera sa jedinstvenim HDPE rezervoarom pru\u017ea izuzetnu filtraciju i pouzdanu dugotrajnost za te\u0161ke uslove upotrebe.<\/p>","protected":false},"featured_media":22834,"template":"","meta":[],"product_brand":[],"product_cat":[15],"product_tag":[],"class_list":{"0":"post-22833","1":"product","2":"type-product","3":"status-publish","4":"has-post-thumbnail","6":"product_cat-uncategorized","8":"first","9":"instock","10":"sold-individually","11":"purchasable","12":"product-type-simple"},"_links":{"self":[{"href":"https:\/\/hidroterm.dmcsrbija.com\/ru\/wp-json\/wp\/v2\/product\/22833","targetHints":{"allow":["GET"]}}],"collection":[{"href":"https:\/\/hidroterm.dmcsrbija.com\/ru\/wp-json\/wp\/v2\/product"}],"about":[{"href":"https:\/\/hidroterm.dmcsrbija.com\/ru\/wp-json\/wp\/v2\/types\/product"}],"wp:featuredmedia":[{"embeddable":true,"href":"https:\/\/hidroterm.dmcsrbija.com\/ru\/wp-json\/wp\/v2\/media\/22834"}],"wp:attachment":[{"href":"https:\/\/hidroterm.dmcsrbija.com\/ru\/wp-json\/wp\/v2\/media?parent=22833"}],"wp:term":[{"taxonomy":"product_brand","embeddable":true,"href":"https:\/\/hidroterm.dmcsrbija.com\/ru\/wp-json\/wp\/v2\/product_brand?post=22833"},{"taxonomy":"product_cat","embeddable":true,"href":"https:\/\/hidroterm.dmcsrbija.com\/ru\/wp-json\/wp\/v2\/product_cat?post=22833"},{"taxonomy":"product_tag","embeddable":true,"href":"https:\/\/hidroterm.dmcsrbija.com\/ru\/wp-json\/wp\/v2\/product_tag?post=22833"}],"curies":[{"name":"wp","href":"https:\/\/api.w.org\/{rel}","templated":true}]}}