{"id":22829,"date":"2026-03-18T08:31:02","date_gmt":"2026-03-18T07:31:02","guid":{"rendered":"https:\/\/hidroterm.dmcsrbija.com\/proizvod\/filter-set-emaux-fsu-ultra-5m3-h4m\/"},"modified":"2026-03-18T08:31:10","modified_gmt":"2026-03-18T07:31:10","slug":"filter-set-emaux-fsu-ultra-5m3-h4m","status":"publish","type":"product","link":"https:\/\/hidroterm.dmcsrbija.com\/ru\/proizvod\/filter-set-emaux-fsu-ultra-5m3-h4m\/","title":{"rendered":"Filter set Emaux FSU Ultra 5m3\/h(4m)"},"content":{"rendered":"<p class=\"\" data-start=\"0\" data-end=\"74\"><span class=\"relative -mx-px my-[-0.2rem] rounded px-px py-[0.2rem] transition-colors duration-100 ease-in-out\">Predstavljamo vam <strong data-start=\"18\" data-end=\"43\">Emaux FSU Ultra 5m\u00b3\/h<\/strong> \u2013 kompaktan i efikasan filter set dizajniran za nadzemne i manje ku\u0107ne bazene, koji kombinuje jednostavnu instalaciju, pouzdanu filtraciju i dugotrajnu izdr\u017eljivost.<\/span><\/p>\n<hr class=\"\" data-start=\"76\" data-end=\"79\" \/>\n<h3 class=\"\" data-start=\"81\" data-end=\"111\">\u00a0Tehni\u010dke karakteristike<\/h3>\n<ul data-start=\"113\" data-end=\"690\">\n<li class=\"\" data-start=\"113\" data-end=\"163\">\n<p class=\"\" data-start=\"115\" data-end=\"163\"><strong data-start=\"115\" data-end=\"125\">Model:<\/strong> <span class=\"relative -mx-px my-[-0.2rem] rounded px-px py-[0.2rem] transition-colors duration-100 ease-in-out\">FSU Ultra<\/span><\/p>\n<\/li>\n<li class=\"\" data-start=\"164\" data-end=\"229\">\n<p class=\"\" data-start=\"166\" data-end=\"229\"><strong data-start=\"166\" data-end=\"191\">Kapacitet filtracije:<\/strong> <span class=\"relative -mx-px my-[-0.2rem] rounded px-px py-[0.2rem] transition-colors duration-100 ease-in-out\">5 m\u00b3\/h pri visini od 4 metra<\/span><\/p>\n<\/li>\n<li class=\"\" data-start=\"230\" data-end=\"302\">\n<p class=\"\" data-start=\"232\" data-end=\"302\"><strong data-start=\"232\" data-end=\"262\">Pre\u010dnik filter rezervoara:<\/strong> <span class=\"relative -mx-px my-[-0.2rem] rounded px-px py-[0.2rem] transition-colors duration-100 ease-in-out\">325 mm<\/span><\/p>\n<\/li>\n<li class=\"\" data-start=\"303\" data-end=\"373\">\n<p class=\"\" data-start=\"305\" data-end=\"373\"><strong data-start=\"305\" data-end=\"333\">Potrebna koli\u010dina peska:<\/strong> <span class=\"relative -mx-px my-[-0.2rem] rounded px-px py-[0.2rem] transition-colors duration-100 ease-in-out\">17 kg (frakcija 0,5\u20131 mm)<\/span><\/p>\n<\/li>\n<li class=\"\" data-start=\"374\" data-end=\"446\">\n<p class=\"\" data-start=\"376\" data-end=\"446\"><strong data-start=\"376\" data-end=\"406\">Maksimalni radni pritisak:<\/strong> <span class=\"relative -mx-px my-[-0.2rem] rounded px-px py-[0.2rem] transition-colors duration-100 ease-in-out\">2 bara<\/span><\/p>\n<\/li>\n<li class=\"\" data-start=\"447\" data-end=\"486\">\n<p class=\"\" data-start=\"449\" data-end=\"486\"><strong data-start=\"449\" data-end=\"481\">Maksimalna temperatura vode:<\/strong> 40\u00b0C<\/p>\n<\/li>\n<li class=\"\" data-start=\"487\" data-end=\"544\">\n<p class=\"\" data-start=\"489\" data-end=\"544\"><strong data-start=\"489\" data-end=\"504\">Priklju\u010dci:<\/strong> <span class=\"relative -mx-px my-[-0.2rem] rounded px-px py-[0.2rem] transition-colors duration-100 ease-in-out\">32\/38 mm<\/span><\/p>\n<\/li>\n<li class=\"\" data-start=\"545\" data-end=\"597\">\n<p class=\"\" data-start=\"547\" data-end=\"597\"><strong data-start=\"547\" data-end=\"557\">Pumpa:<\/strong> <span class=\"relative -mx-px my-[-0.2rem] rounded px-px py-[0.2rem] transition-colors duration-100 ease-in-out\">Aqua-Mini AMU020TP, snage 0,2 kW<\/span><\/p>\n<\/li>\n<li class=\"\" data-start=\"598\" data-end=\"690\">\n<p class=\"\" data-start=\"600\" data-end=\"690\"><strong data-start=\"600\" data-end=\"611\">Ventil:<\/strong> <span class=\"relative -mx-px my-[-0.2rem] rounded px-px py-[0.2rem] transition-colors duration-100 ease-in-out\">4-smerni multiport ventil<\/span><\/p>\n<\/li>\n<\/ul>\n<hr class=\"\" data-start=\"692\" data-end=\"695\" \/>\n<h3 class=\"\" data-start=\"697\" data-end=\"721\">\u00a0Klju\u010dne prednosti<\/h3>\n<ul data-start=\"723\" data-end=\"1078\">\n<li class=\"\" data-start=\"723\" data-end=\"793\">\n<p class=\"\" data-start=\"725\" data-end=\"793\"><strong data-start=\"725\" data-end=\"753\">Jednostavna instalacija:<\/strong> <span class=\"relative -mx-px my-[-0.2rem] rounded px-px py-[0.2rem] transition-colors duration-100 ease-in-out\">\u201ePlug &amp; Play\u201c sistem sa unapred montiranim cevovodom i bazom omogu\u0107ava brzo i lako postavljanje.<\/span><\/p>\n<\/li>\n<li class=\"\" data-start=\"794\" data-end=\"853\">\n<p class=\"\" data-start=\"796\" data-end=\"853\"><strong data-start=\"796\" data-end=\"813\">Izdr\u017eljivost:<\/strong> <span class=\"relative -mx-px my-[-0.2rem] rounded px-px py-[0.2rem] transition-colors duration-100 ease-in-out\">Filter rezervoar izra\u0111en od UV-otpornog materijala garantuje dug vek trajanja i otpornost na spoljne uticaje.<\/span><\/p>\n<\/li>\n<li class=\"\" data-start=\"854\" data-end=\"920\">\n<p class=\"\" data-start=\"856\" data-end=\"920\"><strong data-start=\"856\" data-end=\"880\">Efikasna filtracija:<\/strong> <span class=\"relative -mx-px my-[-0.2rem] rounded px-px py-[0.2rem] transition-colors duration-100 ease-in-out\">4-smerni multiport ventil omogu\u0107ava razli\u010dite re\u017eime rada, uklju\u010duju\u0107i filtraciju, ispiranje i recirkulaciju.<\/span><\/p>\n<\/li>\n<li class=\"\" data-start=\"921\" data-end=\"975\">\n<p class=\"\" data-start=\"923\" data-end=\"975\"><strong data-start=\"923\" data-end=\"935\">Tih rad:<\/strong> <span class=\"relative -mx-px my-[-0.2rem] rounded px-px py-[0.2rem] transition-colors duration-100 ease-in-out\">Aqua-Mini pumpa poznata je po niskom nivou buke, \u0161to doprinosi udobnosti korisnika.<\/span><\/p>\n<\/li>\n<li class=\"\" data-start=\"976\" data-end=\"1078\">\n<p class=\"\" data-start=\"978\" data-end=\"1078\"><strong data-start=\"978\" data-end=\"999\">Kompaktan dizajn:<\/strong> <span class=\"relative -mx-px my-[-0.2rem] rounded px-px py-[0.2rem] transition-colors duration-100 ease-in-out\">Idealno za bazene srednje veli\u010dine, posebno nadzemne bazene i ku\u0107ne bazene.<\/span><\/p>\n<\/li>\n<\/ul>\n<hr class=\"\" data-start=\"1080\" data-end=\"1083\" \/>\n<h3 class=\"\" data-start=\"1085\" data-end=\"1110\">\u00a0Idealna primena<\/h3>\n<p class=\"\" data-start=\"1112\" data-end=\"1230\"><span class=\"relative -mx-px my-[-0.2rem] rounded px-px py-[0.2rem] transition-colors duration-100 ease-in-out\">Emaux FSU Ultra 5m\u00b3\/h je savr\u0161en za vlasnike bazena koji \u017eele pouzdan i efikasan sistem filtracije.<\/span> <span class=\"relative -mx-px my-[-0.2rem] rounded px-px py-[0.2rem] transition-colors duration-100 ease-in-out\">Njegova jednostavna instalacija i odr\u017eavanje \u010dine ga idealnim za ku\u0107ne bazene, dok njegov kompaktan dizajn omogu\u0107ava u\u0161tedu prostora.<\/span><\/p>\n<hr class=\"\" data-start=\"1232\" data-end=\"1235\" \/>\n<h3 class=\"\" data-start=\"1237\" data-end=\"1258\">\u00a0Sadr\u017eaj paketa<\/h3>\n<ul data-start=\"1260\" data-end=\"1466\">\n<li class=\"\" data-start=\"1260\" data-end=\"1301\">\n<p class=\"\" data-start=\"1262\" data-end=\"1301\"><span class=\"relative -mx-px my-[-0.2rem] rounded px-px py-[0.2rem] transition-colors duration-100 ease-in-out\">Filter rezervoar pre\u010dnika 325 mm<\/span><\/p>\n<\/li>\n<li class=\"\" data-start=\"1302\" data-end=\"1343\">\n<p class=\"\" data-start=\"1304\" data-end=\"1343\"><span class=\"relative -mx-px my-[-0.2rem] rounded px-px py-[0.2rem] transition-colors duration-100 ease-in-out\">Pumpa Aqua-Mini AMU020TP snage 0,2 kW<\/span><\/p>\n<\/li>\n<li class=\"\" data-start=\"1344\" data-end=\"1385\">\n<p class=\"\" data-start=\"1346\" data-end=\"1385\"><span class=\"relative -mx-px my-[-0.2rem] rounded px-px py-[0.2rem] transition-colors duration-100 ease-in-out\">4-smerni multiport ventil<\/span><\/p>\n<\/li>\n<li class=\"\" data-start=\"1386\" data-end=\"1466\">\n<p class=\"\" data-start=\"1388\" data-end=\"1466\"><span class=\"relative -mx-px my-[-0.2rem] rounded px-px py-[0.2rem] transition-colors duration-100 ease-in-out\">Monta\u017ena baza sa unapred instaliranim cevovodom<\/span><\/p>\n<\/li>\n<\/ul>\n<hr class=\"\" data-start=\"1468\" data-end=\"1471\" \/>\n<p class=\"\" data-start=\"1473\" data-end=\"1591\"><span class=\"relative -mx-px my-[-0.2rem] rounded px-px py-[0.2rem] transition-colors duration-100 ease-in-out\">Ukoliko tra\u017eite pouzdan, efikasan i dugotrajan sistem za filtraciju bazenske vode, <strong data-start=\"83\" data-end=\"108\">Emaux FSU Ultra 5m\u00b3\/h<\/strong> je pravi izbor za vas.<\/span> <span class=\"relative -mx-px my-[-0.2rem] rounded px-px py-[0.2rem] transition-colors duration-100 ease-in-out\">Njegove superiorne performanse i jednostavna upotreba garantuju kristalno \u010distu vodu u va\u0161em bazenu tokom cele sezone.<\/span><\/p>\n<p>Opcije:<\/p>\n<p>* garancija na pumpu 12 meseci<\/p>\n<p>* garancija na filter i mesni ventil 6 meseci<\/p>\n<p>&nbsp;<\/p>\n<p>&nbsp;<\/p>\n<p>&nbsp;<\/p>\n","protected":false},"excerpt":{"rendered":"<p>Emaux FSU Ultra 5m\u00b3\/h je kompaktan i efikasan filter set, idealan za nadzemne i manje ku\u0107ne bazene, koji kombinuje jednostavnu instalaciju, pouzdanu filtraciju i dugotrajnu izdr\u017eljivost.<\/p>","protected":false},"featured_media":22830,"template":"","meta":[],"product_brand":[],"product_cat":[5036,5035],"product_tag":[],"class_list":{"0":"post-22829","1":"product","2":"type-product","3":"status-publish","4":"has-post-thumbnail","6":"product_cat-emaux-filter-set","7":"product_cat-filter-setovi-pumpa-i-filter","9":"first","10":"instock","11":"sold-individually","12":"purchasable","13":"product-type-simple"},"_links":{"self":[{"href":"https:\/\/hidroterm.dmcsrbija.com\/ru\/wp-json\/wp\/v2\/product\/22829","targetHints":{"allow":["GET"]}}],"collection":[{"href":"https:\/\/hidroterm.dmcsrbija.com\/ru\/wp-json\/wp\/v2\/product"}],"about":[{"href":"https:\/\/hidroterm.dmcsrbija.com\/ru\/wp-json\/wp\/v2\/types\/product"}],"wp:featuredmedia":[{"embeddable":true,"href":"https:\/\/hidroterm.dmcsrbija.com\/ru\/wp-json\/wp\/v2\/media\/22830"}],"wp:attachment":[{"href":"https:\/\/hidroterm.dmcsrbija.com\/ru\/wp-json\/wp\/v2\/media?parent=22829"}],"wp:term":[{"taxonomy":"product_brand","embeddable":true,"href":"https:\/\/hidroterm.dmcsrbija.com\/ru\/wp-json\/wp\/v2\/product_brand?post=22829"},{"taxonomy":"product_cat","embeddable":true,"href":"https:\/\/hidroterm.dmcsrbija.com\/ru\/wp-json\/wp\/v2\/product_cat?post=22829"},{"taxonomy":"product_tag","embeddable":true,"href":"https:\/\/hidroterm.dmcsrbija.com\/ru\/wp-json\/wp\/v2\/product_tag?post=22829"}],"curies":[{"name":"wp","href":"https:\/\/api.w.org\/{rel}","templated":true}]}}