{"id":22818,"date":"2026-03-18T08:31:02","date_gmt":"2026-03-18T07:31:02","guid":{"rendered":"https:\/\/hidroterm.dmcsrbija.com\/proizvod\/zidni-panel-za-saunu-finska-omorika-2100x95x12mm\/"},"modified":"2026-03-18T08:31:08","modified_gmt":"2026-03-18T07:31:08","slug":"zidni-panel-za-saunu-finska-omorika-2100x95x12mm","status":"publish","type":"product","link":"https:\/\/hidroterm.dmcsrbija.com\/ru\/proizvod\/zidni-panel-za-saunu-finska-omorika-2100x95x12mm\/","title":{"rendered":"Zidni panel za saunu &#8211; Finska omorika 2100x95x12mm"},"content":{"rendered":"<p>Zidni paneli za saunu obi\u010dno se koriste kao unutra\u0161nja obloga za zidove saune kako bi se stvorila prirodna i topla atmosfera.<\/p>\n<p>Drveni zidni paneli su popularan izbor za oblaganje zidova u sauni. Drvo stvara prirodan i topli ambijent, pru\u017eaju\u0107i autenti\u010dno iskustvo saune.<\/p>\n<p>Va\u017eno je odabrati drvo koje je posebno obra\u0111eno za upotrebu u saunama kako bi se osigurala njegova otpornost na toplotu, vlagu i dezinfekcione tretmane.<\/p>\n<p>Zidni panel za saunu &#8211; Finska Omorika sa \u010dvorovima dimenzije 2100*95*12mm \/ kom .<\/p>\n<p>1m2 = 5kom<\/p>\n<p>*cena po komadu.<\/p>","protected":false},"excerpt":{"rendered":"<p>Zidni paneli za saunu obi\u010dno se koriste kao unutra\u0161nja obloga za zidove saune kako bi se stvorila prirodna i topla atmosfera. Drveni zidni paneli su popularan izbor za oblaganje zidova u sauni. Drvo stvara prirodan i topli ambijent, pru\u017eaju\u0107i autenti\u010dno iskustvo saune. Va\u017eno je odabrati drvo koje je posebno obra\u0111eno za upotrebu u saunama kako [&hellip;]<\/p>\n","protected":false},"featured_media":22819,"template":"","meta":[],"product_brand":[],"product_cat":[5026,5020,5019],"product_tag":[],"class_list":{"0":"post-22818","1":"product","2":"type-product","3":"status-publish","4":"has-post-thumbnail","6":"product_cat-drva-za-saunu","7":"product_cat-oprema-za-saune","8":"product_cat-saune","10":"first","11":"instock","12":"sold-individually","13":"purchasable","14":"product-type-simple"},"_links":{"self":[{"href":"https:\/\/hidroterm.dmcsrbija.com\/ru\/wp-json\/wp\/v2\/product\/22818","targetHints":{"allow":["GET"]}}],"collection":[{"href":"https:\/\/hidroterm.dmcsrbija.com\/ru\/wp-json\/wp\/v2\/product"}],"about":[{"href":"https:\/\/hidroterm.dmcsrbija.com\/ru\/wp-json\/wp\/v2\/types\/product"}],"wp:featuredmedia":[{"embeddable":true,"href":"https:\/\/hidroterm.dmcsrbija.com\/ru\/wp-json\/wp\/v2\/media\/22819"}],"wp:attachment":[{"href":"https:\/\/hidroterm.dmcsrbija.com\/ru\/wp-json\/wp\/v2\/media?parent=22818"}],"wp:term":[{"taxonomy":"product_brand","embeddable":true,"href":"https:\/\/hidroterm.dmcsrbija.com\/ru\/wp-json\/wp\/v2\/product_brand?post=22818"},{"taxonomy":"product_cat","embeddable":true,"href":"https:\/\/hidroterm.dmcsrbija.com\/ru\/wp-json\/wp\/v2\/product_cat?post=22818"},{"taxonomy":"product_tag","embeddable":true,"href":"https:\/\/hidroterm.dmcsrbija.com\/ru\/wp-json\/wp\/v2\/product_tag?post=22818"}],"curies":[{"name":"wp","href":"https:\/\/api.w.org\/{rel}","templated":true}]}}