{"id":22816,"date":"2026-03-18T08:31:02","date_gmt":"2026-03-18T07:31:02","guid":{"rendered":"https:\/\/hidroterm.dmcsrbija.com\/proizvod\/drveni-sat-za-saunu-svetli\/"},"modified":"2026-03-18T08:31:07","modified_gmt":"2026-03-18T07:31:07","slug":"drveni-sat-za-saunu-svetli","status":"publish","type":"product","link":"https:\/\/hidroterm.dmcsrbija.com\/ru\/proizvod\/drveni-sat-za-saunu-svetli\/","title":{"rendered":"Drveni sat za saunu- svetli"},"content":{"rendered":"<h2 data-start=\"96\" data-end=\"128\">Drveni sat za saunu \u2013 svetli <span data-sheets-value=\"{&quot;1&quot;:2,&quot;2&quot;:&quot;KD-304&quot;}\" data-sheets-userformat=\"{&quot;2&quot;:2112381,&quot;3&quot;:{&quot;1&quot;:0},&quot;5&quot;:{&quot;1&quot;:[{&quot;1&quot;:2,&quot;2&quot;:0,&quot;5&quot;:{&quot;1&quot;:2,&quot;2&quot;:0}},{&quot;1&quot;:0,&quot;2&quot;:0,&quot;3&quot;:3},{&quot;1&quot;:1,&quot;2&quot;:0,&quot;4&quot;:1}]},&quot;6&quot;:{&quot;1&quot;:[{&quot;1&quot;:2,&quot;2&quot;:0,&quot;5&quot;:{&quot;1&quot;:2,&quot;2&quot;:0}},{&quot;1&quot;:0,&quot;2&quot;:0,&quot;3&quot;:3},{&quot;1&quot;:1,&quot;2&quot;:0,&quot;4&quot;:1}]},&quot;7&quot;:{&quot;1&quot;:[{&quot;1&quot;:2,&quot;2&quot;:0,&quot;5&quot;:{&quot;1&quot;:2,&quot;2&quot;:0}},{&quot;1&quot;:0,&quot;2&quot;:0,&quot;3&quot;:3},{&quot;1&quot;:1,&quot;2&quot;:0,&quot;4&quot;:1}]},&quot;8&quot;:{&quot;1&quot;:[{&quot;1&quot;:2,&quot;2&quot;:0,&quot;5&quot;:{&quot;1&quot;:2,&quot;2&quot;:0}},{&quot;1&quot;:0,&quot;2&quot;:0,&quot;3&quot;:3},{&quot;1&quot;:1,&quot;2&quot;:0,&quot;4&quot;:1}]},&quot;9&quot;:1,&quot;11&quot;:0,&quot;12&quot;:0,&quot;14&quot;:{&quot;1&quot;:2,&quot;2&quot;:0},&quot;15&quot;:&quot;Arial&quot;,&quot;16&quot;:10,&quot;24&quot;:{&quot;1&quot;:0,&quot;2&quot;:3,&quot;3&quot;:0,&quot;4&quot;:3}}\">KD-304<\/span><\/h2>\n<p>&nbsp;<\/p>\n<p data-start=\"130\" data-end=\"387\"><strong data-start=\"130\" data-end=\"162\">Drveni sat za saunu \u2013 svetli<\/strong> je prakti\u010dan i estetski dodatak svakoj sauni, namenjen za pra\u0107enje vremena tokom sauna seanse. Izra\u0111en od kvalitetnog svetlog drveta, savr\u0161eno se uklapa u prirodan ambijent saune i doprinosi toploj i opu\u0161taju\u0107oj atmosferi.<\/p>\n<p data-start=\"389\" data-end=\"655\">Sat je dizajniran za rad u uslovima visoke temperature i vlage, omogu\u0107avaju\u0107i pouzdano i jasno o\u010ditavanje vremena bez potrebe za elektri\u010dnim napajanjem ili dodatnim odr\u017eavanjem. Idealan je za kontrolu trajanja boravka u sauni i bezbedno u\u017eivanje u sauna ritualima.<\/p>\n<p data-start=\"389\" data-end=\"655\">\n<h3 data-start=\"657\" data-end=\"690\"><strong data-start=\"657\" data-end=\"688\">Karakteristike i prednosti:<\/strong><\/h3>\n<ul data-start=\"692\" data-end=\"943\">\n<li data-start=\"692\" data-end=\"724\">\n<p data-start=\"694\" data-end=\"724\">Namenjen za upotrebu u sauni<\/p>\n<\/li>\n<li data-start=\"725\" data-end=\"766\">\n<p data-start=\"727\" data-end=\"766\">Izra\u0111en od kvalitetnog svetlog drveta<\/p>\n<\/li>\n<li data-start=\"767\" data-end=\"808\">\n<p data-start=\"769\" data-end=\"808\">Otporan na visoke temperature i vlagu<\/p>\n<\/li>\n<li data-start=\"809\" data-end=\"849\">\n<p data-start=\"811\" data-end=\"849\">Jasno i pregledno o\u010ditavanje vremena<\/p>\n<\/li>\n<li data-start=\"850\" data-end=\"906\">\n<p data-start=\"852\" data-end=\"906\">Poma\u017ee u bezbednom i pravilnom trajanju sauna seanse<\/p>\n<\/li>\n<li data-start=\"907\" data-end=\"943\">\n<p data-start=\"909\" data-end=\"943\">Jednostavna monta\u017ea na zid saune<\/p>\n<\/li>\n<\/ul>\n<p data-start=\"945\" data-end=\"1282\"><br data-start=\"954\" data-end=\"957\" \/>Drveni sat za saunu \u2013 svetli predstavlja spoj funkcionalnosti i prirodnog dizajna. Zahvaljuju\u0107i neutralnoj boji drveta, lako se uklapa u razli\u010dite stilove sauna enterijera, bilo da je u pitanju privatna ili profesionalna sauna. Neizostavan je dodatak za sve koji \u017eele potpunu kontrolu vremena i maksimalno u\u017eivanje u sauni.<\/p>\n<p>&nbsp;<\/p>\n","protected":false},"excerpt":{"rendered":"<p>Drveni sat za saunu \u2013 svetli KD-304 &nbsp; Drveni sat za saunu \u2013 svetli je prakti\u010dan i estetski dodatak svakoj sauni, namenjen za pra\u0107enje vremena tokom sauna seanse. Izra\u0111en od kvalitetnog svetlog drveta, savr\u0161eno se uklapa u prirodan ambijent saune i doprinosi toploj i opu\u0161taju\u0107oj atmosferi. Sat je dizajniran za rad u uslovima visoke temperature [&hellip;]<\/p>\n","protected":false},"featured_media":22817,"template":"","meta":[],"product_brand":[],"product_cat":[5030,5020,5019],"product_tag":[],"class_list":{"0":"post-22816","1":"product","2":"type-product","3":"status-publish","4":"has-post-thumbnail","6":"product_cat-drveni-sat","7":"product_cat-oprema-za-saune","8":"product_cat-saune","10":"first","11":"instock","12":"sold-individually","13":"purchasable","14":"product-type-simple"},"_links":{"self":[{"href":"https:\/\/hidroterm.dmcsrbija.com\/ru\/wp-json\/wp\/v2\/product\/22816","targetHints":{"allow":["GET"]}}],"collection":[{"href":"https:\/\/hidroterm.dmcsrbija.com\/ru\/wp-json\/wp\/v2\/product"}],"about":[{"href":"https:\/\/hidroterm.dmcsrbija.com\/ru\/wp-json\/wp\/v2\/types\/product"}],"wp:featuredmedia":[{"embeddable":true,"href":"https:\/\/hidroterm.dmcsrbija.com\/ru\/wp-json\/wp\/v2\/media\/22817"}],"wp:attachment":[{"href":"https:\/\/hidroterm.dmcsrbija.com\/ru\/wp-json\/wp\/v2\/media?parent=22816"}],"wp:term":[{"taxonomy":"product_brand","embeddable":true,"href":"https:\/\/hidroterm.dmcsrbija.com\/ru\/wp-json\/wp\/v2\/product_brand?post=22816"},{"taxonomy":"product_cat","embeddable":true,"href":"https:\/\/hidroterm.dmcsrbija.com\/ru\/wp-json\/wp\/v2\/product_cat?post=22816"},{"taxonomy":"product_tag","embeddable":true,"href":"https:\/\/hidroterm.dmcsrbija.com\/ru\/wp-json\/wp\/v2\/product_tag?post=22816"}],"curies":[{"name":"wp","href":"https:\/\/api.w.org\/{rel}","templated":true}]}}