{"id":22789,"date":"2026-03-18T08:30:57","date_gmt":"2026-03-18T07:30:57","guid":{"rendered":"https:\/\/hidroterm.dmcsrbija.com\/proizvod\/epoxycoat-s-96kg-200-300g-m2-za-1-sloj\/"},"modified":"2026-03-18T08:31:01","modified_gmt":"2026-03-18T07:31:01","slug":"epoxycoat-s-96kg-200-300g-m2-za-1-sloj","status":"publish","type":"product","link":"https:\/\/hidroterm.dmcsrbija.com\/ru\/proizvod\/epoxycoat-s-96kg-200-300g-m2-za-1-sloj\/","title":{"rendered":"EpoxyCoat S 9,6kg 200-300g\/m2 za 1 sloj"},"content":{"rendered":"<p>Dvokomponentni epoksidni premaz sa sadr\u017eajem rastvara\u010da. Poseduje veliku otpornost na abraziju, dejstvo hemikalija i klimatske uslove, kao i poja\u010danu fleksibilnost. Idealan za bojenje bazena za plivanje.<br \/>\nSertifikovan je CE oznakom i klasifikovan kao premaz za povr\u0161insku za\u0161titu betona prema EN 1504-2.<\/p>\n<p>1kanta = 45m2 cca<\/p>\n<p>Cena po kg.<\/p>","protected":false},"excerpt":{"rendered":"<p>Dvokomponentni epoksidni premaz sa sadr\u017eajem rastvara\u010da. Poseduje veliku otpornost na abraziju, dejstvo hemikalija i klimatske uslove, kao i poja\u010danu fleksibilnost. Idealan za bojenje bazena za plivanje. Sertifikovan je CE oznakom i klasifikovan kao premaz za povr\u0161insku za\u0161titu betona prema EN 1504-2. 1kanta = 45m2 cca Cena po kg.<\/p>","protected":false},"featured_media":22790,"template":"","meta":[],"product_brand":[],"product_cat":[5018,4994],"product_tag":[],"class_list":{"0":"post-22789","1":"product","2":"type-product","3":"status-publish","4":"has-post-thumbnail","6":"product_cat-boja-farba-za-bazene","7":"product_cat-obloge-za-bazene","9":"first","10":"instock","11":"sold-individually","12":"purchasable","13":"product-type-simple"},"_links":{"self":[{"href":"https:\/\/hidroterm.dmcsrbija.com\/ru\/wp-json\/wp\/v2\/product\/22789","targetHints":{"allow":["GET"]}}],"collection":[{"href":"https:\/\/hidroterm.dmcsrbija.com\/ru\/wp-json\/wp\/v2\/product"}],"about":[{"href":"https:\/\/hidroterm.dmcsrbija.com\/ru\/wp-json\/wp\/v2\/types\/product"}],"wp:featuredmedia":[{"embeddable":true,"href":"https:\/\/hidroterm.dmcsrbija.com\/ru\/wp-json\/wp\/v2\/media\/22790"}],"wp:attachment":[{"href":"https:\/\/hidroterm.dmcsrbija.com\/ru\/wp-json\/wp\/v2\/media?parent=22789"}],"wp:term":[{"taxonomy":"product_brand","embeddable":true,"href":"https:\/\/hidroterm.dmcsrbija.com\/ru\/wp-json\/wp\/v2\/product_brand?post=22789"},{"taxonomy":"product_cat","embeddable":true,"href":"https:\/\/hidroterm.dmcsrbija.com\/ru\/wp-json\/wp\/v2\/product_cat?post=22789"},{"taxonomy":"product_tag","embeddable":true,"href":"https:\/\/hidroterm.dmcsrbija.com\/ru\/wp-json\/wp\/v2\/product_tag?post=22789"}],"curies":[{"name":"wp","href":"https:\/\/api.w.org\/{rel}","templated":true}]}}