{"id":22787,"date":"2026-03-18T08:30:57","date_gmt":"2026-03-18T07:30:57","guid":{"rendered":"https:\/\/hidroterm.dmcsrbija.com\/proizvod\/isomat-multifill-epoxy-cleaner-075l\/"},"modified":"2026-03-18T08:31:01","modified_gmt":"2026-03-18T07:31:01","slug":"isomat-multifill-epoxy-cleaner-075l","status":"publish","type":"product","link":"https:\/\/hidroterm.dmcsrbija.com\/ru\/proizvod\/isomat-multifill-epoxy-cleaner-075l\/","title":{"rendered":"Isomat Multifill Epoxy Cleaner 0,75l"},"content":{"rendered":"<h5 data-start=\"129\" data-end=\"203\">MULTIFILL EPOXY CLEANER \u2013 Gel za uklanjanje o\u010dvrsle epoksidne fug mase<\/h5>\n<p data-start=\"205\" data-end=\"472\"><strong data-start=\"205\" data-end=\"232\">MULTIFILL EPOXY CLEANER<\/strong> je specijalni gel za \u010di\u0161\u0107enje namenjen efikasnom uklanjanju ostataka o\u010dvrsle epoksidne fug mase sa povr\u0161ine plo\u010dica. Idealan je za situacije kada tokom fugovanja nije obavljeno adekvatno \u010di\u0161\u0107enje, pa su na keramici ostali tragovi epoksida. Zahvaljuju\u0107i sna\u017enoj me\u0161avini aktivnih razre\u0111iva\u010da, gel omek\u0161ava i rastvara o\u010dvrsle ostatke epoksidne mase kao \u0161to su <strong data-start=\"592\" data-end=\"617\">MULTIFILL-EPOXY THIXO<\/strong> i <strong data-start=\"620\" data-end=\"644\">MULTIFILL-EPOXY FLOW<\/strong>, bez o\u0161te\u0107enja povr\u0161ine plo\u010dica.<\/p>\n<p data-start=\"679\" data-end=\"836\">Proizvod je pogodan za <strong data-start=\"702\" data-end=\"740\">horizontalne i vertikalne povr\u0161ine<\/strong>, \u0161to ga \u010dini prakti\u010dnim za podove, zidove, kupatila, kuhinje, bazene i druge zahtevne povr\u0161ine.<\/p>\n<h6 data-start=\"838\" data-end=\"862\">Prednosti proizvoda:<\/h6>\n<ul data-start=\"863\" data-end=\"1097\">\n<li data-start=\"863\" data-end=\"918\">\n<p data-start=\"865\" data-end=\"918\">Efikasno uklanja o\u010dvrsle ostatke epoksidne fug mase<\/p>\n<\/li>\n<li data-start=\"919\" data-end=\"985\">\n<p data-start=\"921\" data-end=\"985\">Gelasta struktura omogu\u0107ava lako nano\u0161enje i dobro prijanjanje<\/p>\n<\/li>\n<li data-start=\"986\" data-end=\"1023\">\n<p data-start=\"988\" data-end=\"1023\">Pogodan za zidne i podne povr\u0161ine<\/p>\n<\/li>\n<li data-start=\"1024\" data-end=\"1051\">\n<p data-start=\"1026\" data-end=\"1051\">Ne zahteva razre\u0111ivanje<\/p>\n<\/li>\n<li data-start=\"1052\" data-end=\"1097\">\n<p data-start=\"1054\" data-end=\"1097\">Idealan za profesionalnu i ku\u0107nu upotrebu<\/p>\n<\/li>\n<\/ul>\n<h6 data-start=\"1099\" data-end=\"1118\">Na\u010din upotrebe:<\/h6>\n<p data-start=\"1119\" data-end=\"1492\">MULTIFILL EPOXY CLEANER se nanosi <strong data-start=\"1153\" data-end=\"1167\">nerazre\u0111en<\/strong>, pomo\u0107u \u010detke ili gleterice, direktno na o\u010dvrsle ostatke epoksidne fug mase. Ostavlja se da deluje <strong data-start=\"1267\" data-end=\"1285\">od 1 do 8 sati<\/strong>, u zavisnosti od debljine i veli\u010dine ostataka.<br data-start=\"1332\" data-end=\"1335\" \/>Nakon \u0161to se masa razmek\u0161a, uklanja se metalnom gletericom ili \u0161pahtlom, a povr\u0161ina se <strong data-start=\"1422\" data-end=\"1452\">obilno ispira \u010distom vodom<\/strong>. Po potrebi, postupak se mo\u017ee ponoviti.<\/p>\n<p data-start=\"1119\" data-end=\"1492\">Cena po pakovanju.<\/p>","protected":false},"excerpt":{"rendered":"<p>MULTIFILL EPOXY CLEANER \u2013 Gel za uklanjanje o\u010dvrsle epoksidne fug mase MULTIFILL EPOXY CLEANER je specijalni gel za \u010di\u0161\u0107enje namenjen efikasnom uklanjanju ostataka o\u010dvrsle epoksidne fug mase sa povr\u0161ine plo\u010dica. Idealan je za situacije kada tokom fugovanja nije obavljeno adekvatno \u010di\u0161\u0107enje, pa su na keramici ostali tragovi epoksida. Zahvaljuju\u0107i sna\u017enoj me\u0161avini aktivnih razre\u0111iva\u010da, gel omek\u0161ava [&hellip;]<\/p>\n","protected":false},"featured_media":22788,"template":"","meta":[],"product_brand":[],"product_cat":[5012,5006],"product_tag":[],"class_list":{"0":"post-22787","1":"product","2":"type-product","3":"status-publish","4":"has-post-thumbnail","6":"product_cat-fug-masa","7":"product_cat-gradjevinski-materijal","9":"first","10":"instock","11":"sold-individually","12":"purchasable","13":"product-type-simple"},"_links":{"self":[{"href":"https:\/\/hidroterm.dmcsrbija.com\/ru\/wp-json\/wp\/v2\/product\/22787","targetHints":{"allow":["GET"]}}],"collection":[{"href":"https:\/\/hidroterm.dmcsrbija.com\/ru\/wp-json\/wp\/v2\/product"}],"about":[{"href":"https:\/\/hidroterm.dmcsrbija.com\/ru\/wp-json\/wp\/v2\/types\/product"}],"wp:featuredmedia":[{"embeddable":true,"href":"https:\/\/hidroterm.dmcsrbija.com\/ru\/wp-json\/wp\/v2\/media\/22788"}],"wp:attachment":[{"href":"https:\/\/hidroterm.dmcsrbija.com\/ru\/wp-json\/wp\/v2\/media?parent=22787"}],"wp:term":[{"taxonomy":"product_brand","embeddable":true,"href":"https:\/\/hidroterm.dmcsrbija.com\/ru\/wp-json\/wp\/v2\/product_brand?post=22787"},{"taxonomy":"product_cat","embeddable":true,"href":"https:\/\/hidroterm.dmcsrbija.com\/ru\/wp-json\/wp\/v2\/product_cat?post=22787"},{"taxonomy":"product_tag","embeddable":true,"href":"https:\/\/hidroterm.dmcsrbija.com\/ru\/wp-json\/wp\/v2\/product_tag?post=22787"}],"curies":[{"name":"wp","href":"https:\/\/api.w.org\/{rel}","templated":true}]}}