{"id":22783,"date":"2026-03-18T08:30:57","date_gmt":"2026-03-18T07:30:57","guid":{"rendered":"https:\/\/hidroterm.dmcsrbija.com\/proizvod\/isomat-multifill-smalto-bela-20kg\/"},"modified":"2026-03-18T08:31:00","modified_gmt":"2026-03-18T07:31:00","slug":"isomat-multifill-smalto-bela-20kg","status":"publish","type":"product","link":"https:\/\/hidroterm.dmcsrbija.com\/ru\/proizvod\/isomat-multifill-smalto-bela-20kg\/","title":{"rendered":"Isomat Multifill Smalto bela 20kg"},"content":{"rendered":"<h6 data-start=\"183\" data-end=\"243\">MULTIFILL SMALTO 1-8 \u2013 cementna masa za fugovanje 1\u20138 mm<\/h6>\n<p data-start=\"245\" data-end=\"569\">MULTIFILL SMALTO 1-8 je obojena masa za fugovanje na bazi cementa, oboga\u0107ena smolama, koja obezbe\u0111uje visoku mehani\u010dku \u010dvrsto\u0107u, odli\u010dnu stabilnost boje i pove\u0107anu vodonepropusnost. Sadr\u017ei specijalne antibakterijske dodatke koji spre\u010davaju razvoj bakterija u fugama, \u010dime doprinosi higijeni i dugotrajnosti zavr\u0161ne povr\u0161ine.<\/p>\n<p data-start=\"571\" data-end=\"752\">Povr\u0161ina fuge je sjajna i glatka, a masa omogu\u0107ava popunjavanje fuga \u0161irine od <strong data-start=\"650\" data-end=\"663\">1 do 8 mm<\/strong>. Proizvod je klasifikovan kao <strong data-start=\"694\" data-end=\"704\">CG2 WA<\/strong> masa za fugovanje prema standardu <strong data-start=\"739\" data-end=\"751\">EN 13888<\/strong>.<\/p>\n<p data-start=\"754\" data-end=\"863\">MULTIFILL SMALTO 1-8 se koristi za fugovanje podnih i zidnih plo\u010dica, za <strong data-start=\"827\" data-end=\"862\">unutra\u0161nju i spolja\u0161nju primenu<\/strong>.<\/p>\n<p data-start=\"865\" data-end=\"984\">Pre nano\u0161enja, podloga prekrivena plo\u010dicama mora biti potpuno \u010dista. Fuge se pa\u017eljivo o\u010diste i navla\u017ee mokrim sun\u0111erom.<\/p>\n<p data-start=\"986\" data-end=\"1222\">Masa se postepeno dodaje u vodu uz stalno me\u0161anje, dok se ne dobije homogena pasta. Preporu\u010duje se upotreba miksera sa niskim brojem obrtaja. Nakon me\u0161anja, sme\u0161a se ostavlja da miruje oko <strong data-start=\"1175\" data-end=\"1187\">3 minuta<\/strong>, a zatim se ponovo kratko prome\u0161a.<\/p>\n<p data-start=\"1224\" data-end=\"1432\"><strong data-start=\"1224\" data-end=\"1238\">Potro\u0161nja:<\/strong><br data-start=\"1238\" data-end=\"1241\" \/>Orijentaciona potro\u0161nja iznosi <strong data-start=\"1272\" data-end=\"1289\">0,2\u20132,0 kg\/m\u00b2<\/strong>, u zavisnosti od dimenzija plo\u010dica i \u0161irine fuge.<br data-start=\"1339\" data-end=\"1342\" \/>Za stakleni mozaik dimenzija <strong data-start=\"1371\" data-end=\"1389\">20 \u00d7 20 \u00d7 4 mm<\/strong>, potro\u0161nja je pribli\u017eno <strong data-start=\"1414\" data-end=\"1431\">1,3\u20131,5 kg\/m\u00b2<\/strong>.<\/p>\n<p data-start=\"1224\" data-end=\"1432\">Cena po pakovanju.<\/p>\n<p>&nbsp;<\/p>","protected":false},"excerpt":{"rendered":"<p>MULTIFILL SMALTO 1-8 \u2013 cementna masa za fugovanje 1\u20138 mm MULTIFILL SMALTO 1-8 je obojena masa za fugovanje na bazi cementa, oboga\u0107ena smolama, koja obezbe\u0111uje visoku mehani\u010dku \u010dvrsto\u0107u, odli\u010dnu stabilnost boje i pove\u0107anu vodonepropusnost. Sadr\u017ei specijalne antibakterijske dodatke koji spre\u010davaju razvoj bakterija u fugama, \u010dime doprinosi higijeni i dugotrajnosti zavr\u0161ne povr\u0161ine. Povr\u0161ina fuge je sjajna [&hellip;]<\/p>\n","protected":false},"featured_media":22784,"template":"","meta":[],"product_brand":[],"product_cat":[5012,5006],"product_tag":[],"class_list":{"0":"post-22783","1":"product","2":"type-product","3":"status-publish","4":"has-post-thumbnail","6":"product_cat-fug-masa","7":"product_cat-gradjevinski-materijal","9":"first","10":"instock","11":"sold-individually","12":"purchasable","13":"product-type-simple"},"_links":{"self":[{"href":"https:\/\/hidroterm.dmcsrbija.com\/ru\/wp-json\/wp\/v2\/product\/22783","targetHints":{"allow":["GET"]}}],"collection":[{"href":"https:\/\/hidroterm.dmcsrbija.com\/ru\/wp-json\/wp\/v2\/product"}],"about":[{"href":"https:\/\/hidroterm.dmcsrbija.com\/ru\/wp-json\/wp\/v2\/types\/product"}],"wp:featuredmedia":[{"embeddable":true,"href":"https:\/\/hidroterm.dmcsrbija.com\/ru\/wp-json\/wp\/v2\/media\/22784"}],"wp:attachment":[{"href":"https:\/\/hidroterm.dmcsrbija.com\/ru\/wp-json\/wp\/v2\/media?parent=22783"}],"wp:term":[{"taxonomy":"product_brand","embeddable":true,"href":"https:\/\/hidroterm.dmcsrbija.com\/ru\/wp-json\/wp\/v2\/product_brand?post=22783"},{"taxonomy":"product_cat","embeddable":true,"href":"https:\/\/hidroterm.dmcsrbija.com\/ru\/wp-json\/wp\/v2\/product_cat?post=22783"},{"taxonomy":"product_tag","embeddable":true,"href":"https:\/\/hidroterm.dmcsrbija.com\/ru\/wp-json\/wp\/v2\/product_tag?post=22783"}],"curies":[{"name":"wp","href":"https:\/\/api.w.org\/{rel}","templated":true}]}}