{"id":22779,"date":"2026-03-18T08:30:57","date_gmt":"2026-03-18T07:30:57","guid":{"rendered":"https:\/\/hidroterm.dmcsrbija.com\/proizvod\/isomat-ak-25-beli-25kg\/"},"modified":"2026-03-18T08:31:00","modified_gmt":"2026-03-18T07:31:00","slug":"isomat-ak-25-beli-25kg","status":"publish","type":"product","link":"https:\/\/hidroterm.dmcsrbija.com\/ru\/proizvod\/isomat-ak-25-beli-25kg\/","title":{"rendered":"Isomat AK 25 beli  (25kg)"},"content":{"rendered":"<p data-start=\"117\" data-end=\"605\"><strong data-start=\"117\" data-end=\"146\">Isomat AK 25 Beli (25 kg)<\/strong> je visoko kvalitetan, polimer-modifikovani i izuzetno elasti\u010dan lepak za plo\u010dice, namenjen za zahtevne uslove ugradnje. Odlikuje ga sna\u017ena adhezija i produ\u017eeno otvoreno vreme rada, \u0161to omogu\u0107ava lak\u0161u i sigurniju ugradnju plo\u010dica, \u010dak i na podlogama koje su podlo\u017ene vibracijama i deformacijama. Zahvaljuju\u0107i visokoj elasti\u010dnosti klase S2 i odsustvu vertikalnog klizanja, obezbe\u0111uje dugotrajan i stabilan rezultat kako na zidnim, tako i na podnim povr\u0161inama.<\/p>\n<p data-start=\"607\" data-end=\"1108\">Isomat AK 25 je posebno pogodan za primenu u prostorima izlo\u017eenim vlazi i temperaturnim promenama, kao \u0161to su bazeni, kupatila, terase i podovi sa podnim grejanjem. Mo\u017ee se koristiti za lepljenje svih vrsta plo\u010dica na beton, ko\u0161uljice, malter, stare plo\u010dice, metalne povr\u0161ine i gips-kartonske plo\u010de, kako u unutra\u0161njim, tako i u spolja\u0161njim prostorima. Njegove tehni\u010dke karakteristike \u010dine ga pouzdanim re\u0161enjem za profesionalne radove gde su potrebni visoka elasti\u010dnost, otpornost i dug vek trajanja.<\/p>\n<p data-start=\"1110\" data-end=\"1248\">Potro\u0161nja lepka iznosi pribli\u017eno <strong data-start=\"1143\" data-end=\"1163\">1,5 do 4,0 kg\/m\u00b2<\/strong>, u zavisnosti od ravnosti podloge, veli\u010dine plo\u010dica i odabrane nazubljene gleterice.<\/p>\n<p data-start=\"1110\" data-end=\"1248\">Cena po pakovanju.<\/p>\n<p>&nbsp;<\/p>","protected":false},"excerpt":{"rendered":"<p>Isomat AK 25 Beli (25 kg) je visoko kvalitetan, polimer-modifikovani i izuzetno elasti\u010dan lepak za plo\u010dice, namenjen za zahtevne uslove ugradnje. Odlikuje ga sna\u017ena adhezija i produ\u017eeno otvoreno vreme rada, \u0161to omogu\u0107ava lak\u0161u i sigurniju ugradnju plo\u010dica, \u010dak i na podlogama koje su podlo\u017ene vibracijama i deformacijama. Zahvaljuju\u0107i visokoj elasti\u010dnosti klase S2 i odsustvu vertikalnog [&hellip;]<\/p>\n","protected":false},"featured_media":22780,"template":"","meta":[],"product_brand":[],"product_cat":[5006,5011],"product_tag":[],"class_list":{"0":"post-22779","1":"product","2":"type-product","3":"status-publish","4":"has-post-thumbnail","6":"product_cat-gradjevinski-materijal","7":"product_cat-lepljenje-keramike","9":"first","10":"instock","11":"sold-individually","12":"purchasable","13":"product-type-simple"},"_links":{"self":[{"href":"https:\/\/hidroterm.dmcsrbija.com\/ru\/wp-json\/wp\/v2\/product\/22779","targetHints":{"allow":["GET"]}}],"collection":[{"href":"https:\/\/hidroterm.dmcsrbija.com\/ru\/wp-json\/wp\/v2\/product"}],"about":[{"href":"https:\/\/hidroterm.dmcsrbija.com\/ru\/wp-json\/wp\/v2\/types\/product"}],"wp:featuredmedia":[{"embeddable":true,"href":"https:\/\/hidroterm.dmcsrbija.com\/ru\/wp-json\/wp\/v2\/media\/22780"}],"wp:attachment":[{"href":"https:\/\/hidroterm.dmcsrbija.com\/ru\/wp-json\/wp\/v2\/media?parent=22779"}],"wp:term":[{"taxonomy":"product_brand","embeddable":true,"href":"https:\/\/hidroterm.dmcsrbija.com\/ru\/wp-json\/wp\/v2\/product_brand?post=22779"},{"taxonomy":"product_cat","embeddable":true,"href":"https:\/\/hidroterm.dmcsrbija.com\/ru\/wp-json\/wp\/v2\/product_cat?post=22779"},{"taxonomy":"product_tag","embeddable":true,"href":"https:\/\/hidroterm.dmcsrbija.com\/ru\/wp-json\/wp\/v2\/product_tag?post=22779"}],"curies":[{"name":"wp","href":"https:\/\/api.w.org\/{rel}","templated":true}]}}