{"id":22777,"date":"2026-03-18T08:30:57","date_gmt":"2026-03-18T07:30:57","guid":{"rendered":"https:\/\/hidroterm.dmcsrbija.com\/proizvod\/aquamat-elastic-ab-35kg-sivi\/"},"modified":"2026-03-18T08:31:00","modified_gmt":"2026-03-18T07:31:00","slug":"aquamat-elastic-ab-35kg-sivi","status":"publish","type":"product","link":"https:\/\/hidroterm.dmcsrbija.com\/ru\/proizvod\/aquamat-elastic-ab-35kg-sivi\/","title":{"rendered":"Aquamat Elastic A+B 35kg SIVI"},"content":{"rendered":"<p data-start=\"77\" data-end=\"396\"><strong data-start=\"77\" data-end=\"113\">Aquamat Elastic A+B 35 kg \u2013 sivi<\/strong> je elasti\u010dni, dvokomponentni cementni hidroizolacioni premaz namenjen za\u0161titi betonskih i zidanih povr\u0161ina izlo\u017eenih vodi i vlazi. Idealno je re\u0161enje za podloge sa mogu\u0107im pukotinama izazvanim vibracijama i temperaturnim promenama, jer pru\u017ea visoku elasti\u010dnost i sna\u017eno prijanjanje.<\/p>\n<p data-start=\"398\" data-end=\"698\">Koristi se za hidroizolaciju terasa, balkona, bazena, krovnih ba\u0161ti, tunela, rezervoara za vodu, kao i za izolaciju ispod plo\u010dica u kombinaciji sa fleksibilnim lepkom. Pogodan je za rezervoare sa pija\u0107om vodom i povr\u0161ine u direktnom kontaktu sa prehrambenim proizvodima, u skladu sa standardom W-347.<\/p>\n<p data-start=\"700\" data-end=\"855\">Klasifikovan je prema EN 1504-2 kao pouzdan premaz za povr\u0161insku za\u0161titu betona, \u0161to ga \u010dini idealnim izborom za dugotrajnu i profesionalnu hidroizolaciju.<\/p>\n<p data-start=\"857\" data-end=\"950\">Potro\u0161nja proizvoda iznosi 2,0\u20134,0 kg\/m\u00b2, u zavisnosti od podloge i stepena izlo\u017eenosti vodi.<\/p>\n<p data-start=\"857\" data-end=\"950\">Cena je po pakovanju.<\/p>","protected":false},"excerpt":{"rendered":"<p>Aquamat Elastic A+B 35 kg \u2013 sivi je elasti\u010dni, dvokomponentni cementni hidroizolacioni premaz namenjen za\u0161titi betonskih i zidanih povr\u0161ina izlo\u017eenih vodi i vlazi. Idealno je re\u0161enje za podloge sa mogu\u0107im pukotinama izazvanim vibracijama i temperaturnim promenama, jer pru\u017ea visoku elasti\u010dnost i sna\u017eno prijanjanje. Koristi se za hidroizolaciju terasa, balkona, bazena, krovnih ba\u0161ti, tunela, rezervoara za [&hellip;]<\/p>\n","protected":false},"featured_media":22778,"template":"","meta":[],"product_brand":[],"product_cat":[5006,5007],"product_tag":[],"class_list":{"0":"post-22777","1":"product","2":"type-product","3":"status-publish","4":"has-post-thumbnail","6":"product_cat-gradjevinski-materijal","7":"product_cat-hidroizolacija","9":"first","10":"instock","11":"sold-individually","12":"purchasable","13":"product-type-simple"},"_links":{"self":[{"href":"https:\/\/hidroterm.dmcsrbija.com\/ru\/wp-json\/wp\/v2\/product\/22777","targetHints":{"allow":["GET"]}}],"collection":[{"href":"https:\/\/hidroterm.dmcsrbija.com\/ru\/wp-json\/wp\/v2\/product"}],"about":[{"href":"https:\/\/hidroterm.dmcsrbija.com\/ru\/wp-json\/wp\/v2\/types\/product"}],"wp:featuredmedia":[{"embeddable":true,"href":"https:\/\/hidroterm.dmcsrbija.com\/ru\/wp-json\/wp\/v2\/media\/22778"}],"wp:attachment":[{"href":"https:\/\/hidroterm.dmcsrbija.com\/ru\/wp-json\/wp\/v2\/media?parent=22777"}],"wp:term":[{"taxonomy":"product_brand","embeddable":true,"href":"https:\/\/hidroterm.dmcsrbija.com\/ru\/wp-json\/wp\/v2\/product_brand?post=22777"},{"taxonomy":"product_cat","embeddable":true,"href":"https:\/\/hidroterm.dmcsrbija.com\/ru\/wp-json\/wp\/v2\/product_cat?post=22777"},{"taxonomy":"product_tag","embeddable":true,"href":"https:\/\/hidroterm.dmcsrbija.com\/ru\/wp-json\/wp\/v2\/product_tag?post=22777"}],"curies":[{"name":"wp","href":"https:\/\/api.w.org\/{rel}","templated":true}]}}