{"id":22775,"date":"2026-03-18T08:30:57","date_gmt":"2026-03-18T07:30:57","guid":{"rendered":"https:\/\/hidroterm.dmcsrbija.com\/proizvod\/sikagard-905w-2l\/"},"modified":"2026-03-18T08:31:00","modified_gmt":"2026-03-18T07:31:00","slug":"sikagard-905w-2l","status":"publish","type":"product","link":"https:\/\/hidroterm.dmcsrbija.com\/ru\/proizvod\/sikagard-905w-2l\/","title":{"rendered":"Sikagard 905W 2l"},"content":{"rendered":"<article class=\"text-token-text-primary w-full focus:outline-none [--shadow-height:45px] has-data-writing-block:pointer-events-none has-data-writing-block:-mt-(--shadow-height) has-data-writing-block:pt-(--shadow-height) [&amp;:has([data-writing-block])&gt;*]:pointer-events-auto scroll-mt-(--header-height)\" dir=\"auto\" data-turn-id=\"8ed90349-bc78-4c6b-a343-87b6ec1b4cfa\" data-testid=\"conversation-turn-15\" data-scroll-anchor=\"false\" data-turn=\"user\"><\/article>\n<article class=\"text-token-text-primary w-full focus:outline-none [--shadow-height:45px] has-data-writing-block:pointer-events-none has-data-writing-block:-mt-(--shadow-height) has-data-writing-block:pt-(--shadow-height) [&amp;:has([data-writing-block])&gt;*]:pointer-events-auto scroll-mt-[calc(var(--header-height)+min(200px,max(70px,20svh)))]\" dir=\"auto\" data-turn-id=\"request-WEB:f8ac12c1-e271-47b1-a7a5-b658b518bdb8-7\" data-testid=\"conversation-turn-16\" data-scroll-anchor=\"true\" data-turn=\"assistant\">\n<div class=\"text-base my-auto mx-auto pb-10 [--thread-content-margin:--spacing(4)] @w-sm\/main:[--thread-content-margin:--spacing(6)] @w-lg\/main:[--thread-content-margin:--spacing(16)] px-(--thread-content-margin)\">\n<div class=\"[--thread-content-max-width:40rem] @w-lg\/main:[--thread-content-max-width:48rem] mx-auto max-w-(--thread-content-max-width) flex-1 group\/turn-messages focus-visible:outline-hidden relative flex w-full min-w-0 flex-col agent-turn\">\n<div class=\"flex max-w-full flex-col grow\">\n<div class=\"min-h-8 text-message relative flex w-full flex-col items-end gap-2 text-start break-words whitespace-normal [.text-message+&amp;]:mt-1\" dir=\"auto\" data-message-author-role=\"assistant\" data-message-id=\"e3a9504a-39be-4ba1-bcd6-13281ac4f70b\" data-message-model-slug=\"gpt-5-mini\">\n<div class=\"flex w-full flex-col gap-1 empty:hidden first:pt-[1px]\">\n<div class=\"markdown prose dark:prose-invert w-full wrap-break-word light markdown-new-styling\">\n<p data-start=\"0\" data-end=\"61\"><strong data-start=\"0\" data-end=\"59\">Sikagard 905W 2L \u2013 Tretman protiv vlage, \u0161alitre i bu\u0111i<\/strong><\/p>\n<p data-start=\"63\" data-end=\"351\"><strong data-start=\"63\" data-end=\"107\"><span class=\"hover:entity-accent entity-underline inline cursor-pointer align-baseline\"><span class=\"whitespace-normal\">Sikagard-905 W<\/span><\/span> 2L<\/strong> je vodena smola spremna za upotrebu, namenjena za\u0161titi i impregnaciji unutra\u0161njih i spolja\u0161njih povr\u0161ina. Deluje kao tretman protiv vlage, \u0161alitre i bu\u0111i, duboko prodire u podlogu i u\u010dvr\u0161\u0107ava je, formiraju\u0107i nevidljivu vlagootpornu barijeru.<\/p>\n<p data-start=\"353\" data-end=\"606\">Nakon su\u0161enja ostaje providan sloj, \u0161to omogu\u0107ava nano\u0161enje boja, lepka za tapete ili drugih zavr\u0161nih premaza. Zbog niske viskoznosti, Sikagard 905W prodire u slabije, pra\u0161nave ili o\u0161te\u0107ene povr\u0161ine i u\u010dvr\u0161\u0107uje ih, \u010dine\u0107i ih stabilnim za dalju obradu.<\/p>\n<p data-start=\"608\" data-end=\"854\">Proizvod je pogodan za predtretman i kao u\u010dvr\u0161\u0107iva\u010d zidova pre farbanja ili lepljenja tapeta. Mo\u017ee se koristiti kako unutra, tako i spolja, \u010dime \u0161titi povr\u0161ine od biolo\u0161kog rastinja, bu\u0111i i dugotrajno smanjuje pojavu vlagom izazvanih o\u0161te\u0107enja.<\/p>\n<p data-start=\"856\" data-end=\"1040\" data-is-last-node=\"\" data-is-only-node=\"\">Potro\u0161nja iznosi pribli\u017eno 0,2\u20130,3 L\/m\u00b2, u zavisnosti od upojnosti podloge. Sikagard 905W 2L je jednostavan za primenu, efikasan i pru\u017ea dugotrajnu za\u0161titu zidova od vlage i o\u0161te\u0107enja.<\/p>\n<p data-start=\"856\" data-end=\"1040\" data-is-last-node=\"\" data-is-only-node=\"\">Cena po pakovanju.<\/p>\n<\/div>\n<\/div>\n<\/div>\n<\/div>\n<\/div>\n<\/div>\n<\/article>\n","protected":false},"excerpt":{"rendered":"<p>Sikagard 905W 2L \u2013 Tretman protiv vlage, \u0161alitre i bu\u0111i Sikagard-905 W 2L je vodena smola spremna za upotrebu, namenjena za\u0161titi i impregnaciji unutra\u0161njih i spolja\u0161njih povr\u0161ina. Deluje kao tretman protiv vlage, \u0161alitre i bu\u0111i, duboko prodire u podlogu i u\u010dvr\u0161\u0107ava je, formiraju\u0107i nevidljivu vlagootpornu barijeru. Nakon su\u0161enja ostaje providan sloj, \u0161to omogu\u0107ava nano\u0161enje boja, [&hellip;]<\/p>\n","protected":false},"featured_media":22776,"template":"","meta":[],"product_brand":[],"product_cat":[5006,5017],"product_tag":[],"class_list":{"0":"post-22775","1":"product","2":"type-product","3":"status-publish","4":"has-post-thumbnail","6":"product_cat-gradjevinski-materijal","7":"product_cat-zastita-i-ciscenje","9":"first","10":"instock","11":"sold-individually","12":"purchasable","13":"product-type-simple"},"_links":{"self":[{"href":"https:\/\/hidroterm.dmcsrbija.com\/ru\/wp-json\/wp\/v2\/product\/22775","targetHints":{"allow":["GET"]}}],"collection":[{"href":"https:\/\/hidroterm.dmcsrbija.com\/ru\/wp-json\/wp\/v2\/product"}],"about":[{"href":"https:\/\/hidroterm.dmcsrbija.com\/ru\/wp-json\/wp\/v2\/types\/product"}],"wp:featuredmedia":[{"embeddable":true,"href":"https:\/\/hidroterm.dmcsrbija.com\/ru\/wp-json\/wp\/v2\/media\/22776"}],"wp:attachment":[{"href":"https:\/\/hidroterm.dmcsrbija.com\/ru\/wp-json\/wp\/v2\/media?parent=22775"}],"wp:term":[{"taxonomy":"product_brand","embeddable":true,"href":"https:\/\/hidroterm.dmcsrbija.com\/ru\/wp-json\/wp\/v2\/product_brand?post=22775"},{"taxonomy":"product_cat","embeddable":true,"href":"https:\/\/hidroterm.dmcsrbija.com\/ru\/wp-json\/wp\/v2\/product_cat?post=22775"},{"taxonomy":"product_tag","embeddable":true,"href":"https:\/\/hidroterm.dmcsrbija.com\/ru\/wp-json\/wp\/v2\/product_tag?post=22775"}],"curies":[{"name":"wp","href":"https:\/\/api.w.org\/{rel}","templated":true}]}}