{"id":22773,"date":"2026-03-18T08:30:57","date_gmt":"2026-03-18T07:30:57","guid":{"rendered":"https:\/\/hidroterm.dmcsrbija.com\/proizvod\/sikagard-703w-1l\/"},"modified":"2026-03-18T08:30:59","modified_gmt":"2026-03-18T07:30:59","slug":"sikagard-703w-1l","status":"publish","type":"product","link":"https:\/\/hidroterm.dmcsrbija.com\/ru\/proizvod\/sikagard-703w-1l\/","title":{"rendered":"Sikagard 703W 1l"},"content":{"rendered":"<div class=\"flex flex-col text-sm pb-25\">\n<article class=\"text-token-text-primary w-full focus:outline-none [--shadow-height:45px] has-data-writing-block:pointer-events-none has-data-writing-block:-mt-(--shadow-height) has-data-writing-block:pt-(--shadow-height) [&amp;:has([data-writing-block])&gt;*]:pointer-events-auto scroll-mt-[calc(var(--header-height)+min(200px,max(70px,20svh)))]\" dir=\"auto\" data-turn-id=\"request-WEB:f8ac12c1-e271-47b1-a7a5-b658b518bdb8-2\" data-testid=\"conversation-turn-6\" data-scroll-anchor=\"true\" data-turn=\"assistant\">\n<div class=\"text-base my-auto mx-auto pb-10 [--thread-content-margin:--spacing(4)] @w-sm\/main:[--thread-content-margin:--spacing(6)] @w-lg\/main:[--thread-content-margin:--spacing(16)] px-(--thread-content-margin)\">\n<div class=\"[--thread-content-max-width:40rem] @w-lg\/main:[--thread-content-max-width:48rem] mx-auto max-w-(--thread-content-max-width) flex-1 group\/turn-messages focus-visible:outline-hidden relative flex w-full min-w-0 flex-col agent-turn\">\n<div class=\"flex max-w-full flex-col grow\">\n<div class=\"min-h-8 text-message relative flex w-full flex-col items-end gap-2 text-start break-words whitespace-normal [.text-message+&amp;]:mt-1\" dir=\"auto\" data-message-author-role=\"assistant\" data-message-id=\"35f0eec4-59ca-4b31-8224-f1a4046e595f\" data-message-model-slug=\"gpt-5-2\">\n<div class=\"flex w-full flex-col gap-1 empty:hidden first:pt-[1px]\">\n<div class=\"markdown prose dark:prose-invert w-full wrap-break-word light markdown-new-styling\">\n<h6 data-start=\"0\" data-end=\"71\"><strong data-start=\"0\" data-end=\"71\">Sikagard 703W 1L \u2013 Vodoodbojna impregnacija za beton, kamen i ciglu<\/strong><\/h6>\n<p data-start=\"73\" data-end=\"351\"><strong data-start=\"73\" data-end=\"91\">Sikagard-703 W<\/strong> je transparentna, jednokomponentna vodoodbojna impregnacija na vodenoj bazi, namenjena za\u0161titi fasada i mineralnih podloga. Na bazi silana i siloksana, dubinski prodire u beton, malter, ciglu i kamen, \u010dine\u0107i povr\u0161inu vodoodbojnom, a istovremeno paropropusnom.<\/p>\n<p data-start=\"353\" data-end=\"572\">Nakon nano\u0161enja ostaje nevidljiv sloj koji ne menja izgled podloge. Smanjuje upijanje vode, zadr\u017eavanje prljav\u0161tine i pojavu algi, mahovine i gljivica. Proizvod je spreman za upotrebu, nezapaljiv i ekolo\u0161ki prihvatljiv.<\/p>\n<p data-start=\"574\" data-end=\"763\" data-is-last-node=\"\" data-is-only-node=\"\">Potro\u0161nja na malteru i betonu iznosi pribli\u017eno 150\u2013200 g\/m\u00b2, u zavisnosti od upojnosti podloge. Idealan je za dugotrajnu za\u0161titu fasada i spolja\u0161njih zidova od vlage i atmosferskih uticaja.<\/p>\n<\/div>\n<\/div>\n<\/div>\n<\/div>\n<div class=\"z-0 flex min-h-[46px] justify-start\">Cena po pakovanju.<\/div>\n<div class=\"mt-3 w-full empty:hidden\">\n<div class=\"text-center\"><\/div>\n<\/div>\n<\/div>\n<\/div>\n<\/article>\n<\/div>\n<div class=\"pointer-events-none h-px w-px absolute bottom-0\" aria-hidden=\"true\" data-edge=\"true\"><\/div>\n","protected":false},"excerpt":{"rendered":"<p>Sikagard 703W 1L \u2013 Vodoodbojna impregnacija za beton, kamen i ciglu Sikagard-703 W je transparentna, jednokomponentna vodoodbojna impregnacija na vodenoj bazi, namenjena za\u0161titi fasada i mineralnih podloga. Na bazi silana i siloksana, dubinski prodire u beton, malter, ciglu i kamen, \u010dine\u0107i povr\u0161inu vodoodbojnom, a istovremeno paropropusnom. Nakon nano\u0161enja ostaje nevidljiv sloj koji ne menja izgled [&hellip;]<\/p>\n","protected":false},"featured_media":22774,"template":"","meta":[],"product_brand":[],"product_cat":[5006,5017],"product_tag":[],"class_list":{"0":"post-22773","1":"product","2":"type-product","3":"status-publish","4":"has-post-thumbnail","6":"product_cat-gradjevinski-materijal","7":"product_cat-zastita-i-ciscenje","9":"first","10":"instock","11":"sold-individually","12":"purchasable","13":"product-type-simple"},"_links":{"self":[{"href":"https:\/\/hidroterm.dmcsrbija.com\/ru\/wp-json\/wp\/v2\/product\/22773","targetHints":{"allow":["GET"]}}],"collection":[{"href":"https:\/\/hidroterm.dmcsrbija.com\/ru\/wp-json\/wp\/v2\/product"}],"about":[{"href":"https:\/\/hidroterm.dmcsrbija.com\/ru\/wp-json\/wp\/v2\/types\/product"}],"wp:featuredmedia":[{"embeddable":true,"href":"https:\/\/hidroterm.dmcsrbija.com\/ru\/wp-json\/wp\/v2\/media\/22774"}],"wp:attachment":[{"href":"https:\/\/hidroterm.dmcsrbija.com\/ru\/wp-json\/wp\/v2\/media?parent=22773"}],"wp:term":[{"taxonomy":"product_brand","embeddable":true,"href":"https:\/\/hidroterm.dmcsrbija.com\/ru\/wp-json\/wp\/v2\/product_brand?post=22773"},{"taxonomy":"product_cat","embeddable":true,"href":"https:\/\/hidroterm.dmcsrbija.com\/ru\/wp-json\/wp\/v2\/product_cat?post=22773"},{"taxonomy":"product_tag","embeddable":true,"href":"https:\/\/hidroterm.dmcsrbija.com\/ru\/wp-json\/wp\/v2\/product_tag?post=22773"}],"curies":[{"name":"wp","href":"https:\/\/api.w.org\/{rel}","templated":true}]}}