{"id":22766,"date":"2026-03-18T08:30:57","date_gmt":"2026-03-18T07:30:57","guid":{"rendered":"https:\/\/hidroterm.dmcsrbija.com\/proizvod\/sikafloor-2540-w-18kg\/"},"modified":"2026-03-18T08:30:59","modified_gmt":"2026-03-18T07:30:59","slug":"sikafloor-2540-w-18kg","status":"publish","type":"product","link":"https:\/\/hidroterm.dmcsrbija.com\/ru\/proizvod\/sikafloor-2540-w-18kg\/","title":{"rendered":"Sikafloor 2540 W 18kg"},"content":{"rendered":"<h6 data-start=\"121\" data-end=\"192\"><strong data-start=\"125\" data-end=\"192\">Sikafloor\u202f2540\u202fW \u2013 dvokomponentni epoksidni premaz na bazi vode<\/strong><\/h6>\n<p data-start=\"194\" data-end=\"646\"><strong data-start=\"194\" data-end=\"214\">Sikafloor\u202f2540\u202fW<\/strong> je visokokvalitetan <strong data-start=\"235\" data-end=\"289\">dvokomponentni epoksidni podni premaz na bazi vode<\/strong> sa niskim emisijama VOC i AMC, dizajniran da stvori <strong data-start=\"342\" data-end=\"390\">glatku, sjajnu i otpornu zavr\u0161nu oblogu poda<\/strong> uz minimalno odr\u017eavanje. Namijenjen je kako unutra\u0161njoj tako i spolja\u0161njoj upotrebi, posebno u prostorima sa normalnim do srednje jakim optere\u0107enjima \u2014 kao \u0161to su proizvodni pogoni, skladi\u0161ta, parkirali\u0161ta ili gara\u017ee.<\/p>\n<p data-start=\"648\" data-end=\"965\">Ovaj epoksidni premaz se odlikuje <strong data-start=\"682\" data-end=\"759\">izuzetnom otpornosti na habanje, hemijsku izlo\u017eenost i mehani\u010dke utjecaje<\/strong>, uz <strong data-start=\"764\" data-end=\"814\">nisku emisiju nepo\u017eeljnih organskih jedinjenja<\/strong>, \u0161to ga \u010dini pogodnim za komercijalne i industrijske prostore gdje se tra\u017ei dugotrajna izdr\u017eljivost i sigurnost.<\/p>\n<p data-start=\"967\" data-end=\"1358\">Sikafloor\u202f2540\u202fW je <strong data-start=\"987\" data-end=\"1001\">bez mirisa<\/strong>, lako se nanosi i mo\u017ee se razrijediti vodom, \u0161to omogu\u0107ava jednostavniju pripremu i precizno premazivanje betonskih ili estriha podloga. Zahvaljuju\u0107i vodeno\u2011rastvorljivoj formuli, ovaj sistem omogu\u0107ava reproduktivno ravnu, <strong data-start=\"1225\" data-end=\"1281\">sjajnu zavr\u0161nu povr\u0161inu koja se lako \u010disti i odr\u017eava<\/strong> i pru\u017ea dugotrajnu za\u0161titu va\u0161em podu.<\/p>\n<p data-start=\"1360\" data-end=\"1638\">Proizvod je dostupan u <strong data-start=\"1383\" data-end=\"1412\">razli\u010ditim nijansama boja<\/strong>, pri \u010demu precizna tonalnost mo\u017ee varirati ovisno o osvjetljenju i uvjetima izvo\u0111enja. Preporu\u010duje se uporediti boje sa zvani\u010dnim tablicama pod isto jakim svjetlom prije kona\u010dnog odabira.<\/p>\n<p data-start=\"1640\" data-end=\"1899\"><strong data-start=\"1640\" data-end=\"1660\">Sikafloor\u202f2540\u202fW<\/strong> idealan je za zavr\u0161nu obradu podova nakon sistema sa posipima ili epoksidnih maltera, osiguravaju\u0107i <strong data-start=\"1761\" data-end=\"1812\">atraktivan estetski izgled i dugotrajnu za\u0161titu<\/strong> tamo gdje je potrebna pouzdana epoksidna obloga.<\/p>\n<p data-start=\"1640\" data-end=\"1899\">Cena po pakovanju.<\/p>\n<p>&nbsp;<\/p>","protected":false},"excerpt":{"rendered":"<p>Sikafloor\u202f2540\u202fW \u2013 dvokomponentni epoksidni premaz na bazi vode Sikafloor\u202f2540\u202fW je visokokvalitetan dvokomponentni epoksidni podni premaz na bazi vode sa niskim emisijama VOC i AMC, dizajniran da stvori glatku, sjajnu i otpornu zavr\u0161nu oblogu poda uz minimalno odr\u017eavanje. Namijenjen je kako unutra\u0161njoj tako i spolja\u0161njoj upotrebi, posebno u prostorima sa normalnim do srednje jakim optere\u0107enjima \u2014 [&hellip;]<\/p>\n","protected":false},"featured_media":22767,"template":"","meta":[],"product_brand":[],"product_cat":[5006,5016],"product_tag":[],"class_list":{"0":"post-22766","1":"product","2":"type-product","3":"status-publish","4":"has-post-thumbnail","6":"product_cat-gradjevinski-materijal","7":"product_cat-industrijski-podovi","9":"first","10":"instock","11":"sold-individually","12":"purchasable","13":"product-type-simple"},"_links":{"self":[{"href":"https:\/\/hidroterm.dmcsrbija.com\/ru\/wp-json\/wp\/v2\/product\/22766","targetHints":{"allow":["GET"]}}],"collection":[{"href":"https:\/\/hidroterm.dmcsrbija.com\/ru\/wp-json\/wp\/v2\/product"}],"about":[{"href":"https:\/\/hidroterm.dmcsrbija.com\/ru\/wp-json\/wp\/v2\/types\/product"}],"wp:featuredmedia":[{"embeddable":true,"href":"https:\/\/hidroterm.dmcsrbija.com\/ru\/wp-json\/wp\/v2\/media\/22767"}],"wp:attachment":[{"href":"https:\/\/hidroterm.dmcsrbija.com\/ru\/wp-json\/wp\/v2\/media?parent=22766"}],"wp:term":[{"taxonomy":"product_brand","embeddable":true,"href":"https:\/\/hidroterm.dmcsrbija.com\/ru\/wp-json\/wp\/v2\/product_brand?post=22766"},{"taxonomy":"product_cat","embeddable":true,"href":"https:\/\/hidroterm.dmcsrbija.com\/ru\/wp-json\/wp\/v2\/product_cat?post=22766"},{"taxonomy":"product_tag","embeddable":true,"href":"https:\/\/hidroterm.dmcsrbija.com\/ru\/wp-json\/wp\/v2\/product_tag?post=22766"}],"curies":[{"name":"wp","href":"https:\/\/api.w.org\/{rel}","templated":true}]}}