{"id":22761,"date":"2026-03-18T08:30:57","date_gmt":"2026-03-18T07:30:57","guid":{"rendered":"https:\/\/hidroterm.dmcsrbija.com\/proizvod\/aditiv-za-beton-priprema-za-podno-grejanje-sika-estriplast-20kg\/"},"modified":"2026-03-18T08:30:58","modified_gmt":"2026-03-18T07:30:58","slug":"aditiv-za-beton-priprema-za-podno-grejanje-sika-estriplast-20kg","status":"publish","type":"product","link":"https:\/\/hidroterm.dmcsrbija.com\/ru\/proizvod\/aditiv-za-beton-priprema-za-podno-grejanje-sika-estriplast-20kg\/","title":{"rendered":"Aditiv za beton priprema za podno grejanje-Sika Estriplast 20kg"},"content":{"rendered":"<h6 data-start=\"348\" data-end=\"425\">Sika Estriplast \u2013 aditiv za maltere i estrihe sa podnim grejanjem (20 kg)<\/h6>\n<p data-start=\"427\" data-end=\"682\"><strong data-start=\"427\" data-end=\"446\">Sika Estriplast<\/strong> je specijalizovani aditiv za maltere i estrihe koji se koriste kod sistema podnog grejanja. Ovaj aditiv pobolj\u0161ava toplotnu provodljivost estriha i ubrzava njegovo u\u010dvr\u0161\u0107ivanje, omogu\u0107avaju\u0107i br\u017eu i efikasniju upotrebu grejnog sistema.<\/p>\n<p data-start=\"684\" data-end=\"934\">Sika Estriplast pove\u0107ava otpornost estriha na termi\u010dka optere\u0107enja i doprinosi dugotrajnosti sistema podnog grejanja. Primenjuje se u kombinaciji sa standardnim malterima i estrihima kako bi se optimizovale mehani\u010dke i termoizolacione karakteristike.<\/p>\n<p data-start=\"936\" data-end=\"1106\">Idealno je re\u0161enje za monta\u017eu podnih sistema grejanja u stambenim i poslovnim prostorima, gde je va\u017ena efikasna distribucija toplote i brza priprema povr\u0161ina za upotrebu.<\/p>\n<p data-start=\"1108\" data-end=\"1150\"><strong data-start=\"1108\" data-end=\"1122\">Pakovanje:<\/strong> 20 kg<br data-start=\"1128\" data-end=\"1131\" \/><strong data-start=\"1131\" data-end=\"1140\">Cena:<\/strong> po komadu<\/p>","protected":false},"excerpt":{"rendered":"<p>Sika Estriplast \u2013 aditiv za maltere i estrihe sa podnim grejanjem (20 kg) Sika Estriplast je specijalizovani aditiv za maltere i estrihe koji se koriste kod sistema podnog grejanja. Ovaj aditiv pobolj\u0161ava toplotnu provodljivost estriha i ubrzava njegovo u\u010dvr\u0161\u0107ivanje, omogu\u0107avaju\u0107i br\u017eu i efikasniju upotrebu grejnog sistema. Sika Estriplast pove\u0107ava otpornost estriha na termi\u010dka optere\u0107enja i [&hellip;]<\/p>\n","protected":false},"featured_media":22760,"template":"","meta":[],"product_brand":[],"product_cat":[5015,5006],"product_tag":[],"class_list":{"0":"post-22761","1":"product","2":"type-product","3":"status-publish","4":"has-post-thumbnail","6":"product_cat-aditivi-za-beton","7":"product_cat-gradjevinski-materijal","9":"first","10":"instock","11":"sold-individually","12":"purchasable","13":"product-type-simple"},"_links":{"self":[{"href":"https:\/\/hidroterm.dmcsrbija.com\/ru\/wp-json\/wp\/v2\/product\/22761","targetHints":{"allow":["GET"]}}],"collection":[{"href":"https:\/\/hidroterm.dmcsrbija.com\/ru\/wp-json\/wp\/v2\/product"}],"about":[{"href":"https:\/\/hidroterm.dmcsrbija.com\/ru\/wp-json\/wp\/v2\/types\/product"}],"wp:featuredmedia":[{"embeddable":true,"href":"https:\/\/hidroterm.dmcsrbija.com\/ru\/wp-json\/wp\/v2\/media\/22760"}],"wp:attachment":[{"href":"https:\/\/hidroterm.dmcsrbija.com\/ru\/wp-json\/wp\/v2\/media?parent=22761"}],"wp:term":[{"taxonomy":"product_brand","embeddable":true,"href":"https:\/\/hidroterm.dmcsrbija.com\/ru\/wp-json\/wp\/v2\/product_brand?post=22761"},{"taxonomy":"product_cat","embeddable":true,"href":"https:\/\/hidroterm.dmcsrbija.com\/ru\/wp-json\/wp\/v2\/product_cat?post=22761"},{"taxonomy":"product_tag","embeddable":true,"href":"https:\/\/hidroterm.dmcsrbija.com\/ru\/wp-json\/wp\/v2\/product_tag?post=22761"}],"curies":[{"name":"wp","href":"https:\/\/api.w.org\/{rel}","templated":true}]}}