{"id":22759,"date":"2026-03-18T08:30:57","date_gmt":"2026-03-18T07:30:57","guid":{"rendered":"https:\/\/hidroterm.dmcsrbija.com\/proizvod\/aditiv-za-beton-priprema-za-podno-grejanje-sika-estriplast-5kg\/"},"modified":"2026-03-18T08:30:58","modified_gmt":"2026-03-18T07:30:58","slug":"aditiv-za-beton-priprema-za-podno-grejanje-sika-estriplast-5kg","status":"publish","type":"product","link":"https:\/\/hidroterm.dmcsrbija.com\/ru\/proizvod\/aditiv-za-beton-priprema-za-podno-grejanje-sika-estriplast-5kg\/","title":{"rendered":"Aditiv za beton priprema za podno grejanje-Sika Estriplast 5kg"},"content":{"rendered":"<h6 data-start=\"81\" data-end=\"157\">Sika Estriplast \u2013 aditiv za maltere i estrihe sa podnim grejanjem (5 kg)<\/h6>\n<p data-start=\"159\" data-end=\"409\"><strong data-start=\"159\" data-end=\"178\">Sika Estriplast<\/strong> je specijalizovani aditiv namenjen za maltere i estrihe kod sistema podnog grejanja. Ovaj proizvod pobolj\u0161ava toplotnu provodljivost estriha i ubrzava njegovo u\u010dvr\u0161\u0107ivanje, \u0161to omogu\u0107ava br\u017eu i efikasniju upotrebu podnog grejanja.<\/p>\n<p data-start=\"411\" data-end=\"648\">Sika Estriplast pove\u0107ava otpornost estriha na termi\u010dka optere\u0107enja i doprinosi dugotrajnosti grejnog sistema. Primenjuje se zajedno sa standardnim malterima i estrihima kako bi se optimizovale njihove mehani\u010dke i termoizolacione osobine.<\/p>\n<p data-start=\"650\" data-end=\"791\">Idealno je re\u0161enje za stambene i poslovne prostore u kojima je potrebna efikasna distribucija toplote i brza priprema povr\u0161ine za kori\u0161\u0107enje.<\/p>\n<p data-start=\"793\" data-end=\"834\"><strong data-start=\"793\" data-end=\"807\">Pakovanje:<\/strong> 5 kg<br data-start=\"812\" data-end=\"815\" \/><strong data-start=\"815\" data-end=\"824\">Cena:<\/strong> po komadu<\/p>\n<p>&nbsp;<\/p>","protected":false},"excerpt":{"rendered":"<p>Sika Estriplast \u2013 aditiv za maltere i estrihe sa podnim grejanjem (5 kg) Sika Estriplast je specijalizovani aditiv namenjen za maltere i estrihe kod sistema podnog grejanja. Ovaj proizvod pobolj\u0161ava toplotnu provodljivost estriha i ubrzava njegovo u\u010dvr\u0161\u0107ivanje, \u0161to omogu\u0107ava br\u017eu i efikasniju upotrebu podnog grejanja. Sika Estriplast pove\u0107ava otpornost estriha na termi\u010dka optere\u0107enja i doprinosi [&hellip;]<\/p>\n","protected":false},"featured_media":22760,"template":"","meta":[],"product_brand":[],"product_cat":[5015,5006],"product_tag":[],"class_list":{"0":"post-22759","1":"product","2":"type-product","3":"status-publish","4":"has-post-thumbnail","6":"product_cat-aditivi-za-beton","7":"product_cat-gradjevinski-materijal","9":"first","10":"instock","11":"sold-individually","12":"purchasable","13":"product-type-simple"},"_links":{"self":[{"href":"https:\/\/hidroterm.dmcsrbija.com\/ru\/wp-json\/wp\/v2\/product\/22759","targetHints":{"allow":["GET"]}}],"collection":[{"href":"https:\/\/hidroterm.dmcsrbija.com\/ru\/wp-json\/wp\/v2\/product"}],"about":[{"href":"https:\/\/hidroterm.dmcsrbija.com\/ru\/wp-json\/wp\/v2\/types\/product"}],"wp:featuredmedia":[{"embeddable":true,"href":"https:\/\/hidroterm.dmcsrbija.com\/ru\/wp-json\/wp\/v2\/media\/22760"}],"wp:attachment":[{"href":"https:\/\/hidroterm.dmcsrbija.com\/ru\/wp-json\/wp\/v2\/media?parent=22759"}],"wp:term":[{"taxonomy":"product_brand","embeddable":true,"href":"https:\/\/hidroterm.dmcsrbija.com\/ru\/wp-json\/wp\/v2\/product_brand?post=22759"},{"taxonomy":"product_cat","embeddable":true,"href":"https:\/\/hidroterm.dmcsrbija.com\/ru\/wp-json\/wp\/v2\/product_cat?post=22759"},{"taxonomy":"product_tag","embeddable":true,"href":"https:\/\/hidroterm.dmcsrbija.com\/ru\/wp-json\/wp\/v2\/product_tag?post=22759"}],"curies":[{"name":"wp","href":"https:\/\/api.w.org\/{rel}","templated":true}]}}