{"id":22756,"date":"2026-03-18T08:30:57","date_gmt":"2026-03-18T07:30:57","guid":{"rendered":"https:\/\/hidroterm.dmcsrbija.com\/proizvod\/aditiv-za-vodonepropusnost-betonasika-plastocrete-n-20kg\/"},"modified":"2026-03-18T08:30:58","modified_gmt":"2026-03-18T07:30:58","slug":"aditiv-za-vodonepropusnost-betonasika-plastocrete-n-20kg","status":"publish","type":"product","link":"https:\/\/hidroterm.dmcsrbija.com\/ru\/proizvod\/aditiv-za-vodonepropusnost-betonasika-plastocrete-n-20kg\/","title":{"rendered":"Aditiv za vodonepropusnost betonaSika Plastocrete N 20kg"},"content":{"rendered":"<h6 data-start=\"107\" data-end=\"173\">Sika Plastocrete N \u2013 aditiv za vodonepropusnost betona (20 kg)<\/h6>\n<p data-start=\"175\" data-end=\"431\"><strong data-start=\"175\" data-end=\"197\">Sika Plastocrete N<\/strong> je efikasan plastifikator i hidrofobni aditiv za beton, koji ujedno uvodi kontrolisanu koli\u010dinu vazduha u me\u0161avinu. Namenjen je za pobolj\u0161anje plasti\u010dnosti i trajnosti betona, sa posebnom otporno\u0161\u0107u na zamrzavanje i vodonepropusnost.<\/p>\n<p data-start=\"433\" data-end=\"787\">Ovaj aditiv nalazi \u0161iroku primenu u visokoj i niskogradnji, naro\u010dito u hidrogradnji i industrijskim objektima poput elektrana, kanala, postrojenja za pre\u010di\u0161\u0107avanje otpadnih voda, rezervoara, fundacija, ali i tunela, potpornih zidova, galerija i mostova. Idealan je za sve situacije u kojima se tra\u017ei pove\u0107ana otpornost na mraz i spre\u010davanje prodora vode.<\/p>\n<p data-start=\"789\" data-end=\"1236\">Sika Plastocrete N omogu\u0107ava smanjenje odnosa voda\/cement (v\/c) bez gubitka obradivosti sve\u017eeg betona, \u0161to vodi do ve\u0107e \u010dvrsto\u0107e i dugotrajnosti. Osim toga, smanjeno uvodjenje vazdu\u0161nih pora dodatno pove\u0107ava otpornost betona na mraz i vodonepropustljivost. Beton sa ovim aditivom ima ujedna\u010den, kvalitetan izgled i mo\u017ee se koristiti bez straha u konstrukcijama sa \u010deli\u010dnim armiranjem i prednapregnutim betonom, jer Plastocrete N ne sadr\u017ei hloride.<\/p>\n<p data-start=\"1238\" data-end=\"1345\"><strong data-start=\"1238\" data-end=\"1252\">Potro\u0161nja:<\/strong> dozira se oko 0,5 % u odnosu na te\u017einu cementa.<br data-start=\"1300\" data-end=\"1303\" \/><strong data-start=\"1303\" data-end=\"1317\">Pakovanje:<\/strong> 20 kg<br data-start=\"1323\" data-end=\"1326\" \/><strong data-start=\"1326\" data-end=\"1335\">Cena:<\/strong> po komadu<\/p>","protected":false},"excerpt":{"rendered":"<p>Sika Plastocrete N \u2013 aditiv za vodonepropusnost betona (20 kg) Sika Plastocrete N je efikasan plastifikator i hidrofobni aditiv za beton, koji ujedno uvodi kontrolisanu koli\u010dinu vazduha u me\u0161avinu. Namenjen je za pobolj\u0161anje plasti\u010dnosti i trajnosti betona, sa posebnom otporno\u0161\u0107u na zamrzavanje i vodonepropusnost. Ovaj aditiv nalazi \u0161iroku primenu u visokoj i niskogradnji, naro\u010dito u [&hellip;]<\/p>\n","protected":false},"featured_media":22755,"template":"","meta":[],"product_brand":[],"product_cat":[5015,5006],"product_tag":[],"class_list":{"0":"post-22756","1":"product","2":"type-product","3":"status-publish","4":"has-post-thumbnail","6":"product_cat-aditivi-za-beton","7":"product_cat-gradjevinski-materijal","9":"first","10":"instock","11":"sold-individually","12":"purchasable","13":"product-type-simple"},"_links":{"self":[{"href":"https:\/\/hidroterm.dmcsrbija.com\/ru\/wp-json\/wp\/v2\/product\/22756","targetHints":{"allow":["GET"]}}],"collection":[{"href":"https:\/\/hidroterm.dmcsrbija.com\/ru\/wp-json\/wp\/v2\/product"}],"about":[{"href":"https:\/\/hidroterm.dmcsrbija.com\/ru\/wp-json\/wp\/v2\/types\/product"}],"wp:featuredmedia":[{"embeddable":true,"href":"https:\/\/hidroterm.dmcsrbija.com\/ru\/wp-json\/wp\/v2\/media\/22755"}],"wp:attachment":[{"href":"https:\/\/hidroterm.dmcsrbija.com\/ru\/wp-json\/wp\/v2\/media?parent=22756"}],"wp:term":[{"taxonomy":"product_brand","embeddable":true,"href":"https:\/\/hidroterm.dmcsrbija.com\/ru\/wp-json\/wp\/v2\/product_brand?post=22756"},{"taxonomy":"product_cat","embeddable":true,"href":"https:\/\/hidroterm.dmcsrbija.com\/ru\/wp-json\/wp\/v2\/product_cat?post=22756"},{"taxonomy":"product_tag","embeddable":true,"href":"https:\/\/hidroterm.dmcsrbija.com\/ru\/wp-json\/wp\/v2\/product_tag?post=22756"}],"curies":[{"name":"wp","href":"https:\/\/api.w.org\/{rel}","templated":true}]}}