{"id":22754,"date":"2026-03-18T08:30:57","date_gmt":"2026-03-18T07:30:57","guid":{"rendered":"https:\/\/hidroterm.dmcsrbija.com\/proizvod\/aditiv-za-vodonepropusnost-betonasika-plastocrete-n-5kg\/"},"modified":"2026-03-18T08:30:57","modified_gmt":"2026-03-18T07:30:57","slug":"aditiv-za-vodonepropusnost-betonasika-plastocrete-n-5kg","status":"publish","type":"product","link":"https:\/\/hidroterm.dmcsrbija.com\/ru\/proizvod\/aditiv-za-vodonepropusnost-betonasika-plastocrete-n-5kg\/","title":{"rendered":"Aditiv za vodonepropusnost betonaSika Plastocrete N 5kg"},"content":{"rendered":"<h6 data-start=\"140\" data-end=\"205\">Sika Plastocrete N \u2013 aditiv za vodonepropusnost betona (5 kg)<\/h6>\n<p data-start=\"207\" data-end=\"464\"><strong data-start=\"207\" data-end=\"229\">Sika Plastocrete N<\/strong> je visokokvalitetni plastifikator i hidrofobni aditiv za beton koji uvodi kontrolisanu koli\u010dinu vazduha u me\u0161avinu. Poma\u017ee u pobolj\u0161anju plasti\u010dnosti, obradivosti i trajnosti betona, sa posebnom otporno\u0161\u0107u na mraz i vodonepropusno\u0161\u0107u.<\/p>\n<p data-start=\"466\" data-end=\"780\">Ovaj aditiv se koristi u \u0161irokom spektru gra\u0111evinskih radova, naro\u010dito u hidrogradnji, kao i u visokogradnji i niskogradnji: elektrane, kanali, rezervoari, postrojenja za pre\u010di\u0161\u0107avanje otpadnih voda, tunele, mostove, galerije i druge objekte gde su potrebne pouzdane karakteristike otpornosti na vodu i smrzavanje.<\/p>\n<p data-start=\"782\" data-end=\"967\">Smanjuje odnos voda\/cement (v\/c) bez uticaja na lako\u0107u obrade betona i doprinosi dugotrajnosti konstrukcije. Ne sadr\u017ei hloride, \u0161to ga \u010dini bezbednim za armirani i prednapregnuti beton.<\/p>\n<p data-start=\"969\" data-end=\"1064\"><strong data-start=\"969\" data-end=\"983\">Potro\u0161nja:<\/strong> oko 0,5 % u odnosu na te\u017einu cementa<br data-start=\"1020\" data-end=\"1023\" \/><strong data-start=\"1023\" data-end=\"1037\">Pakovanje:<\/strong> 5 kg<br data-start=\"1042\" data-end=\"1045\" \/><strong data-start=\"1045\" data-end=\"1054\">Cena:<\/strong> po komadu<\/p>","protected":false},"excerpt":{"rendered":"<p>Sika Plastocrete N \u2013 aditiv za vodonepropusnost betona (5 kg) Sika Plastocrete N je visokokvalitetni plastifikator i hidrofobni aditiv za beton koji uvodi kontrolisanu koli\u010dinu vazduha u me\u0161avinu. Poma\u017ee u pobolj\u0161anju plasti\u010dnosti, obradivosti i trajnosti betona, sa posebnom otporno\u0161\u0107u na mraz i vodonepropusno\u0161\u0107u. Ovaj aditiv se koristi u \u0161irokom spektru gra\u0111evinskih radova, naro\u010dito u hidrogradnji, [&hellip;]<\/p>\n","protected":false},"featured_media":22755,"template":"","meta":[],"product_brand":[],"product_cat":[5015,5006],"product_tag":[],"class_list":{"0":"post-22754","1":"product","2":"type-product","3":"status-publish","4":"has-post-thumbnail","6":"product_cat-aditivi-za-beton","7":"product_cat-gradjevinski-materijal","9":"first","10":"instock","11":"sold-individually","12":"purchasable","13":"product-type-simple"},"_links":{"self":[{"href":"https:\/\/hidroterm.dmcsrbija.com\/ru\/wp-json\/wp\/v2\/product\/22754","targetHints":{"allow":["GET"]}}],"collection":[{"href":"https:\/\/hidroterm.dmcsrbija.com\/ru\/wp-json\/wp\/v2\/product"}],"about":[{"href":"https:\/\/hidroterm.dmcsrbija.com\/ru\/wp-json\/wp\/v2\/types\/product"}],"wp:featuredmedia":[{"embeddable":true,"href":"https:\/\/hidroterm.dmcsrbija.com\/ru\/wp-json\/wp\/v2\/media\/22755"}],"wp:attachment":[{"href":"https:\/\/hidroterm.dmcsrbija.com\/ru\/wp-json\/wp\/v2\/media?parent=22754"}],"wp:term":[{"taxonomy":"product_brand","embeddable":true,"href":"https:\/\/hidroterm.dmcsrbija.com\/ru\/wp-json\/wp\/v2\/product_brand?post=22754"},{"taxonomy":"product_cat","embeddable":true,"href":"https:\/\/hidroterm.dmcsrbija.com\/ru\/wp-json\/wp\/v2\/product_cat?post=22754"},{"taxonomy":"product_tag","embeddable":true,"href":"https:\/\/hidroterm.dmcsrbija.com\/ru\/wp-json\/wp\/v2\/product_tag?post=22754"}],"curies":[{"name":"wp","href":"https:\/\/api.w.org\/{rel}","templated":true}]}}