{"id":22752,"date":"2026-03-18T08:30:53","date_gmt":"2026-03-18T07:30:53","guid":{"rendered":"https:\/\/hidroterm.dmcsrbija.com\/proizvod\/plastifikator-maltera-zamena-za-krec-sika-mix-plus-1kg\/"},"modified":"2026-03-18T08:30:56","modified_gmt":"2026-03-18T07:30:56","slug":"plastifikator-maltera-zamena-za-krec-sika-mix-plus-1kg","status":"publish","type":"product","link":"https:\/\/hidroterm.dmcsrbija.com\/ru\/proizvod\/plastifikator-maltera-zamena-za-krec-sika-mix-plus-1kg\/","title":{"rendered":"Plastifikator maltera-zamena za kre\u010d-Sika Mix Plus (1kg)"},"content":{"rendered":"<h6 data-start=\"130\" data-end=\"194\">Sika Mix Plus \u2013 plastifikator maltera, zamena za kre\u010d (1 kg)<\/h6>\n<p data-start=\"196\" data-end=\"533\"><strong data-start=\"196\" data-end=\"213\">Sika Mix Plus<\/strong> je gotovi te\u010dni plastifikator za maltere, namenjen kao efikasna <strong data-start=\"278\" data-end=\"296\">zamena za kre\u010d<\/strong> u cementnim malterima za zidanje i malterisanje. Proizvod zna\u010dajno pobolj\u0161ava plasti\u010dnost sve\u017eeg maltera, produ\u017eava vreme obrade i omogu\u0107ava lak\u0161u ugradnju, uz istovremeno pove\u0107anje mehani\u010dkih karakteristika i trajnosti gotove povr\u0161ine.<\/p>\n<p data-start=\"535\" data-end=\"884\">Dodavanjem Sika Mix Plus aditiva posti\u017ee se ujedna\u010denija struktura maltera, smanjuje se pojava naprslina i pobolj\u0161ava otpornost na mraz, \u0161to ga \u010dini pogodnim za unutra\u0161nju i spolja\u0161nju primenu. Proizvod je posebno namenjen za spravljanje visokokvalitetnih maltera za zidanje i malterisanje, gde je potrebna dobra obradivost, \u010dvrsto\u0107a i dugotrajnost.<\/p>\n<p data-start=\"886\" data-end=\"1425\">Sika Mix Plus se koristi tako \u0161to se dodaje u \u010distu vodu, zajedno sa eventualnim dodatkom Sika Latex-a, a zatim se tako pripremljena te\u010dnost ume\u0161ava u me\u0161avinu peska i cementa. Kod maltera za malterisanje uobi\u010dajen odnos cementa i peska je pribli\u017eno 1:3, uz dodatak oko 3 kg kre\u010da, 100 g Sika Mix Plus aditiva, do 5 kg Sika Latex-a i potrebnu koli\u010dinu vode. Za maltere namenjene zidanju preporu\u010duje se ista osnovna receptura cementa i peska, uz oko 3 kg kre\u010da, 150 g Sika Mix Plus aditiva, 2\u20134 kg Sika Latex-a i odgovaraju\u0107u koli\u010dinu vode.<\/p>\n<p data-start=\"1427\" data-end=\"1565\">Sika Mix Plus poseduje <strong data-start=\"1450\" data-end=\"1463\">CE oznaku<\/strong> kao aditiv za gra\u0111evinski malter, \u0161to potvr\u0111uje njegov kvalitet i uskla\u0111enost sa va\u017ee\u0107im standardima.<\/p>\n<p data-start=\"1567\" data-end=\"1608\"><strong data-start=\"1567\" data-end=\"1581\">Pakovanje:<\/strong> 1 kg<br data-start=\"1586\" data-end=\"1589\" \/><strong data-start=\"1589\" data-end=\"1598\">Cena:<\/strong> po komadu<\/p>","protected":false},"excerpt":{"rendered":"<p>Sika Mix Plus \u2013 plastifikator maltera, zamena za kre\u010d (1 kg) Sika Mix Plus je gotovi te\u010dni plastifikator za maltere, namenjen kao efikasna zamena za kre\u010d u cementnim malterima za zidanje i malterisanje. Proizvod zna\u010dajno pobolj\u0161ava plasti\u010dnost sve\u017eeg maltera, produ\u017eava vreme obrade i omogu\u0107ava lak\u0161u ugradnju, uz istovremeno pove\u0107anje mehani\u010dkih karakteristika i trajnosti gotove povr\u0161ine. [&hellip;]<\/p>\n","protected":false},"featured_media":22753,"template":"","meta":[],"product_brand":[],"product_cat":[5015,5006],"product_tag":[],"class_list":{"0":"post-22752","1":"product","2":"type-product","3":"status-publish","4":"has-post-thumbnail","6":"product_cat-aditivi-za-beton","7":"product_cat-gradjevinski-materijal","9":"first","10":"instock","11":"sold-individually","12":"purchasable","13":"product-type-simple"},"_links":{"self":[{"href":"https:\/\/hidroterm.dmcsrbija.com\/ru\/wp-json\/wp\/v2\/product\/22752","targetHints":{"allow":["GET"]}}],"collection":[{"href":"https:\/\/hidroterm.dmcsrbija.com\/ru\/wp-json\/wp\/v2\/product"}],"about":[{"href":"https:\/\/hidroterm.dmcsrbija.com\/ru\/wp-json\/wp\/v2\/types\/product"}],"wp:featuredmedia":[{"embeddable":true,"href":"https:\/\/hidroterm.dmcsrbija.com\/ru\/wp-json\/wp\/v2\/media\/22753"}],"wp:attachment":[{"href":"https:\/\/hidroterm.dmcsrbija.com\/ru\/wp-json\/wp\/v2\/media?parent=22752"}],"wp:term":[{"taxonomy":"product_brand","embeddable":true,"href":"https:\/\/hidroterm.dmcsrbija.com\/ru\/wp-json\/wp\/v2\/product_brand?post=22752"},{"taxonomy":"product_cat","embeddable":true,"href":"https:\/\/hidroterm.dmcsrbija.com\/ru\/wp-json\/wp\/v2\/product_cat?post=22752"},{"taxonomy":"product_tag","embeddable":true,"href":"https:\/\/hidroterm.dmcsrbija.com\/ru\/wp-json\/wp\/v2\/product_tag?post=22752"}],"curies":[{"name":"wp","href":"https:\/\/api.w.org\/{rel}","templated":true}]}}