{"id":22751,"date":"2026-03-18T08:30:53","date_gmt":"2026-03-18T07:30:53","guid":{"rendered":"https:\/\/hidroterm.dmcsrbija.com\/proizvod\/aditiv-za-povecavanje-otpornosti-betona-sika-latex-s-20kg\/"},"modified":"2026-03-18T08:30:56","modified_gmt":"2026-03-18T07:30:56","slug":"aditiv-za-povecavanje-otpornosti-betona-sika-latex-s-20kg","status":"publish","type":"product","link":"https:\/\/hidroterm.dmcsrbija.com\/ru\/proizvod\/aditiv-za-povecavanje-otpornosti-betona-sika-latex-s-20kg\/","title":{"rendered":"Aditiv za pove\u0107avanje otpornosti betona Sika Latex S 20kg"},"content":{"rendered":"<h6 data-start=\"134\" data-end=\"208\">Sika Latex S \u2013 aditiv za pove\u0107anje otpornosti betona i maltera (20 kg)<\/h6>\n<p data-start=\"210\" data-end=\"455\"><strong data-start=\"210\" data-end=\"226\">Sika Latex S<\/strong> je vezivna emulzija na bazi sinteti\u010dkog kau\u010duka, dizajnirana za pove\u0107anje otpornosti betona i maltera. Ovaj vodonepropusni aditiv obezbe\u0111uje sna\u017eno prianjanje izme\u0111u starog i novog betona, pobolj\u0161avaju\u0107i vezu i trajnost slojeva.<\/p>\n<p data-start=\"457\" data-end=\"735\">Koristi se kao dodatak za pove\u0107anje plasti\u010dnosti sve\u017ee betonske mase i ja\u010danje mehani\u010dkih osobina, naro\u010dito \u010dvrsto\u0107e na zatezanje i savijanje. Sika Latex S poma\u017ee u smanjenju napona skupljanja kod tankih slojeva estriha, \u010dime se umanjuje rizik od pucanja i pove\u0107ava dugove\u010dnost.<\/p>\n<p data-start=\"737\" data-end=\"890\">Mo\u017ee se koristiti i kao podloga na vodoupijnim povr\u0161inama, idealan je za obnovu i popravku betonskih konstrukcija i primenu u hidroizolacionim sistemima.<\/p>\n<p data-start=\"892\" data-end=\"934\"><strong data-start=\"892\" data-end=\"906\">Pakovanje:<\/strong> 20 kg<br data-start=\"912\" data-end=\"915\" \/><strong data-start=\"915\" data-end=\"924\">Cena:<\/strong> po komadu<\/p>\n<p>&nbsp;<\/p>","protected":false},"excerpt":{"rendered":"<p>Sika Latex S \u2013 aditiv za pove\u0107anje otpornosti betona i maltera (20 kg) Sika Latex S je vezivna emulzija na bazi sinteti\u010dkog kau\u010duka, dizajnirana za pove\u0107anje otpornosti betona i maltera. Ovaj vodonepropusni aditiv obezbe\u0111uje sna\u017eno prianjanje izme\u0111u starog i novog betona, pobolj\u0161avaju\u0107i vezu i trajnost slojeva. Koristi se kao dodatak za pove\u0107anje plasti\u010dnosti sve\u017ee betonske [&hellip;]<\/p>\n","protected":false},"featured_media":22749,"template":"","meta":[],"product_brand":[],"product_cat":[5015,5006],"product_tag":[],"class_list":{"0":"post-22751","1":"product","2":"type-product","3":"status-publish","4":"has-post-thumbnail","6":"product_cat-aditivi-za-beton","7":"product_cat-gradjevinski-materijal","9":"first","10":"instock","11":"sold-individually","12":"purchasable","13":"product-type-simple"},"_links":{"self":[{"href":"https:\/\/hidroterm.dmcsrbija.com\/ru\/wp-json\/wp\/v2\/product\/22751","targetHints":{"allow":["GET"]}}],"collection":[{"href":"https:\/\/hidroterm.dmcsrbija.com\/ru\/wp-json\/wp\/v2\/product"}],"about":[{"href":"https:\/\/hidroterm.dmcsrbija.com\/ru\/wp-json\/wp\/v2\/types\/product"}],"wp:featuredmedia":[{"embeddable":true,"href":"https:\/\/hidroterm.dmcsrbija.com\/ru\/wp-json\/wp\/v2\/media\/22749"}],"wp:attachment":[{"href":"https:\/\/hidroterm.dmcsrbija.com\/ru\/wp-json\/wp\/v2\/media?parent=22751"}],"wp:term":[{"taxonomy":"product_brand","embeddable":true,"href":"https:\/\/hidroterm.dmcsrbija.com\/ru\/wp-json\/wp\/v2\/product_brand?post=22751"},{"taxonomy":"product_cat","embeddable":true,"href":"https:\/\/hidroterm.dmcsrbija.com\/ru\/wp-json\/wp\/v2\/product_cat?post=22751"},{"taxonomy":"product_tag","embeddable":true,"href":"https:\/\/hidroterm.dmcsrbija.com\/ru\/wp-json\/wp\/v2\/product_tag?post=22751"}],"curies":[{"name":"wp","href":"https:\/\/api.w.org\/{rel}","templated":true}]}}