{"id":22750,"date":"2026-03-18T08:30:53","date_gmt":"2026-03-18T07:30:53","guid":{"rendered":"https:\/\/hidroterm.dmcsrbija.com\/proizvod\/aditiv-za-povecavanje-otpornosti-betona-sika-latex-s-5kg\/"},"modified":"2026-03-18T08:30:56","modified_gmt":"2026-03-18T07:30:56","slug":"aditiv-za-povecavanje-otpornosti-betona-sika-latex-s-5kg","status":"publish","type":"product","link":"https:\/\/hidroterm.dmcsrbija.com\/ru\/proizvod\/aditiv-za-povecavanje-otpornosti-betona-sika-latex-s-5kg\/","title":{"rendered":"Aditiv za pove\u0107avanje otpornosti betona Sika Latex S 5kg"},"content":{"rendered":"<h6 data-start=\"135\" data-end=\"208\">Sika Latex S \u2013 aditiv za pove\u0107anje otpornosti betona i maltera (5 kg)<\/h6>\n<p data-start=\"210\" data-end=\"524\"><strong data-start=\"210\" data-end=\"226\">Sika Latex S<\/strong> je vezivna emulzija na bazi sinteti\u010dkog kau\u010duka koja slu\u017ei za pove\u0107anje otpornosti betona i maltera. Ovaj vodonepropusni aditiv pobolj\u0161ava prianjanje izme\u0111u starog i novog betona, pove\u0107ava plasti\u010dnost sve\u017ee betonske mase i ja\u010da mehani\u010dke karakteristike, naro\u010dito \u010dvrsto\u0107u na zatezanje i savijanje.<\/p>\n<p data-start=\"526\" data-end=\"816\">Sika Latex S smanjuje napone skupljanja kod tankih slojeva estriha, \u010dime se smanjuje rizik od pucanja i produ\u017eava dugove\u010dnost konstrukcije. Mo\u017ee se koristiti i kao podloga na vodoupijnim povr\u0161inama, idealan je za obnovu i popravku betonskih konstrukcija, kao i u hidroizolacionim sistemima.<\/p>\n<p data-start=\"818\" data-end=\"859\"><strong data-start=\"818\" data-end=\"832\">Pakovanje:<\/strong> 5 kg<br data-start=\"837\" data-end=\"840\" \/><strong data-start=\"840\" data-end=\"849\">Cena:<\/strong> po komadu<\/p>","protected":false},"excerpt":{"rendered":"<p>Sika Latex S \u2013 aditiv za pove\u0107anje otpornosti betona i maltera (5 kg) Sika Latex S je vezivna emulzija na bazi sinteti\u010dkog kau\u010duka koja slu\u017ei za pove\u0107anje otpornosti betona i maltera. Ovaj vodonepropusni aditiv pobolj\u0161ava prianjanje izme\u0111u starog i novog betona, pove\u0107ava plasti\u010dnost sve\u017ee betonske mase i ja\u010da mehani\u010dke karakteristike, naro\u010dito \u010dvrsto\u0107u na zatezanje i [&hellip;]<\/p>\n","protected":false},"featured_media":22749,"template":"","meta":[],"product_brand":[],"product_cat":[5015,5006],"product_tag":[],"class_list":{"0":"post-22750","1":"product","2":"type-product","3":"status-publish","4":"has-post-thumbnail","6":"product_cat-aditivi-za-beton","7":"product_cat-gradjevinski-materijal","9":"first","10":"instock","11":"sold-individually","12":"purchasable","13":"product-type-simple"},"_links":{"self":[{"href":"https:\/\/hidroterm.dmcsrbija.com\/ru\/wp-json\/wp\/v2\/product\/22750","targetHints":{"allow":["GET"]}}],"collection":[{"href":"https:\/\/hidroterm.dmcsrbija.com\/ru\/wp-json\/wp\/v2\/product"}],"about":[{"href":"https:\/\/hidroterm.dmcsrbija.com\/ru\/wp-json\/wp\/v2\/types\/product"}],"wp:featuredmedia":[{"embeddable":true,"href":"https:\/\/hidroterm.dmcsrbija.com\/ru\/wp-json\/wp\/v2\/media\/22749"}],"wp:attachment":[{"href":"https:\/\/hidroterm.dmcsrbija.com\/ru\/wp-json\/wp\/v2\/media?parent=22750"}],"wp:term":[{"taxonomy":"product_brand","embeddable":true,"href":"https:\/\/hidroterm.dmcsrbija.com\/ru\/wp-json\/wp\/v2\/product_brand?post=22750"},{"taxonomy":"product_cat","embeddable":true,"href":"https:\/\/hidroterm.dmcsrbija.com\/ru\/wp-json\/wp\/v2\/product_cat?post=22750"},{"taxonomy":"product_tag","embeddable":true,"href":"https:\/\/hidroterm.dmcsrbija.com\/ru\/wp-json\/wp\/v2\/product_tag?post=22750"}],"curies":[{"name":"wp","href":"https:\/\/api.w.org\/{rel}","templated":true}]}}