{"id":22748,"date":"2026-03-18T08:30:53","date_gmt":"2026-03-18T07:30:53","guid":{"rendered":"https:\/\/hidroterm.dmcsrbija.com\/proizvod\/aditiv-za-povecavanje-otpornosti-betona-sika-latex-s-1kg\/"},"modified":"2026-03-18T08:30:56","modified_gmt":"2026-03-18T07:30:56","slug":"aditiv-za-povecavanje-otpornosti-betona-sika-latex-s-1kg","status":"publish","type":"product","link":"https:\/\/hidroterm.dmcsrbija.com\/ru\/proizvod\/aditiv-za-povecavanje-otpornosti-betona-sika-latex-s-1kg\/","title":{"rendered":"Aditiv za pove\u0107avanje otpornosti betona Sika Latex S 1kg"},"content":{"rendered":"<h6 data-start=\"136\" data-end=\"209\">Sika Latex S \u2013 aditiv za pove\u0107anje otpornosti betona i maltera (1 kg)<\/h6>\n<p data-start=\"211\" data-end=\"488\"><strong data-start=\"211\" data-end=\"227\">Sika Latex S<\/strong> je visokokvalitetna vezivna emulzija na bazi sinteti\u010dkog kau\u010duka, namenjena za pove\u0107anje otpornosti betona i maltera. Ovaj vodonepropusni aditiv deluje kao pouzdan prijanjaju\u0107i most izme\u0111u starog i novog betona, pobolj\u0161avaju\u0107i prianjanje i vezu izme\u0111u slojeva.<\/p>\n<p data-start=\"490\" data-end=\"814\">Koristi se kao dodatak betonu i malteru za pove\u0107anje plasti\u010dnosti sve\u017ee betonske mase, kao i za pobolj\u0161anje mehani\u010dkih karakteristika, naro\u010dito \u010dvrsto\u0107e na zatezanje i savijanje. Sika Latex S je posebno efikasan u smanjenju napona skupljanja kod tankih slojeva estriha, \u010dime se smanjuje rizik od pucanja i pove\u0107ava trajnost.<\/p>\n<p data-start=\"816\" data-end=\"1027\">Mo\u017ee se koristiti i kao podloga na vodoupijnim povr\u0161inama, pru\u017eaju\u0107i izuzetnu vezu i dugotrajnu za\u0161titu. Idealna je za obnovu i popravljanje betonskih konstrukcija, kao i za primenu u hidroizolacionim sistemima.<\/p>\n<p data-start=\"1029\" data-end=\"1070\"><strong data-start=\"1029\" data-end=\"1043\">Pakovanje:<\/strong> 1 kg<br data-start=\"1048\" data-end=\"1051\" \/><strong data-start=\"1051\" data-end=\"1060\">Cena:<\/strong> po komadu<\/p>\n<p>&nbsp;<\/p>","protected":false},"excerpt":{"rendered":"<p>Sika Latex S \u2013 aditiv za pove\u0107anje otpornosti betona i maltera (1 kg) Sika Latex S je visokokvalitetna vezivna emulzija na bazi sinteti\u010dkog kau\u010duka, namenjena za pove\u0107anje otpornosti betona i maltera. Ovaj vodonepropusni aditiv deluje kao pouzdan prijanjaju\u0107i most izme\u0111u starog i novog betona, pobolj\u0161avaju\u0107i prianjanje i vezu izme\u0111u slojeva. Koristi se kao dodatak betonu [&hellip;]<\/p>\n","protected":false},"featured_media":22749,"template":"","meta":[],"product_brand":[],"product_cat":[5015,5006],"product_tag":[],"class_list":{"0":"post-22748","1":"product","2":"type-product","3":"status-publish","4":"has-post-thumbnail","6":"product_cat-aditivi-za-beton","7":"product_cat-gradjevinski-materijal","9":"first","10":"instock","11":"sold-individually","12":"purchasable","13":"product-type-simple"},"_links":{"self":[{"href":"https:\/\/hidroterm.dmcsrbija.com\/ru\/wp-json\/wp\/v2\/product\/22748","targetHints":{"allow":["GET"]}}],"collection":[{"href":"https:\/\/hidroterm.dmcsrbija.com\/ru\/wp-json\/wp\/v2\/product"}],"about":[{"href":"https:\/\/hidroterm.dmcsrbija.com\/ru\/wp-json\/wp\/v2\/types\/product"}],"wp:featuredmedia":[{"embeddable":true,"href":"https:\/\/hidroterm.dmcsrbija.com\/ru\/wp-json\/wp\/v2\/media\/22749"}],"wp:attachment":[{"href":"https:\/\/hidroterm.dmcsrbija.com\/ru\/wp-json\/wp\/v2\/media?parent=22748"}],"wp:term":[{"taxonomy":"product_brand","embeddable":true,"href":"https:\/\/hidroterm.dmcsrbija.com\/ru\/wp-json\/wp\/v2\/product_brand?post=22748"},{"taxonomy":"product_cat","embeddable":true,"href":"https:\/\/hidroterm.dmcsrbija.com\/ru\/wp-json\/wp\/v2\/product_cat?post=22748"},{"taxonomy":"product_tag","embeddable":true,"href":"https:\/\/hidroterm.dmcsrbija.com\/ru\/wp-json\/wp\/v2\/product_tag?post=22748"}],"curies":[{"name":"wp","href":"https:\/\/api.w.org\/{rel}","templated":true}]}}