{"id":22746,"date":"2026-03-18T08:30:53","date_gmt":"2026-03-18T07:30:53","guid":{"rendered":"https:\/\/hidroterm.dmcsrbija.com\/proizvod\/aditiv-za-vodonepropusnost-betona-sika-1-5kg\/"},"modified":"2026-03-18T08:30:56","modified_gmt":"2026-03-18T07:30:56","slug":"aditiv-za-vodonepropusnost-betona-sika-1-5kg","status":"publish","type":"product","link":"https:\/\/hidroterm.dmcsrbija.com\/ru\/proizvod\/aditiv-za-vodonepropusnost-betona-sika-1-5kg\/","title":{"rendered":"Aditiv za vodonepropusnost betona Sika -1 (5kg)"},"content":{"rendered":"<h6 data-start=\"118\" data-end=\"181\">Sika-1 \u2013 aditiv za vodonepropusnost betona i maltera (5 kg)<\/h6>\n<p data-start=\"183\" data-end=\"491\"><strong data-start=\"183\" data-end=\"193\">Sika-1<\/strong> je te\u010dni aditiv namenjen za spravljanje <strong data-start=\"234\" data-end=\"270\">vodonepropusnog betona i maltera<\/strong>, koji se koristi tamo gde je potrebna pove\u0107ana otpornost na prodor vode i vlage. Dodavanjem ovog aditiva u me\u0161avinu dobija se malter sa znatno smanjenom sposobno\u0161\u0107u upijanja vode i pobolj\u0161anom dugotrajnom vodootporno\u0161\u0107u.<\/p>\n<p data-start=\"493\" data-end=\"836\">U sve\u017eem stanju malter sa dodatkom Sika-1 aditiva se lak\u0161e prera\u0111uje, ima bolju obradivost i ujedna\u010deniju strukturu, dok u o\u010dvrslom stanju pru\u017ea pouzdanu za\u0161titu od vlage. Proizvod je pogodan za izradu vodootpornih maltera za zidove i fasade, prevlaka za podove, kao i za maltere za fugovanje, kako u unutra\u0161njim tako i u spolja\u0161njim uslovima.<\/p>\n<p data-start=\"838\" data-end=\"1075\">Sika-1 se dozira pribli\u017eno 0,2\u20130,3 kg po kvadratnom metru za sloj debljine 1 cm, u zavisnosti od vrste podloge i zahteva projekta. Aditiv nije otrovan niti korozivan, \u0161to ga \u010dini bezbednim za upotrebu u standardnim gra\u0111evinskim uslovima.<\/p>\n<p data-start=\"1077\" data-end=\"1118\"><strong data-start=\"1077\" data-end=\"1091\">Pakovanje:<\/strong> 5 kg<br data-start=\"1096\" data-end=\"1099\" \/><strong data-start=\"1099\" data-end=\"1108\">Cena:<\/strong> po komadu<\/p>","protected":false},"excerpt":{"rendered":"<p>Sika-1 \u2013 aditiv za vodonepropusnost betona i maltera (5 kg) Sika-1 je te\u010dni aditiv namenjen za spravljanje vodonepropusnog betona i maltera, koji se koristi tamo gde je potrebna pove\u0107ana otpornost na prodor vode i vlage. Dodavanjem ovog aditiva u me\u0161avinu dobija se malter sa znatno smanjenom sposobno\u0161\u0107u upijanja vode i pobolj\u0161anom dugotrajnom vodootporno\u0161\u0107u. U sve\u017eem [&hellip;]<\/p>\n","protected":false},"featured_media":22747,"template":"","meta":[],"product_brand":[],"product_cat":[5015,5006],"product_tag":[],"class_list":{"0":"post-22746","1":"product","2":"type-product","3":"status-publish","4":"has-post-thumbnail","6":"product_cat-aditivi-za-beton","7":"product_cat-gradjevinski-materijal","9":"first","10":"instock","11":"sold-individually","12":"purchasable","13":"product-type-simple"},"_links":{"self":[{"href":"https:\/\/hidroterm.dmcsrbija.com\/ru\/wp-json\/wp\/v2\/product\/22746","targetHints":{"allow":["GET"]}}],"collection":[{"href":"https:\/\/hidroterm.dmcsrbija.com\/ru\/wp-json\/wp\/v2\/product"}],"about":[{"href":"https:\/\/hidroterm.dmcsrbija.com\/ru\/wp-json\/wp\/v2\/types\/product"}],"wp:featuredmedia":[{"embeddable":true,"href":"https:\/\/hidroterm.dmcsrbija.com\/ru\/wp-json\/wp\/v2\/media\/22747"}],"wp:attachment":[{"href":"https:\/\/hidroterm.dmcsrbija.com\/ru\/wp-json\/wp\/v2\/media?parent=22746"}],"wp:term":[{"taxonomy":"product_brand","embeddable":true,"href":"https:\/\/hidroterm.dmcsrbija.com\/ru\/wp-json\/wp\/v2\/product_brand?post=22746"},{"taxonomy":"product_cat","embeddable":true,"href":"https:\/\/hidroterm.dmcsrbija.com\/ru\/wp-json\/wp\/v2\/product_cat?post=22746"},{"taxonomy":"product_tag","embeddable":true,"href":"https:\/\/hidroterm.dmcsrbija.com\/ru\/wp-json\/wp\/v2\/product_tag?post=22746"}],"curies":[{"name":"wp","href":"https:\/\/api.w.org\/{rel}","templated":true}]}}