{"id":22744,"date":"2026-03-18T08:30:53","date_gmt":"2026-03-18T07:30:53","guid":{"rendered":"https:\/\/hidroterm.dmcsrbija.com\/proizvod\/sikadur-42-5kg\/"},"modified":"2026-03-18T08:30:56","modified_gmt":"2026-03-18T07:30:56","slug":"sikadur-42-5kg","status":"publish","type":"product","link":"https:\/\/hidroterm.dmcsrbija.com\/ru\/proizvod\/sikadur-42-5kg\/","title":{"rendered":"SikaDur 42 5kg"},"content":{"rendered":"<h5 data-start=\"76\" data-end=\"161\">SikaDur\u00ae-42 SP \u2013 Trokomponentni epoksidni samorazlivni malter visokih performansi<\/h5>\n<p data-start=\"163\" data-end=\"491\"><strong data-start=\"163\" data-end=\"181\">SikaDur\u00ae-42 SP<\/strong> je trokomponentni, brzovezuju\u0107i epoksidni malter na bazi specijalne kombinacije epoksidnih smola i agregata, namenjen za zalivanje i popunjavanje sa velikom \u010dvrsto\u0107om i dugotrajnom otpornosti. Bez rastvara\u010da, ovaj materijal pru\u017ea odli\u010dnu te\u010dnost i jednostavnost nano\u0161enja, sa izvanrednim razlivnim svojstvima.<\/p>\n<p data-start=\"493\" data-end=\"724\">Idealno prianja na raznovrsne gra\u0111evinske materijale kao \u0161to su beton, malter, kamen, opeka, fibrocement, \u010delik, staklo, poliester i epoksidne smole, \u0161to ga \u010dini univerzalnim izborom za razli\u010dite gra\u0111evinske i industrijske primene.<\/p>\n<p data-start=\"726\" data-end=\"942\">Koristi se za fiksiranje zavrtnjeva i ankera na horizontalnim povr\u0161inama, ankerisanje armature u betonu, podlivanje oslona\u010dkih plo\u010da mostova i ma\u0161ina, kao i za precizno i trajno zapunjavanje pukotina i rupa u betonu.<\/p>\n<p data-start=\"944\" data-end=\"983\"><strong data-start=\"944\" data-end=\"983\">Prednosti ovog proizvoda uklju\u010duju:<\/strong><\/p>\n<ul data-start=\"985\" data-end=\"1346\">\n<li data-start=\"985\" data-end=\"1040\">\n<p data-start=\"987\" data-end=\"1040\">Izuzetnu adheziju na ve\u0107inu gra\u0111evinskih materijala<\/p>\n<\/li>\n<li data-start=\"1041\" data-end=\"1107\">\n<p data-start=\"1043\" data-end=\"1107\">O\u010dvr\u0161\u0107avanje bez skupljanja i otpornost na vlagu tokom procesa<\/p>\n<\/li>\n<li data-start=\"1108\" data-end=\"1163\">\n<p data-start=\"1110\" data-end=\"1163\">Visoku mehani\u010dku otpornost i otpornost na vibracije<\/p>\n<\/li>\n<li data-start=\"1164\" data-end=\"1195\">\n<p data-start=\"1166\" data-end=\"1195\">Nepropusnost za vodenu paru<\/p>\n<\/li>\n<li data-start=\"1196\" data-end=\"1264\">\n<p data-start=\"1198\" data-end=\"1264\">Veliku hemijsku otpornost na kiseline, baze, soli, ulja i goriva<\/p>\n<\/li>\n<li data-start=\"1265\" data-end=\"1346\">\n<p data-start=\"1267\" data-end=\"1346\">Mogu\u0107nost nano\u0161enja na suve ili blago vla\u017ene podloge bez potrebe za prajmerom<\/p>\n<\/li>\n<\/ul>\n<p>Cena po pakovanju.<\/p>","protected":false},"excerpt":{"rendered":"<p>SikaDur\u00ae-42 SP \u2013 Trokomponentni epoksidni samorazlivni malter visokih performansi SikaDur\u00ae-42 SP je trokomponentni, brzovezuju\u0107i epoksidni malter na bazi specijalne kombinacije epoksidnih smola i agregata, namenjen za zalivanje i popunjavanje sa velikom \u010dvrsto\u0107om i dugotrajnom otpornosti. Bez rastvara\u010da, ovaj materijal pru\u017ea odli\u010dnu te\u010dnost i jednostavnost nano\u0161enja, sa izvanrednim razlivnim svojstvima. Idealno prianja na raznovrsne gra\u0111evinske materijale [&hellip;]<\/p>\n","protected":false},"featured_media":22745,"template":"","meta":[],"product_brand":[],"product_cat":[5006,5013],"product_tag":[],"class_list":{"0":"post-22744","1":"product","2":"type-product","3":"status-publish","4":"has-post-thumbnail","6":"product_cat-gradjevinski-materijal","7":"product_cat-materijali-za-ankerisanje","9":"first","10":"instock","11":"sold-individually","12":"purchasable","13":"product-type-simple"},"_links":{"self":[{"href":"https:\/\/hidroterm.dmcsrbija.com\/ru\/wp-json\/wp\/v2\/product\/22744","targetHints":{"allow":["GET"]}}],"collection":[{"href":"https:\/\/hidroterm.dmcsrbija.com\/ru\/wp-json\/wp\/v2\/product"}],"about":[{"href":"https:\/\/hidroterm.dmcsrbija.com\/ru\/wp-json\/wp\/v2\/types\/product"}],"wp:featuredmedia":[{"embeddable":true,"href":"https:\/\/hidroterm.dmcsrbija.com\/ru\/wp-json\/wp\/v2\/media\/22745"}],"wp:attachment":[{"href":"https:\/\/hidroterm.dmcsrbija.com\/ru\/wp-json\/wp\/v2\/media?parent=22744"}],"wp:term":[{"taxonomy":"product_brand","embeddable":true,"href":"https:\/\/hidroterm.dmcsrbija.com\/ru\/wp-json\/wp\/v2\/product_brand?post=22744"},{"taxonomy":"product_cat","embeddable":true,"href":"https:\/\/hidroterm.dmcsrbija.com\/ru\/wp-json\/wp\/v2\/product_cat?post=22744"},{"taxonomy":"product_tag","embeddable":true,"href":"https:\/\/hidroterm.dmcsrbija.com\/ru\/wp-json\/wp\/v2\/product_tag?post=22744"}],"curies":[{"name":"wp","href":"https:\/\/api.w.org\/{rel}","templated":true}]}}