{"id":22743,"date":"2026-03-18T08:30:53","date_gmt":"2026-03-18T07:30:53","guid":{"rendered":"https:\/\/hidroterm.dmcsrbija.com\/proizvod\/sikadur-31-6kg\/"},"modified":"2026-03-18T08:30:55","modified_gmt":"2026-03-18T07:30:55","slug":"sikadur-31-6kg","status":"publish","type":"product","link":"https:\/\/hidroterm.dmcsrbija.com\/ru\/proizvod\/sikadur-31-6kg\/","title":{"rendered":"SikaDur 31 6kg"},"content":{"rendered":"<h5 data-start=\"109\" data-end=\"193\">SikaDur\u00ae-31 CF Normal \u2013 Vi\u0161enamenski epoksidni lepak i reparaturni malter (6 kg)<\/h5>\n<p data-start=\"195\" data-end=\"559\"><strong data-start=\"195\" data-end=\"220\">SikaDur\u00ae-31 CF Normal<\/strong> u prakti\u010dnom pakovanju od 6 kg je dvokomponentni, tiksotropni epoksidni lepak i reparaturni malter visokih performansi namenjen za \u0161irok spektar gra\u0111evinskih i reparaturnih primena. Odlikuje se ekstremnom adhezijom na razli\u010dite podloge poput betona, kamena, keramike, \u010delika, drveta i drugih materijala, bez potrebe za upotrebom prajmera.<\/p>\n<p data-start=\"561\" data-end=\"876\">Idealno je re\u0161enje kao <strong data-start=\"584\" data-end=\"604\">strukturni lepak<\/strong> za fiksiranje betonskih elemenata, prirodnog kamena, keramike, maltera, cigle, metala i plastike. Tako\u0111e je efikasan <strong data-start=\"722\" data-end=\"744\">reparaturni malter<\/strong> za popunjavanje rupa, denivelacija, pukotina i o\u0161te\u0107enja na vertikalnim povr\u0161inama i mestima iznad glave, bez rizika od skipljanja.<\/p>\n<p data-start=\"878\" data-end=\"1120\">SikaDur\u00ae-31 omogu\u0107ava lako nano\u0161enje i brzo o\u010dvr\u0161\u0107avanje, \u010dak i na vla\u017enim podlogama, pru\u017eaju\u0107i dugotrajno i kvalitetno re\u0161enje za nivelisanje i popravke u gra\u0111evinarstvu. Potro\u0161nja je izme\u0111u 0,8 i 1,2 kg po m\u00b2, u zavisnosti od vrste primene.<\/p>\n<p data-start=\"878\" data-end=\"1120\">Cena po pakovanju.<\/p>","protected":false},"excerpt":{"rendered":"<p>SikaDur\u00ae-31 CF Normal \u2013 Vi\u0161enamenski epoksidni lepak i reparaturni malter (6 kg) SikaDur\u00ae-31 CF Normal u prakti\u010dnom pakovanju od 6 kg je dvokomponentni, tiksotropni epoksidni lepak i reparaturni malter visokih performansi namenjen za \u0161irok spektar gra\u0111evinskih i reparaturnih primena. Odlikuje se ekstremnom adhezijom na razli\u010dite podloge poput betona, kamena, keramike, \u010delika, drveta i drugih materijala, [&hellip;]<\/p>\n","protected":false},"featured_media":22742,"template":"","meta":[],"product_brand":[],"product_cat":[5006,5013],"product_tag":[],"class_list":{"0":"post-22743","1":"product","2":"type-product","3":"status-publish","4":"has-post-thumbnail","6":"product_cat-gradjevinski-materijal","7":"product_cat-materijali-za-ankerisanje","9":"first","10":"instock","11":"sold-individually","12":"purchasable","13":"product-type-simple"},"_links":{"self":[{"href":"https:\/\/hidroterm.dmcsrbija.com\/ru\/wp-json\/wp\/v2\/product\/22743","targetHints":{"allow":["GET"]}}],"collection":[{"href":"https:\/\/hidroterm.dmcsrbija.com\/ru\/wp-json\/wp\/v2\/product"}],"about":[{"href":"https:\/\/hidroterm.dmcsrbija.com\/ru\/wp-json\/wp\/v2\/types\/product"}],"wp:featuredmedia":[{"embeddable":true,"href":"https:\/\/hidroterm.dmcsrbija.com\/ru\/wp-json\/wp\/v2\/media\/22742"}],"wp:attachment":[{"href":"https:\/\/hidroterm.dmcsrbija.com\/ru\/wp-json\/wp\/v2\/media?parent=22743"}],"wp:term":[{"taxonomy":"product_brand","embeddable":true,"href":"https:\/\/hidroterm.dmcsrbija.com\/ru\/wp-json\/wp\/v2\/product_brand?post=22743"},{"taxonomy":"product_cat","embeddable":true,"href":"https:\/\/hidroterm.dmcsrbija.com\/ru\/wp-json\/wp\/v2\/product_cat?post=22743"},{"taxonomy":"product_tag","embeddable":true,"href":"https:\/\/hidroterm.dmcsrbija.com\/ru\/wp-json\/wp\/v2\/product_tag?post=22743"}],"curies":[{"name":"wp","href":"https:\/\/api.w.org\/{rel}","templated":true}]}}