{"id":22741,"date":"2026-03-18T08:30:53","date_gmt":"2026-03-18T07:30:53","guid":{"rendered":"https:\/\/hidroterm.dmcsrbija.com\/proizvod\/sikadur-31-12kg\/"},"modified":"2026-03-18T08:30:55","modified_gmt":"2026-03-18T07:30:55","slug":"sikadur-31-12kg","status":"publish","type":"product","link":"https:\/\/hidroterm.dmcsrbija.com\/ru\/proizvod\/sikadur-31-12kg\/","title":{"rendered":"SikaDur 31 1,2kg"},"content":{"rendered":"<h5 data-start=\"78\" data-end=\"155\">SikaDur\u00ae-31 CF Normal \u2013 Vi\u0161enamenski epoksidni lepak i reparaturni malter<\/h5>\n<p data-start=\"157\" data-end=\"512\"><strong data-start=\"157\" data-end=\"182\">SikaDur\u00ae-31 CF Normal<\/strong> je dvokomponentni, tiksotropni epoksidni lepak i reparaturni malter visokih performansi, namenjen za razli\u010dite gra\u0111evinske i reparaturne primene. Ovaj proizvod odlikuje se ekstremnom adhezijom na \u0161irokom spektru podloga, uklju\u010duju\u0107i beton, kamen, keramiku, \u010delik, drvo i mnoge druge materijale, a nije potrebna upotreba prajmera.<\/p>\n<p data-start=\"514\" data-end=\"860\">Idealan je kao <strong data-start=\"529\" data-end=\"549\">strukturni lepak<\/strong> za spajanje i fiksiranje betonskih elemenata, prirodnog kamena, keramike, maltera, cigle, metala i plastike. Tako\u0111e, slu\u017ei i kao efikasan <strong data-start=\"688\" data-end=\"710\">reparaturni malter<\/strong> za popunjavanje rupa, denivelacija, pukotina i o\u0161te\u0107enja na vertikalnim povr\u0161inama i mestima iznad glave, bez skipljanja i sa izvanrednom otpornosti.<\/p>\n<p data-start=\"862\" data-end=\"1099\">SikaDur\u00ae-31 omogu\u0107ava lako i precizno nano\u0161enje \u010dak i na vla\u017ene podloge, pru\u017eaju\u0107i trajno re\u0161enje za nivelisanje i popravku u gra\u0111evinarstvu i industriji. Potro\u0161nja je ekonomi\u010dna, izme\u0111u 0,8 i 1,2 kg po m\u00b2, u zavisnosti od vrste primene.<\/p>\n<p data-start=\"862\" data-end=\"1099\">Cena po pakovanju.<\/p>","protected":false},"excerpt":{"rendered":"<p>SikaDur\u00ae-31 CF Normal \u2013 Vi\u0161enamenski epoksidni lepak i reparaturni malter SikaDur\u00ae-31 CF Normal je dvokomponentni, tiksotropni epoksidni lepak i reparaturni malter visokih performansi, namenjen za razli\u010dite gra\u0111evinske i reparaturne primene. Ovaj proizvod odlikuje se ekstremnom adhezijom na \u0161irokom spektru podloga, uklju\u010duju\u0107i beton, kamen, keramiku, \u010delik, drvo i mnoge druge materijale, a nije potrebna upotreba prajmera. [&hellip;]<\/p>\n","protected":false},"featured_media":22742,"template":"","meta":[],"product_brand":[],"product_cat":[5006,5013],"product_tag":[],"class_list":{"0":"post-22741","1":"product","2":"type-product","3":"status-publish","4":"has-post-thumbnail","6":"product_cat-gradjevinski-materijal","7":"product_cat-materijali-za-ankerisanje","9":"first","10":"instock","11":"sold-individually","12":"purchasable","13":"product-type-simple"},"_links":{"self":[{"href":"https:\/\/hidroterm.dmcsrbija.com\/ru\/wp-json\/wp\/v2\/product\/22741","targetHints":{"allow":["GET"]}}],"collection":[{"href":"https:\/\/hidroterm.dmcsrbija.com\/ru\/wp-json\/wp\/v2\/product"}],"about":[{"href":"https:\/\/hidroterm.dmcsrbija.com\/ru\/wp-json\/wp\/v2\/types\/product"}],"wp:featuredmedia":[{"embeddable":true,"href":"https:\/\/hidroterm.dmcsrbija.com\/ru\/wp-json\/wp\/v2\/media\/22742"}],"wp:attachment":[{"href":"https:\/\/hidroterm.dmcsrbija.com\/ru\/wp-json\/wp\/v2\/media?parent=22741"}],"wp:term":[{"taxonomy":"product_brand","embeddable":true,"href":"https:\/\/hidroterm.dmcsrbija.com\/ru\/wp-json\/wp\/v2\/product_brand?post=22741"},{"taxonomy":"product_cat","embeddable":true,"href":"https:\/\/hidroterm.dmcsrbija.com\/ru\/wp-json\/wp\/v2\/product_cat?post=22741"},{"taxonomy":"product_tag","embeddable":true,"href":"https:\/\/hidroterm.dmcsrbija.com\/ru\/wp-json\/wp\/v2\/product_tag?post=22741"}],"curies":[{"name":"wp","href":"https:\/\/api.w.org\/{rel}","templated":true}]}}