{"id":22739,"date":"2026-03-18T08:30:53","date_gmt":"2026-03-18T07:30:53","guid":{"rendered":"https:\/\/hidroterm.dmcsrbija.com\/proizvod\/sika-grout-212-25kg\/"},"modified":"2026-03-18T08:30:55","modified_gmt":"2026-03-18T07:30:55","slug":"sika-grout-212-25kg","status":"publish","type":"product","link":"https:\/\/hidroterm.dmcsrbija.com\/ru\/proizvod\/sika-grout-212-25kg\/","title":{"rendered":"Sika Grout 212 (25kg)"},"content":{"rendered":"<h5 data-start=\"70\" data-end=\"140\">SikaGrout\u00ae-212 \u2013 Ekspandiraju\u0107i cementni malter za visoke \u010dvrsto\u0107e<\/h5>\n<p data-start=\"142\" data-end=\"493\"><strong data-start=\"142\" data-end=\"160\">SikaGrout\u00ae-212<\/strong> je gotova me\u0161avina na cementnoj bazi koja se me\u0161anjem sa vodom pretvara u homogeni i te\u010dni malter sa izuzetnim radnim svojstvima. Zahvaljuju\u0107i kontrolisanom ekspandiraju\u0107em delovanju, ovaj malter ispunjava i stvara pritisak u zatvorenim prostorima, \u010dime osigurava savr\u0161eno prijanjanje i stabilnost bez skupljanja tokom o\u010dvr\u0161\u0107avanja.<\/p>\n<p data-start=\"495\" data-end=\"828\">Idealno je re\u0161enje za sve vrste primena gde je potrebna visoka mehani\u010dka \u010dvrsto\u0107a i odli\u010dna ugradivost. Koristi se za konstruktivno oja\u010davanje betonskih elemenata, ugradnju armaturnih \u0161ipki u prethodno bu\u0161ene rupe, ankerisanje zavrtanja, vijaka i metalnih konstrukcija, kao i za ispunjavanje pukotina, poroznih delova opeke i kamena.<\/p>\n<p data-start=\"830\" data-end=\"1025\">SikaGrout\u00ae-212 je te\u010dan, lako se nanosi i brzo posti\u017ee \u017eeljene mehani\u010dke osobine, \u010dine\u0107i ga pouzdanim izborom za podzi\u0111ivanja, temelje ma\u0161ina, blokiranje konstrukcija i druge gra\u0111evinske zahteve.<\/p>\n<p data-start=\"1027\" data-end=\"1142\">Jedan d\u017eak od 25 kg proizvoda daje oko 12,3 litra maltera, a potro\u0161nja je pribli\u017eno 2 kg\/m\u00b2 po 1 mm debljine sloja.<\/p>\n<p data-start=\"1027\" data-end=\"1142\">Cena po pakovanju.<\/p>","protected":false},"excerpt":{"rendered":"<p>SikaGrout\u00ae-212 \u2013 Ekspandiraju\u0107i cementni malter za visoke \u010dvrsto\u0107e SikaGrout\u00ae-212 je gotova me\u0161avina na cementnoj bazi koja se me\u0161anjem sa vodom pretvara u homogeni i te\u010dni malter sa izuzetnim radnim svojstvima. Zahvaljuju\u0107i kontrolisanom ekspandiraju\u0107em delovanju, ovaj malter ispunjava i stvara pritisak u zatvorenim prostorima, \u010dime osigurava savr\u0161eno prijanjanje i stabilnost bez skupljanja tokom o\u010dvr\u0161\u0107avanja. Idealno je [&hellip;]<\/p>\n","protected":false},"featured_media":22740,"template":"","meta":[],"product_brand":[],"product_cat":[5006,5014],"product_tag":[],"class_list":{"0":"post-22739","1":"product","2":"type-product","3":"status-publish","4":"has-post-thumbnail","6":"product_cat-gradjevinski-materijal","7":"product_cat-sanacija-betona","9":"first","10":"instock","11":"sold-individually","12":"purchasable","13":"product-type-simple"},"_links":{"self":[{"href":"https:\/\/hidroterm.dmcsrbija.com\/ru\/wp-json\/wp\/v2\/product\/22739","targetHints":{"allow":["GET"]}}],"collection":[{"href":"https:\/\/hidroterm.dmcsrbija.com\/ru\/wp-json\/wp\/v2\/product"}],"about":[{"href":"https:\/\/hidroterm.dmcsrbija.com\/ru\/wp-json\/wp\/v2\/types\/product"}],"wp:featuredmedia":[{"embeddable":true,"href":"https:\/\/hidroterm.dmcsrbija.com\/ru\/wp-json\/wp\/v2\/media\/22740"}],"wp:attachment":[{"href":"https:\/\/hidroterm.dmcsrbija.com\/ru\/wp-json\/wp\/v2\/media?parent=22739"}],"wp:term":[{"taxonomy":"product_brand","embeddable":true,"href":"https:\/\/hidroterm.dmcsrbija.com\/ru\/wp-json\/wp\/v2\/product_brand?post=22739"},{"taxonomy":"product_cat","embeddable":true,"href":"https:\/\/hidroterm.dmcsrbija.com\/ru\/wp-json\/wp\/v2\/product_cat?post=22739"},{"taxonomy":"product_tag","embeddable":true,"href":"https:\/\/hidroterm.dmcsrbija.com\/ru\/wp-json\/wp\/v2\/product_tag?post=22739"}],"curies":[{"name":"wp","href":"https:\/\/api.w.org\/{rel}","templated":true}]}}