{"id":22737,"date":"2026-03-18T08:30:53","date_gmt":"2026-03-18T07:30:53","guid":{"rendered":"https:\/\/hidroterm.dmcsrbija.com\/proizvod\/sika-anchorfix-2\/"},"modified":"2026-03-18T08:30:55","modified_gmt":"2026-03-18T07:30:55","slug":"sika-anchorfix-2","status":"publish","type":"product","link":"https:\/\/hidroterm.dmcsrbija.com\/ru\/proizvod\/sika-anchorfix-2\/","title":{"rendered":"Sika Anchorfix 2"},"content":{"rendered":"<h5 data-start=\"142\" data-end=\"206\">Sika AnchorFix\u00ae-2 \u2013 Epoksi masa za profesionalno ankerisanje<\/h5>\n<p data-start=\"208\" data-end=\"653\"><strong data-start=\"208\" data-end=\"229\">Sika AnchorFix\u00ae-2<\/strong> je visokokvalitetna <strong data-start=\"250\" data-end=\"280\">epoksi masa za ankerisanje<\/strong>, namenjena za zahtevne gra\u0111evinske primene gde su potrebni maksimalna nosivost, dugotrajna stabilnost i sertifikovana sigurnost. Koristi se kao brzovezuju\u0107a masa za ankerisanje armaturnih \u0161ipki, navojnih \u0161ipki, zavrtnjeva i specijalnih sistema za fiksiranje u betonu, uklju\u010duju\u0107i i <strong data-start=\"563\" data-end=\"581\">ispucali beton<\/strong>, kao i u punoj opeci, \u010deliku, \u010dvrstom prirodnom kamenu i \u010dvrstoj steni.<\/p>\n<p data-start=\"655\" data-end=\"1072\">Zahvaljuju\u0107i epoksi formuli, Sika AnchorFix\u00ae-2 obezbe\u0111uje izuzetno visoku nosivost i pouzdanu adheziju \u010dak i u najzahtevnijim uslovima. Proizvod je pogodan za naknadnu ugradnju armaturnih \u0161ipki u armirano-betonske preseke i mo\u017ee se koristiti u konstrukcijama izlo\u017eenim seizmi\u010dkim optere\u0107enjima. Nema curenja materijala, \u010dak ni pri radu na vertikalnim povr\u0161inama i iznad glave, \u0161to omogu\u0107ava preciznu i \u010distu ugradnju.<\/p>\n<p data-start=\"1074\" data-end=\"1409\">Masa se nanosi pomo\u0107u standardnih pi\u0161tolja za kartu\u0161e, brzo o\u010dvr\u0161\u0107ava i omogu\u0107ava efikasan rad na gradili\u0161tu uz minimalan gubitak materijala. Ne sadr\u017ei stiren, slabog je mirisa i sertifikovana je za kontakt sa pija\u0107om vodom, \u0161to je \u010dini pogodnom i za infrastrukturne i tehni\u010dke instalacije sa visokim zahtevima bezbednosti i ekologije.<\/p>\n<p data-start=\"1411\" data-end=\"1712\">Sika AnchorFix\u00ae-2 poseduje <strong data-start=\"1438\" data-end=\"1502\">ETA i ETAG 001 sertifikate za ankerisanje u ispucalom betonu<\/strong>, kao i <strong data-start=\"1510\" data-end=\"1566\">ETA sertifikat za naknadnu ugradnju armaturnih \u0161ipki<\/strong>, sertifikat za seizmi\u010dka ispitivanja <strong data-start=\"1604\" data-end=\"1610\">C1<\/strong>, kao i <strong data-start=\"1618\" data-end=\"1638\">LEED sertifikate<\/strong>, \u0161to potvr\u0111uje njenu pouzdanost u profesionalnoj i industrijskoj primeni.<\/p>\n<p data-start=\"1714\" data-end=\"1882\"><strong data-start=\"1714\" data-end=\"1735\">Sika AnchorFix\u00ae-2<\/strong> je idealan izbor za projekte gde su potrebni vrhunski mehani\u010dki parametri, sertifikovana sigurnost i dugotrajno ankerisanje u zahtevnim podlogama.<\/p>","protected":false},"excerpt":{"rendered":"<p>Sika AnchorFix\u00ae-2 \u2013 Epoksi masa za profesionalno ankerisanje Sika AnchorFix\u00ae-2 je visokokvalitetna epoksi masa za ankerisanje, namenjena za zahtevne gra\u0111evinske primene gde su potrebni maksimalna nosivost, dugotrajna stabilnost i sertifikovana sigurnost. Koristi se kao brzovezuju\u0107a masa za ankerisanje armaturnih \u0161ipki, navojnih \u0161ipki, zavrtnjeva i specijalnih sistema za fiksiranje u betonu, uklju\u010duju\u0107i i ispucali beton, kao [&hellip;]<\/p>\n","protected":false},"featured_media":22738,"template":"","meta":[],"product_brand":[],"product_cat":[5006,5013],"product_tag":[],"class_list":{"0":"post-22737","1":"product","2":"type-product","3":"status-publish","4":"has-post-thumbnail","6":"product_cat-gradjevinski-materijal","7":"product_cat-materijali-za-ankerisanje","9":"first","10":"instock","11":"sold-individually","12":"purchasable","13":"product-type-simple"},"_links":{"self":[{"href":"https:\/\/hidroterm.dmcsrbija.com\/ru\/wp-json\/wp\/v2\/product\/22737","targetHints":{"allow":["GET"]}}],"collection":[{"href":"https:\/\/hidroterm.dmcsrbija.com\/ru\/wp-json\/wp\/v2\/product"}],"about":[{"href":"https:\/\/hidroterm.dmcsrbija.com\/ru\/wp-json\/wp\/v2\/types\/product"}],"wp:featuredmedia":[{"embeddable":true,"href":"https:\/\/hidroterm.dmcsrbija.com\/ru\/wp-json\/wp\/v2\/media\/22738"}],"wp:attachment":[{"href":"https:\/\/hidroterm.dmcsrbija.com\/ru\/wp-json\/wp\/v2\/media?parent=22737"}],"wp:term":[{"taxonomy":"product_brand","embeddable":true,"href":"https:\/\/hidroterm.dmcsrbija.com\/ru\/wp-json\/wp\/v2\/product_brand?post=22737"},{"taxonomy":"product_cat","embeddable":true,"href":"https:\/\/hidroterm.dmcsrbija.com\/ru\/wp-json\/wp\/v2\/product_cat?post=22737"},{"taxonomy":"product_tag","embeddable":true,"href":"https:\/\/hidroterm.dmcsrbija.com\/ru\/wp-json\/wp\/v2\/product_tag?post=22737"}],"curies":[{"name":"wp","href":"https:\/\/api.w.org\/{rel}","templated":true}]}}