{"id":22735,"date":"2026-03-18T08:30:53","date_gmt":"2026-03-18T07:30:53","guid":{"rendered":"https:\/\/hidroterm.dmcsrbija.com\/proizvod\/sika-anchorfix-1\/"},"modified":"2026-03-18T08:30:55","modified_gmt":"2026-03-18T07:30:55","slug":"sika-anchorfix-1","status":"publish","type":"product","link":"https:\/\/hidroterm.dmcsrbija.com\/ru\/proizvod\/sika-anchorfix-1\/","title":{"rendered":"Sika Anchorfix 1"},"content":{"rendered":"<h5 data-start=\"118\" data-end=\"174\">Sika AnchorFix\u00ae-1 \u2013 Brzovezuju\u0107a masa za ankerisanje<\/h5>\n<p data-start=\"176\" data-end=\"476\"><strong data-start=\"176\" data-end=\"197\">Sika AnchorFix\u00ae-1<\/strong> je profesionalna brzovezuju\u0107a masa za ankerisanje na bazi metil-metakrilata, namenjena za sigurno i trajno u\u010dvr\u0161\u0107ivanje ankera u razli\u010ditim gra\u0111evinskim podlogama. Zahvaljuju\u0107i brzom vezivanju, omogu\u0107ava brzo optere\u0107enje i efikasan rad, \u010dak i u zahtevnim uslovima na gradili\u0161tu.<\/p>\n<p data-start=\"478\" data-end=\"843\">Koristi se kao sna\u017ean lepak za ankerisanje betonskog gvo\u017e\u0111a (armature), navojnih \u0161ipki, zavrtnjeva i specijalnih sistema za u\u010dvr\u0161\u0107ivanje. Pogodna je za primenu u betonu, prirodnom tvrdom kamenu, \u010dvrstoj steni, kao i u punoj i \u0161upljoj opeci, pri \u010demu je pre rada na prirodnim podlogama preporu\u010dljivo probno nano\u0161enje zbog razli\u010dite strukture i poroznosti materijala.<\/p>\n<p data-start=\"845\" data-end=\"1234\">Sika AnchorFix\u00ae-1 odlikuje se visokim kapacitetom optere\u0107enja i stabilnim performansama, bez curenja materijala \u010dak i pri ugradnji iznad glave. Mo\u017ee se nanositi standardnim pi\u0161toljima za kartu\u0161e i koristiti na niskim temperaturama, \u0161to je \u010dini izuzetno prakti\u010dnom za terenski rad. Proizvod ne sadr\u017ei stiren, slabog je mirisa i omogu\u0107ava \u010dist i bezbedan rad uz minimalan gubitak materijala.<\/p>\n<p data-start=\"1236\" data-end=\"1419\">Dodatnu sigurnost pru\u017eaju <strong data-start=\"1262\" data-end=\"1317\">ETA sertifikati za ankerisanje u neispucalom betonu<\/strong>, kao i za <strong data-start=\"1328\" data-end=\"1351\">punu i \u0161uplju opeku<\/strong>, \u0161to potvr\u0111uje pouzdanost sistema u realnim uslovima eksploatacije.<\/p>\n<p data-start=\"1421\" data-end=\"1573\"><strong data-start=\"1421\" data-end=\"1442\">Sika AnchorFix\u00ae-1<\/strong> je idealan izbor za profesionalce koji zahtevaju brzo, precizno i dugotrajno ankerisanje u gra\u0111evinskim i instalaterskim radovima.<\/p>","protected":false},"excerpt":{"rendered":"<p>Sika AnchorFix\u00ae-1 \u2013 Brzovezuju\u0107a masa za ankerisanje Sika AnchorFix\u00ae-1 je profesionalna brzovezuju\u0107a masa za ankerisanje na bazi metil-metakrilata, namenjena za sigurno i trajno u\u010dvr\u0161\u0107ivanje ankera u razli\u010ditim gra\u0111evinskim podlogama. Zahvaljuju\u0107i brzom vezivanju, omogu\u0107ava brzo optere\u0107enje i efikasan rad, \u010dak i u zahtevnim uslovima na gradili\u0161tu. Koristi se kao sna\u017ean lepak za ankerisanje betonskog gvo\u017e\u0111a (armature), [&hellip;]<\/p>\n","protected":false},"featured_media":22736,"template":"","meta":[],"product_brand":[],"product_cat":[5006,5013],"product_tag":[],"class_list":{"0":"post-22735","1":"product","2":"type-product","3":"status-publish","4":"has-post-thumbnail","6":"product_cat-gradjevinski-materijal","7":"product_cat-materijali-za-ankerisanje","9":"first","10":"instock","11":"sold-individually","12":"purchasable","13":"product-type-simple"},"_links":{"self":[{"href":"https:\/\/hidroterm.dmcsrbija.com\/ru\/wp-json\/wp\/v2\/product\/22735","targetHints":{"allow":["GET"]}}],"collection":[{"href":"https:\/\/hidroterm.dmcsrbija.com\/ru\/wp-json\/wp\/v2\/product"}],"about":[{"href":"https:\/\/hidroterm.dmcsrbija.com\/ru\/wp-json\/wp\/v2\/types\/product"}],"wp:featuredmedia":[{"embeddable":true,"href":"https:\/\/hidroterm.dmcsrbija.com\/ru\/wp-json\/wp\/v2\/media\/22736"}],"wp:attachment":[{"href":"https:\/\/hidroterm.dmcsrbija.com\/ru\/wp-json\/wp\/v2\/media?parent=22735"}],"wp:term":[{"taxonomy":"product_brand","embeddable":true,"href":"https:\/\/hidroterm.dmcsrbija.com\/ru\/wp-json\/wp\/v2\/product_brand?post=22735"},{"taxonomy":"product_cat","embeddable":true,"href":"https:\/\/hidroterm.dmcsrbija.com\/ru\/wp-json\/wp\/v2\/product_cat?post=22735"},{"taxonomy":"product_tag","embeddable":true,"href":"https:\/\/hidroterm.dmcsrbija.com\/ru\/wp-json\/wp\/v2\/product_tag?post=22735"}],"curies":[{"name":"wp","href":"https:\/\/api.w.org\/{rel}","templated":true}]}}