{"id":22733,"date":"2026-03-18T08:30:53","date_gmt":"2026-03-18T07:30:53","guid":{"rendered":"https:\/\/hidroterm.dmcsrbija.com\/proizvod\/sika-ceram-epoxy-remover-2kg\/"},"modified":"2026-03-18T08:30:54","modified_gmt":"2026-03-18T07:30:54","slug":"sika-ceram-epoxy-remover-2kg","status":"publish","type":"product","link":"https:\/\/hidroterm.dmcsrbija.com\/ru\/proizvod\/sika-ceram-epoxy-remover-2kg\/","title":{"rendered":"Sika Ceram Epoxy Remover (2kg)"},"content":{"rendered":"<p data-start=\"226\" data-end=\"549\"><strong data-start=\"226\" data-end=\"254\">Sika Ceram Epoxy Remover<\/strong> je specijalizovano sredstvo na bazi vode namenjeno za efikasno uklanjanje ostataka epoksidnih masa za fugovanje, posebno nakon primene Sika Ceram EpoxyGrout. Namenjen je \u010di\u0161\u0107enju kerami\u010dkih i porcelanskih obloga, a mo\u017ee se koristiti i razre\u0111en za \u010di\u0161\u0107enje i odma\u0161\u0107ivanje jako zaprljanih podova.<\/p>\n<p data-start=\"551\" data-end=\"754\">Ovaj proizvod je idealno re\u0161enje za uklanjanje tvrdokornih epoksidnih ostataka \u010dak i nekoliko dana nakon fugovanja. Jednostavan je za upotrebu i omogu\u0107ava brzo i temeljno \u010di\u0161\u0107enje bez o\u0161te\u0107enja povr\u0161ina.<\/p>\n<p data-start=\"756\" data-end=\"913\">Sa pakovanjem od 2 kg, Sika Ceram Epoxy Remover je dovoljan za \u010di\u0161\u0107enje povr\u0161ine do 30 m\u00b2, \u0161to ga \u010dini ekonomi\u010dnim izborom za profesionalnu i ku\u0107nu upotrebu.<\/p>\n<p data-start=\"756\" data-end=\"913\"><strong data-start=\"814\" data-end=\"826\">Primena:<\/strong> Sredstvo se nanosi nerazre\u0111eno \u010detkom ili krpom direktno na ostatke epoksidne mase. Ostavi se da deluje dok se materijal ne omek\u0161a, nakon \u010dega se ostaci uklanjaju mehani\u010dki (gletericom ili krpom). Za tvrdokorne mrlje postupak se mo\u017ee ponoviti.<\/p>\n<p data-start=\"756\" data-end=\"913\"><strong data-start=\"1072\" data-end=\"1090\">Vreme dejstva:<\/strong> Vreme delovanja zavisi od debljine i starosti ostataka, a mo\u017ee trajati i do nekoliko sati.<\/p>","protected":false},"excerpt":{"rendered":"<p>Sika Ceram Epoxy Remover je specijalizovano sredstvo na bazi vode namenjeno za efikasno uklanjanje ostataka epoksidnih masa za fugovanje, posebno nakon primene Sika Ceram EpoxyGrout. Namenjen je \u010di\u0161\u0107enju kerami\u010dkih i porcelanskih obloga, a mo\u017ee se koristiti i razre\u0111en za \u010di\u0161\u0107enje i odma\u0161\u0107ivanje jako zaprljanih podova. Ovaj proizvod je idealno re\u0161enje za uklanjanje tvrdokornih epoksidnih ostataka [&hellip;]<\/p>\n","protected":false},"featured_media":22734,"template":"","meta":[],"product_brand":[],"product_cat":[5012,5006],"product_tag":[],"class_list":{"0":"post-22733","1":"product","2":"type-product","3":"status-publish","4":"has-post-thumbnail","6":"product_cat-fug-masa","7":"product_cat-gradjevinski-materijal","9":"first","10":"instock","11":"sold-individually","12":"purchasable","13":"product-type-simple"},"_links":{"self":[{"href":"https:\/\/hidroterm.dmcsrbija.com\/ru\/wp-json\/wp\/v2\/product\/22733","targetHints":{"allow":["GET"]}}],"collection":[{"href":"https:\/\/hidroterm.dmcsrbija.com\/ru\/wp-json\/wp\/v2\/product"}],"about":[{"href":"https:\/\/hidroterm.dmcsrbija.com\/ru\/wp-json\/wp\/v2\/types\/product"}],"wp:featuredmedia":[{"embeddable":true,"href":"https:\/\/hidroterm.dmcsrbija.com\/ru\/wp-json\/wp\/v2\/media\/22734"}],"wp:attachment":[{"href":"https:\/\/hidroterm.dmcsrbija.com\/ru\/wp-json\/wp\/v2\/media?parent=22733"}],"wp:term":[{"taxonomy":"product_brand","embeddable":true,"href":"https:\/\/hidroterm.dmcsrbija.com\/ru\/wp-json\/wp\/v2\/product_brand?post=22733"},{"taxonomy":"product_cat","embeddable":true,"href":"https:\/\/hidroterm.dmcsrbija.com\/ru\/wp-json\/wp\/v2\/product_cat?post=22733"},{"taxonomy":"product_tag","embeddable":true,"href":"https:\/\/hidroterm.dmcsrbija.com\/ru\/wp-json\/wp\/v2\/product_tag?post=22733"}],"curies":[{"name":"wp","href":"https:\/\/api.w.org\/{rel}","templated":true}]}}