{"id":22731,"date":"2026-03-18T08:30:53","date_gmt":"2026-03-18T07:30:53","guid":{"rendered":"https:\/\/hidroterm.dmcsrbija.com\/proizvod\/sika-ceram-epoxy-grout-5kg\/"},"modified":"2026-03-18T08:30:54","modified_gmt":"2026-03-18T07:30:54","slug":"sika-ceram-epoxy-grout-5kg","status":"publish","type":"product","link":"https:\/\/hidroterm.dmcsrbija.com\/ru\/proizvod\/sika-ceram-epoxy-grout-5kg\/","title":{"rendered":"Sika Ceram Epoxy Grout (5kg)"},"content":{"rendered":"<p data-start=\"140\" data-end=\"553\"><strong data-start=\"140\" data-end=\"166\">Sika Ceram Epoxy Grout<\/strong> je dvokomponentna masa za lepljenje i fugovanje na bazi reaktivnih smola, dizajnirana za izuzetnu otpornost i dugotrajnost. Ova epoksidna masa pru\u017ea visoku mehani\u010dku \u010dvrsto\u0107u, otpornost na hemikalije i mraz, kao i otpornost na \u017eu\u0107enje, \u0161to je \u010dini idealnim izborom za industrijske objekte, prostore sa visokim zahtevima za higijenom i povr\u0161ine koje se \u010desto \u010diste pod visokim pritiskom.<\/p>\n<p data-start=\"555\" data-end=\"859\">Upotrebljava se za fugovanje i lepljenje kerami\u010dkih i porcelanskih plo\u010dica na zidovima i podovima, kako u unutra\u0161njim tako i u spoljnim prostorima. Idealna je za industriju, ugostiteljstvo, zdravstvene ustanove, bazene i sve objekte gde je potrebna visoka otpornost na hemikalije i mehani\u010dka optere\u0107enja.<\/p>\n<p data-start=\"861\" data-end=\"1097\">Sika Ceram Epoxy Grout je neabsorbuju\u0107i i odbija prljav\u0161tinu, omogu\u0107avaju\u0107i lako \u010di\u0161\u0107enje i odr\u017eavanje besprekornog izgleda fuga. Poseduje atest za upotrebu u sistemima za pitku vodu, \u0161to dodatno potvr\u0111uje njegovu bezbednost i kvalitet.<\/p>\n<p data-start=\"861\" data-end=\"1097\">Cena po pakovanju.<\/p>","protected":false},"excerpt":{"rendered":"<p>Sika Ceram Epoxy Grout je dvokomponentna masa za lepljenje i fugovanje na bazi reaktivnih smola, dizajnirana za izuzetnu otpornost i dugotrajnost. Ova epoksidna masa pru\u017ea visoku mehani\u010dku \u010dvrsto\u0107u, otpornost na hemikalije i mraz, kao i otpornost na \u017eu\u0107enje, \u0161to je \u010dini idealnim izborom za industrijske objekte, prostore sa visokim zahtevima za higijenom i povr\u0161ine koje [&hellip;]<\/p>\n","protected":false},"featured_media":22732,"template":"","meta":[],"product_brand":[],"product_cat":[5012,5006],"product_tag":[],"class_list":{"0":"post-22731","1":"product","2":"type-product","3":"status-publish","4":"has-post-thumbnail","6":"product_cat-fug-masa","7":"product_cat-gradjevinski-materijal","9":"first","10":"instock","11":"sold-individually","12":"purchasable","13":"product-type-simple"},"_links":{"self":[{"href":"https:\/\/hidroterm.dmcsrbija.com\/ru\/wp-json\/wp\/v2\/product\/22731","targetHints":{"allow":["GET"]}}],"collection":[{"href":"https:\/\/hidroterm.dmcsrbija.com\/ru\/wp-json\/wp\/v2\/product"}],"about":[{"href":"https:\/\/hidroterm.dmcsrbija.com\/ru\/wp-json\/wp\/v2\/types\/product"}],"wp:featuredmedia":[{"embeddable":true,"href":"https:\/\/hidroterm.dmcsrbija.com\/ru\/wp-json\/wp\/v2\/media\/22732"}],"wp:attachment":[{"href":"https:\/\/hidroterm.dmcsrbija.com\/ru\/wp-json\/wp\/v2\/media?parent=22731"}],"wp:term":[{"taxonomy":"product_brand","embeddable":true,"href":"https:\/\/hidroterm.dmcsrbija.com\/ru\/wp-json\/wp\/v2\/product_brand?post=22731"},{"taxonomy":"product_cat","embeddable":true,"href":"https:\/\/hidroterm.dmcsrbija.com\/ru\/wp-json\/wp\/v2\/product_cat?post=22731"},{"taxonomy":"product_tag","embeddable":true,"href":"https:\/\/hidroterm.dmcsrbija.com\/ru\/wp-json\/wp\/v2\/product_tag?post=22731"}],"curies":[{"name":"wp","href":"https:\/\/api.w.org\/{rel}","templated":true}]}}