{"id":22727,"date":"2026-03-18T08:30:53","date_gmt":"2026-03-18T07:30:53","guid":{"rendered":"https:\/\/hidroterm.dmcsrbija.com\/proizvod\/sika-ceram-225-25kg\/"},"modified":"2026-03-18T08:30:54","modified_gmt":"2026-03-18T07:30:54","slug":"sika-ceram-225-25kg","status":"publish","type":"product","link":"https:\/\/hidroterm.dmcsrbija.com\/ru\/proizvod\/sika-ceram-225-25kg\/","title":{"rendered":"Sika Ceram 225 (25KG)"},"content":{"rendered":"<p data-start=\"149\" data-end=\"254\"><strong data-start=\"149\" data-end=\"254\">Sika Ceram 225 (25 kg) \u2013 Visokokvalitetni elasti\u010dni lepak za plo\u010dice sa produ\u017eenim otvorenim vremenom<\/strong><\/p>\n<p data-start=\"256\" data-end=\"628\">Sika Ceram 225 je pripremljena pra\u0161kasta me\u0161avina visokokvalitetnih cementa sa dodatkom polimera i specijalnih mineralnih punila, namenjena za lepljenje kerami\u010dkih plo\u010dica na unutra\u0161njim i spolja\u0161njim povr\u0161inama. Idealan je za podloge koje su podlo\u017ene deformacijama kao \u0161to su skupljanje, \u0161irenje ili temperaturne promene, uklju\u010duju\u0107i podove sa ugra\u0111enim podnim grejanjem.<\/p>\n<p data-start=\"630\" data-end=\"1018\">Ovaj lepak je pogodan za \u0161irok spektar obloga, uklju\u010duju\u0107i kerami\u010dke plo\u010dice, gres porcelan, neupijaju\u0107u keramiku, prirodni kamen (osim osetljivih na vodu), klinker plo\u010dice, kao i za lepljenje preko postoje\u0107ih kerami\u010dkih obloga u unutra\u0161njosti. Sika Ceram 225 se lako nanosi i omogu\u0107ava sloj lepka do 10 mm, pru\u017eaju\u0107i odli\u010dnu adheziju i dugotrajnu otpornost na vlagu i atmosferske uslove.<\/p>\n<p data-start=\"1020\" data-end=\"1275\">Zahvaljuju\u0107i visokom sadr\u017eaju polimera i specifi\u010dnih dodataka, Sika Ceram 225 ima izuzetnu obradljivost i tiksotropnost, \u0161to olak\u0161ava nano\u0161enje i preciznu ugradnju. Idealan je za kori\u0161\u0107enje u bazenima, industrijskim podovima i drugim zahtevnim prostorima.<\/p>\n<p data-start=\"1020\" data-end=\"1275\">Cena po pakovanju.<\/p>","protected":false},"excerpt":{"rendered":"<p>Sika Ceram 225 (25 kg) \u2013 Visokokvalitetni elasti\u010dni lepak za plo\u010dice sa produ\u017eenim otvorenim vremenom Sika Ceram 225 je pripremljena pra\u0161kasta me\u0161avina visokokvalitetnih cementa sa dodatkom polimera i specijalnih mineralnih punila, namenjena za lepljenje kerami\u010dkih plo\u010dica na unutra\u0161njim i spolja\u0161njim povr\u0161inama. Idealan je za podloge koje su podlo\u017ene deformacijama kao \u0161to su skupljanje, \u0161irenje ili [&hellip;]<\/p>\n","protected":false},"featured_media":22728,"template":"","meta":[],"product_brand":[],"product_cat":[5006,5011],"product_tag":[],"class_list":{"0":"post-22727","1":"product","2":"type-product","3":"status-publish","4":"has-post-thumbnail","6":"product_cat-gradjevinski-materijal","7":"product_cat-lepljenje-keramike","9":"first","10":"instock","11":"sold-individually","12":"purchasable","13":"product-type-simple"},"_links":{"self":[{"href":"https:\/\/hidroterm.dmcsrbija.com\/ru\/wp-json\/wp\/v2\/product\/22727","targetHints":{"allow":["GET"]}}],"collection":[{"href":"https:\/\/hidroterm.dmcsrbija.com\/ru\/wp-json\/wp\/v2\/product"}],"about":[{"href":"https:\/\/hidroterm.dmcsrbija.com\/ru\/wp-json\/wp\/v2\/types\/product"}],"wp:featuredmedia":[{"embeddable":true,"href":"https:\/\/hidroterm.dmcsrbija.com\/ru\/wp-json\/wp\/v2\/media\/22728"}],"wp:attachment":[{"href":"https:\/\/hidroterm.dmcsrbija.com\/ru\/wp-json\/wp\/v2\/media?parent=22727"}],"wp:term":[{"taxonomy":"product_brand","embeddable":true,"href":"https:\/\/hidroterm.dmcsrbija.com\/ru\/wp-json\/wp\/v2\/product_brand?post=22727"},{"taxonomy":"product_cat","embeddable":true,"href":"https:\/\/hidroterm.dmcsrbija.com\/ru\/wp-json\/wp\/v2\/product_cat?post=22727"},{"taxonomy":"product_tag","embeddable":true,"href":"https:\/\/hidroterm.dmcsrbija.com\/ru\/wp-json\/wp\/v2\/product_tag?post=22727"}],"curies":[{"name":"wp","href":"https:\/\/api.w.org\/{rel}","templated":true}]}}