{"id":22725,"date":"2026-03-18T08:30:53","date_gmt":"2026-03-18T07:30:53","guid":{"rendered":"https:\/\/hidroterm.dmcsrbija.com\/proizvod\/sika-ceram-113-25kg\/"},"modified":"2026-03-18T08:30:53","modified_gmt":"2026-03-18T07:30:53","slug":"sika-ceram-113-25kg","status":"publish","type":"product","link":"https:\/\/hidroterm.dmcsrbija.com\/ru\/proizvod\/sika-ceram-113-25kg\/","title":{"rendered":"Sika Ceram 113 (25kg)"},"content":{"rendered":"<p data-start=\"109\" data-end=\"180\"><strong data-start=\"109\" data-end=\"180\">Sika Ceram 113 (25 kg) \u2013 Visokokvalitetni cementni lepak za plo\u010dice<\/strong><\/p>\n<p data-start=\"182\" data-end=\"586\">Sika Ceram 113 je pripremljena pra\u0161kasta me\u0161avina visokokvalitetnih cementa sa dodatkom polimera i specijalnih mineralnih punila, namenjena za pouzdano lepljenje kerami\u010dkih plo\u010dica na unutra\u0161njim i spolja\u0161njim povr\u0161inama. Ovaj lepak se lako priprema samo dodavanjem vode i pru\u017ea izvanrednu adheziju na beton, gips-karton, ciglu, malter i druge cementne podloge koje nisu podlo\u017ene zna\u010dajnim deformacijama.<\/p>\n<p data-start=\"588\" data-end=\"868\">Pogodan je za lepljenje plo\u010dica na horizontalnim i vertikalnim povr\u0161inama, kako u unutra\u0161njim prostorima kao \u0161to su kupatila i kuhinje, tako i na spoljnim povr\u0161inama poput terasa i fasada. Smanjeno klizanje i produ\u017eeno vreme otvorenosti \u010dine ga idealnim za precizan i siguran rad.<\/p>\n<p data-start=\"870\" data-end=\"1011\">Sika Ceram 113 je klasifikovan kao lepak klase C1 TE prema evropskom standardu EN 12004, \u0161to garantuje visok kvalitet i pouzdanost u primeni.<\/p>\n<p data-start=\"870\" data-end=\"1011\">Cena po pakovanju.<\/p>","protected":false},"excerpt":{"rendered":"<p>Sika Ceram 113 (25 kg) \u2013 Visokokvalitetni cementni lepak za plo\u010dice Sika Ceram 113 je pripremljena pra\u0161kasta me\u0161avina visokokvalitetnih cementa sa dodatkom polimera i specijalnih mineralnih punila, namenjena za pouzdano lepljenje kerami\u010dkih plo\u010dica na unutra\u0161njim i spolja\u0161njim povr\u0161inama. Ovaj lepak se lako priprema samo dodavanjem vode i pru\u017ea izvanrednu adheziju na beton, gips-karton, ciglu, malter [&hellip;]<\/p>\n","protected":false},"featured_media":22726,"template":"","meta":[],"product_brand":[],"product_cat":[5006,5011],"product_tag":[],"class_list":{"0":"post-22725","1":"product","2":"type-product","3":"status-publish","4":"has-post-thumbnail","6":"product_cat-gradjevinski-materijal","7":"product_cat-lepljenje-keramike","9":"first","10":"instock","11":"sold-individually","12":"purchasable","13":"product-type-simple"},"_links":{"self":[{"href":"https:\/\/hidroterm.dmcsrbija.com\/ru\/wp-json\/wp\/v2\/product\/22725","targetHints":{"allow":["GET"]}}],"collection":[{"href":"https:\/\/hidroterm.dmcsrbija.com\/ru\/wp-json\/wp\/v2\/product"}],"about":[{"href":"https:\/\/hidroterm.dmcsrbija.com\/ru\/wp-json\/wp\/v2\/types\/product"}],"wp:featuredmedia":[{"embeddable":true,"href":"https:\/\/hidroterm.dmcsrbija.com\/ru\/wp-json\/wp\/v2\/media\/22726"}],"wp:attachment":[{"href":"https:\/\/hidroterm.dmcsrbija.com\/ru\/wp-json\/wp\/v2\/media?parent=22725"}],"wp:term":[{"taxonomy":"product_brand","embeddable":true,"href":"https:\/\/hidroterm.dmcsrbija.com\/ru\/wp-json\/wp\/v2\/product_brand?post=22725"},{"taxonomy":"product_cat","embeddable":true,"href":"https:\/\/hidroterm.dmcsrbija.com\/ru\/wp-json\/wp\/v2\/product_cat?post=22725"},{"taxonomy":"product_tag","embeddable":true,"href":"https:\/\/hidroterm.dmcsrbija.com\/ru\/wp-json\/wp\/v2\/product_tag?post=22725"}],"curies":[{"name":"wp","href":"https:\/\/api.w.org\/{rel}","templated":true}]}}