{"id":22723,"date":"2026-03-18T08:30:53","date_gmt":"2026-03-18T07:30:53","guid":{"rendered":"https:\/\/hidroterm.dmcsrbija.com\/proizvod\/sika-ceram-101-25kg\/"},"modified":"2026-03-18T08:30:53","modified_gmt":"2026-03-18T07:30:53","slug":"sika-ceram-101-25kg","status":"publish","type":"product","link":"https:\/\/hidroterm.dmcsrbija.com\/ru\/proizvod\/sika-ceram-101-25kg\/","title":{"rendered":"Sika Ceram 101 (25kg)"},"content":{"rendered":"<p data-start=\"151\" data-end=\"215\"><strong data-start=\"151\" data-end=\"215\">Sika Ceram 101 (25\u202fkg) \u2013 Cementni lepak za kerami\u010dke plo\u010dice<\/strong><\/p>\n<p data-start=\"217\" data-end=\"639\">Sika Ceram 101 je <strong data-start=\"235\" data-end=\"327\">spremna pra\u0161kasta me\u0161avina visokokvalitetnih cementa sa polimerima i mineralnim punilima<\/strong>, dizajnirana za <strong data-start=\"344\" data-end=\"394\">trajno i pouzdano lepljenje kerami\u010dkih plo\u010dica<\/strong> na unutra\u0161njim zidnim i podnim povr\u0161inama. Ovaj lepak se lako priprema samo dodavanjem vode i pru\u017ea <strong data-start=\"495\" data-end=\"518\">vrlo dobru adheziju<\/strong> na beton, ciglu, malter i druge \u010dvrste cementne podloge bez zna\u010dajnih deformacija.<\/p>\n<p data-start=\"641\" data-end=\"1014\">Sika Ceram 101 omogu\u0107ava nano\u0161enje sloja lepka do 10\u202fmm, \u0161to olak\u0161ava postavljanje plo\u010dica i omogu\u0107ava pouzdano prianjanje i ravnomerno raspore\u0111ivanje lepka. Pogodan je za <strong data-start=\"813\" data-end=\"856\">lepljenje upijaju\u0107ih kerami\u010dkih plo\u010dica<\/strong> u prostorijama poput kupatila, kuhinja i drugih unutra\u0161njih povr\u0161ina gde je potrebna \u010dvrsta veza plo\u010dica sa podlogom.<\/p>\n<p data-start=\"1016\" data-end=\"1236\">Ovaj lepak je klasifikovan kao <strong data-start=\"1047\" data-end=\"1078\">C1 prema EN 12004 standardu<\/strong>, sa <strong data-start=\"1083\" data-end=\"1125\">odli\u010dnom prionljivo\u0161\u0107u i obradljivo\u0161\u0107u<\/strong>, \u0161to zna\u010di da se lako nanosi, prera\u0111uje i osigurava dugotrajan rezultat.<\/p>\n<p data-start=\"1016\" data-end=\"1236\">Cena po pakovanju.<\/p>","protected":false},"excerpt":{"rendered":"<p>Sika Ceram 101 (25\u202fkg) \u2013 Cementni lepak za kerami\u010dke plo\u010dice Sika Ceram 101 je spremna pra\u0161kasta me\u0161avina visokokvalitetnih cementa sa polimerima i mineralnim punilima, dizajnirana za trajno i pouzdano lepljenje kerami\u010dkih plo\u010dica na unutra\u0161njim zidnim i podnim povr\u0161inama. Ovaj lepak se lako priprema samo dodavanjem vode i pru\u017ea vrlo dobru adheziju na beton, ciglu, malter [&hellip;]<\/p>\n","protected":false},"featured_media":22724,"template":"","meta":[],"product_brand":[],"product_cat":[5006,5011],"product_tag":[],"class_list":{"0":"post-22723","1":"product","2":"type-product","3":"status-publish","4":"has-post-thumbnail","6":"product_cat-gradjevinski-materijal","7":"product_cat-lepljenje-keramike","9":"first","10":"instock","11":"sold-individually","12":"purchasable","13":"product-type-simple"},"_links":{"self":[{"href":"https:\/\/hidroterm.dmcsrbija.com\/ru\/wp-json\/wp\/v2\/product\/22723","targetHints":{"allow":["GET"]}}],"collection":[{"href":"https:\/\/hidroterm.dmcsrbija.com\/ru\/wp-json\/wp\/v2\/product"}],"about":[{"href":"https:\/\/hidroterm.dmcsrbija.com\/ru\/wp-json\/wp\/v2\/types\/product"}],"wp:featuredmedia":[{"embeddable":true,"href":"https:\/\/hidroterm.dmcsrbija.com\/ru\/wp-json\/wp\/v2\/media\/22724"}],"wp:attachment":[{"href":"https:\/\/hidroterm.dmcsrbija.com\/ru\/wp-json\/wp\/v2\/media?parent=22723"}],"wp:term":[{"taxonomy":"product_brand","embeddable":true,"href":"https:\/\/hidroterm.dmcsrbija.com\/ru\/wp-json\/wp\/v2\/product_brand?post=22723"},{"taxonomy":"product_cat","embeddable":true,"href":"https:\/\/hidroterm.dmcsrbija.com\/ru\/wp-json\/wp\/v2\/product_cat?post=22723"},{"taxonomy":"product_tag","embeddable":true,"href":"https:\/\/hidroterm.dmcsrbija.com\/ru\/wp-json\/wp\/v2\/product_tag?post=22723"}],"curies":[{"name":"wp","href":"https:\/\/api.w.org\/{rel}","templated":true}]}}