{"id":22721,"date":"2026-03-18T08:30:53","date_gmt":"2026-03-18T07:30:53","guid":{"rendered":"https:\/\/hidroterm.dmcsrbija.com\/proizvod\/sika-primer-21w-2kg\/"},"modified":"2026-03-18T08:30:53","modified_gmt":"2026-03-18T07:30:53","slug":"sika-primer-21w-2kg","status":"publish","type":"product","link":"https:\/\/hidroterm.dmcsrbija.com\/ru\/proizvod\/sika-primer-21w-2kg\/","title":{"rendered":"Sika Primer 21W-2kg"},"content":{"rendered":"<p data-start=\"81\" data-end=\"158\"><strong data-start=\"81\" data-end=\"158\">Sika Primer 21W (2 kg) \u2013 Pouzdan osnovni premaz za vodonepropusne podloge<\/strong><\/p>\n<p data-start=\"160\" data-end=\"482\">Sika Primer 21W je visokokvalitetni osnovni premaz na bazi organskih kopolimera i specijalnih aditiva u vodenoj emulziji, namenjen za pripremu i za\u0161titu podloga pre nano\u0161enja kerami\u010dkih plo\u010dica. Idealno se koristi kao prajmer za podloge na bazi cementa, gipsa, gipsanih i gips-karton plo\u010da, anhidritnih ko\u0161uljica i betona.<\/p>\n<p data-start=\"484\" data-end=\"774\">Ovaj prajmer stvara sna\u017ean vezni most izme\u0111u podloge i slede\u0107eg sloja, pobolj\u0161avaju\u0107i prionljivost i dugotrajnost ugradnje. Zahvaljuju\u0107i epoksidnoj bazi i specijalnim aditivima, Sika Primer 21W je posebno pogodan za vodonepropusne podloge, \u010dime se pove\u0107ava otpornost na vlagu i prodor vode.<\/p>\n<p data-start=\"776\" data-end=\"961\">Sika Primer 21W pru\u017ea sigurnu osnovu za nano\u0161enje lepka i maltera, \u010dine\u0107i ga klju\u010dnim proizvodom za kvalitetnu i trajnu ugradnju kerami\u010dkih plo\u010dica na zahtevnim gra\u0111evinskim povr\u0161inama.<\/p>\n<p data-start=\"776\" data-end=\"961\">Cena po pakovanju.<\/p>\n<p>&nbsp;<\/p>","protected":false},"excerpt":{"rendered":"<p>Sika Primer 21W (2 kg) \u2013 Pouzdan osnovni premaz za vodonepropusne podloge Sika Primer 21W je visokokvalitetni osnovni premaz na bazi organskih kopolimera i specijalnih aditiva u vodenoj emulziji, namenjen za pripremu i za\u0161titu podloga pre nano\u0161enja kerami\u010dkih plo\u010dica. Idealno se koristi kao prajmer za podloge na bazi cementa, gipsa, gipsanih i gips-karton plo\u010da, anhidritnih [&hellip;]<\/p>\n","protected":false},"featured_media":22722,"template":"","meta":[],"product_brand":[],"product_cat":[5006,5011],"product_tag":[],"class_list":{"0":"post-22721","1":"product","2":"type-product","3":"status-publish","4":"has-post-thumbnail","6":"product_cat-gradjevinski-materijal","7":"product_cat-lepljenje-keramike","9":"first","10":"instock","11":"sold-individually","12":"purchasable","13":"product-type-simple"},"_links":{"self":[{"href":"https:\/\/hidroterm.dmcsrbija.com\/ru\/wp-json\/wp\/v2\/product\/22721","targetHints":{"allow":["GET"]}}],"collection":[{"href":"https:\/\/hidroterm.dmcsrbija.com\/ru\/wp-json\/wp\/v2\/product"}],"about":[{"href":"https:\/\/hidroterm.dmcsrbija.com\/ru\/wp-json\/wp\/v2\/types\/product"}],"wp:featuredmedia":[{"embeddable":true,"href":"https:\/\/hidroterm.dmcsrbija.com\/ru\/wp-json\/wp\/v2\/media\/22722"}],"wp:attachment":[{"href":"https:\/\/hidroterm.dmcsrbija.com\/ru\/wp-json\/wp\/v2\/media?parent=22721"}],"wp:term":[{"taxonomy":"product_brand","embeddable":true,"href":"https:\/\/hidroterm.dmcsrbija.com\/ru\/wp-json\/wp\/v2\/product_brand?post=22721"},{"taxonomy":"product_cat","embeddable":true,"href":"https:\/\/hidroterm.dmcsrbija.com\/ru\/wp-json\/wp\/v2\/product_cat?post=22721"},{"taxonomy":"product_tag","embeddable":true,"href":"https:\/\/hidroterm.dmcsrbija.com\/ru\/wp-json\/wp\/v2\/product_tag?post=22721"}],"curies":[{"name":"wp","href":"https:\/\/api.w.org\/{rel}","templated":true}]}}