{"id":22719,"date":"2026-03-18T08:30:53","date_gmt":"2026-03-18T07:30:53","guid":{"rendered":"https:\/\/hidroterm.dmcsrbija.com\/proizvod\/sika-primer-11w-5kg\/"},"modified":"2026-03-18T08:30:53","modified_gmt":"2026-03-18T07:30:53","slug":"sika-primer-11w-5kg","status":"publish","type":"product","link":"https:\/\/hidroterm.dmcsrbija.com\/ru\/proizvod\/sika-primer-11w-5kg\/","title":{"rendered":"Sika Primer 11W (5kg)"},"content":{"rendered":"<p data-start=\"81\" data-end=\"162\"><strong data-start=\"81\" data-end=\"162\">Sika Primer 11W (5 kg) \u2013 Pouzdan osnovni premaz za cementne i gipsane podloge<\/strong><\/p>\n<p data-start=\"164\" data-end=\"480\">Sika Primer 11W je visokokvalitetni osnovni premaz na bazi organskih kopolimera i specijalnih aditiva u vodenoj emulziji, dizajniran za pripremu razli\u010ditih podloga pre nano\u0161enja lepka ili maltera. Namenjen je za upotrebu na cementnim i gipsanim podlogama, uklju\u010duju\u0107i gips-karton plo\u010de, anhidritne ko\u0161uljice i beton.<\/p>\n<p data-start=\"482\" data-end=\"764\">Ovaj prajmer pobolj\u0161ava prionljivost materijala i stvara vezni most izme\u0111u podloge i slede\u0107eg sloja, \u010dime se osigurava dugotrajna i \u010dvrsta ugradnja. Preporu\u010duje se razbla\u017eivanje sa vodom u odnosu do 1:1 za slabo upijaju\u0107e povr\u0161ine, dok je za ostale podloge mogu\u0107e nanositi direktno.<\/p>\n<p data-start=\"766\" data-end=\"920\">Potro\u0161nja prajmera je izme\u0111u 100 i 200 g\/m\u00b2, u zavisnosti od upijanja podloge, a povr\u0161ine na bazi gipsa moraju imati vla\u017enost manju od 0,5% pre nano\u0161enja.<\/p>\n<p data-start=\"922\" data-end=\"1069\">Sika Primer 11W je klju\u010dan proizvod za uspe\u0161nu i trajnu ugradnju kerami\u010dkih plo\u010dica i drugih zavr\u0161nih slojeva na razli\u010ditim gra\u0111evinskim podlogama.<\/p>\n<p data-start=\"922\" data-end=\"1069\">Cena po pakovanju.<\/p>\n<p>&nbsp;<\/p>","protected":false},"excerpt":{"rendered":"<p>Sika Primer 11W (5 kg) \u2013 Pouzdan osnovni premaz za cementne i gipsane podloge Sika Primer 11W je visokokvalitetni osnovni premaz na bazi organskih kopolimera i specijalnih aditiva u vodenoj emulziji, dizajniran za pripremu razli\u010ditih podloga pre nano\u0161enja lepka ili maltera. Namenjen je za upotrebu na cementnim i gipsanim podlogama, uklju\u010duju\u0107i gips-karton plo\u010de, anhidritne ko\u0161uljice [&hellip;]<\/p>\n","protected":false},"featured_media":22720,"template":"","meta":[],"product_brand":[],"product_cat":[5006,5011],"product_tag":[],"class_list":{"0":"post-22719","1":"product","2":"type-product","3":"status-publish","4":"has-post-thumbnail","6":"product_cat-gradjevinski-materijal","7":"product_cat-lepljenje-keramike","9":"first","10":"instock","11":"sold-individually","12":"purchasable","13":"product-type-simple"},"_links":{"self":[{"href":"https:\/\/hidroterm.dmcsrbija.com\/ru\/wp-json\/wp\/v2\/product\/22719","targetHints":{"allow":["GET"]}}],"collection":[{"href":"https:\/\/hidroterm.dmcsrbija.com\/ru\/wp-json\/wp\/v2\/product"}],"about":[{"href":"https:\/\/hidroterm.dmcsrbija.com\/ru\/wp-json\/wp\/v2\/types\/product"}],"wp:featuredmedia":[{"embeddable":true,"href":"https:\/\/hidroterm.dmcsrbija.com\/ru\/wp-json\/wp\/v2\/media\/22720"}],"wp:attachment":[{"href":"https:\/\/hidroterm.dmcsrbija.com\/ru\/wp-json\/wp\/v2\/media?parent=22719"}],"wp:term":[{"taxonomy":"product_brand","embeddable":true,"href":"https:\/\/hidroterm.dmcsrbija.com\/ru\/wp-json\/wp\/v2\/product_brand?post=22719"},{"taxonomy":"product_cat","embeddable":true,"href":"https:\/\/hidroterm.dmcsrbija.com\/ru\/wp-json\/wp\/v2\/product_cat?post=22719"},{"taxonomy":"product_tag","embeddable":true,"href":"https:\/\/hidroterm.dmcsrbija.com\/ru\/wp-json\/wp\/v2\/product_tag?post=22719"}],"curies":[{"name":"wp","href":"https:\/\/api.w.org\/{rel}","templated":true}]}}