{"id":22717,"date":"2026-03-18T08:30:53","date_gmt":"2026-03-18T07:30:53","guid":{"rendered":"https:\/\/hidroterm.dmcsrbija.com\/proizvod\/sikacryl-s-600ml\/"},"modified":"2026-03-18T08:30:53","modified_gmt":"2026-03-18T07:30:53","slug":"sikacryl-s-600ml","status":"publish","type":"product","link":"https:\/\/hidroterm.dmcsrbija.com\/ru\/proizvod\/sikacryl-s-600ml\/","title":{"rendered":"Sikacryl S-600ml"},"content":{"rendered":"<h5 data-start=\"86\" data-end=\"109\">Sikacryl S \u2013 600 ml<\/h5>\n<p data-start=\"111\" data-end=\"448\"><strong data-start=\"111\" data-end=\"134\">Sikacryl S \u2013 600 ml<\/strong> je jednokomponentni elastoplasti\u010dni silikon na bazi akrila, namenjen za zaptivanje spojnica i priklju\u010daka sa malim naprezanjima usled skupljanja i \u0161irenja materijala. Posebno je dizajniran za dobru adheziju na porozne i jako upijaju\u0107e podloge, poput betona, gasbetona, maltera, opeke, vlaknastog cementa i drveta.<\/p>\n<p data-start=\"450\" data-end=\"688\">Idealno re\u0161enje za zaptivanje spojeva i priklju\u010daka u gra\u0111evinarstvu, Sikacryl S pru\u017ea pouzdanu i dugotrajnu za\u0161titu, kako za unutra\u0161nju, tako i za spolja\u0161nju upotrebu. U ve\u0107ini slu\u010dajeva nije potreban prajmer, \u0161to olak\u0161ava i ubrzava rad.<\/p>\n<p data-start=\"690\" data-end=\"830\">Ovaj proizvod je odli\u010dan za zaptivanje oko vrata, prozora i drugih konstrukcionih elemenata, obezbe\u0111uju\u0107i izvrsno prijanjanje i elasti\u010dnost.<\/p>\n<p data-start=\"832\" data-end=\"913\"><strong data-start=\"832\" data-end=\"855\">Pakovanje od 600 ml<\/strong> je prakti\u010dno za upotrebu na manjim i srednjim projektima.<\/p>\n<p data-start=\"832\" data-end=\"913\">Cena po pakovanju.<\/p>","protected":false},"excerpt":{"rendered":"<p>Sikacryl S \u2013 600 ml Sikacryl S \u2013 600 ml je jednokomponentni elastoplasti\u010dni silikon na bazi akrila, namenjen za zaptivanje spojnica i priklju\u010daka sa malim naprezanjima usled skupljanja i \u0161irenja materijala. Posebno je dizajniran za dobru adheziju na porozne i jako upijaju\u0107e podloge, poput betona, gasbetona, maltera, opeke, vlaknastog cementa i drveta. Idealno re\u0161enje za [&hellip;]<\/p>\n","protected":false},"featured_media":22718,"template":"","meta":[],"product_brand":[],"product_cat":[5006,5010],"product_tag":[],"class_list":{"0":"post-22717","1":"product","2":"type-product","3":"status-publish","4":"has-post-thumbnail","6":"product_cat-gradjevinski-materijal","7":"product_cat-silikoni","9":"first","10":"instock","11":"sold-individually","12":"purchasable","13":"product-type-simple"},"_links":{"self":[{"href":"https:\/\/hidroterm.dmcsrbija.com\/ru\/wp-json\/wp\/v2\/product\/22717","targetHints":{"allow":["GET"]}}],"collection":[{"href":"https:\/\/hidroterm.dmcsrbija.com\/ru\/wp-json\/wp\/v2\/product"}],"about":[{"href":"https:\/\/hidroterm.dmcsrbija.com\/ru\/wp-json\/wp\/v2\/types\/product"}],"wp:featuredmedia":[{"embeddable":true,"href":"https:\/\/hidroterm.dmcsrbija.com\/ru\/wp-json\/wp\/v2\/media\/22718"}],"wp:attachment":[{"href":"https:\/\/hidroterm.dmcsrbija.com\/ru\/wp-json\/wp\/v2\/media?parent=22717"}],"wp:term":[{"taxonomy":"product_brand","embeddable":true,"href":"https:\/\/hidroterm.dmcsrbija.com\/ru\/wp-json\/wp\/v2\/product_brand?post=22717"},{"taxonomy":"product_cat","embeddable":true,"href":"https:\/\/hidroterm.dmcsrbija.com\/ru\/wp-json\/wp\/v2\/product_cat?post=22717"},{"taxonomy":"product_tag","embeddable":true,"href":"https:\/\/hidroterm.dmcsrbija.com\/ru\/wp-json\/wp\/v2\/product_tag?post=22717"}],"curies":[{"name":"wp","href":"https:\/\/api.w.org\/{rel}","templated":true}]}}