{"id":22716,"date":"2026-03-18T08:30:48","date_gmt":"2026-03-18T07:30:48","guid":{"rendered":"https:\/\/hidroterm.dmcsrbija.com\/proizvod\/sikasil-c-beli-300ml\/"},"modified":"2026-03-18T08:30:52","modified_gmt":"2026-03-18T07:30:52","slug":"sikasil-c-beli-300ml","status":"publish","type":"product","link":"https:\/\/hidroterm.dmcsrbija.com\/ru\/proizvod\/sikasil-c-beli-300ml\/","title":{"rendered":"Sikasil C &#8211; Beli-300ml"},"content":{"rendered":"<h5 data-start=\"81\" data-end=\"108\">Sikasil C \u2013 Beli 300 ml<\/h5>\n<p data-start=\"110\" data-end=\"420\"><strong data-start=\"110\" data-end=\"137\">Sikasil C \u2013 Beli 300 ml<\/strong> je vi\u0161enamenski, neutralni, jednokomponentni silikonski zaptiva\u010d sa visokom elasti\u010dno\u0161\u0107u i fleksibilno\u0161\u0107u, namenjen za unutra\u0161nju i spolja\u0161nju upotrebu. Ovaj silikon je idealan za zaptivanje i lepljenje spojeva izme\u0111u razli\u010ditih materijala, kao i za za\u0161titu od atmosferskih uticaja.<\/p>\n<p data-start=\"422\" data-end=\"650\">Odlikuje se odli\u010dnom otpornosti na UV zra\u010denje i vremenske uslove, kao i dugotrajnom za\u0161titom protiv gljivica i bu\u0111i. Sikasil C ima slab miris i ne korodira, \u0161to ga \u010dini sigurnim i prakti\u010dnim za upotrebu u razli\u010ditim prostorima.<\/p>\n<p data-start=\"652\" data-end=\"833\">Proizvod pru\u017ea izvrsno prianjanje na \u0161irok spektar podloga, uklju\u010duju\u0107i staklo, metal, obojene povr\u0161ine, drvo, akril i kerami\u010dke plo\u010dice, bez potrebe za nano\u0161enjem dodatnih podloga.<\/p>\n<p data-start=\"835\" data-end=\"966\">Mo\u017ee da izdr\u017ei dilatacije do 25%, \u010dine\u0107i ga savr\u0161enim za sanitarne i gra\u0111evinske primene gde je potrebna trajna i pouzdana za\u0161tita.<\/p>\n<p data-start=\"968\" data-end=\"999\"><strong data-start=\"968\" data-end=\"999\">Cena je izra\u017eena po komadu.<\/strong><\/p>","protected":false},"excerpt":{"rendered":"<p>Sikasil C \u2013 Beli 300 ml Sikasil C \u2013 Beli 300 ml je vi\u0161enamenski, neutralni, jednokomponentni silikonski zaptiva\u010d sa visokom elasti\u010dno\u0161\u0107u i fleksibilno\u0161\u0107u, namenjen za unutra\u0161nju i spolja\u0161nju upotrebu. Ovaj silikon je idealan za zaptivanje i lepljenje spojeva izme\u0111u razli\u010ditih materijala, kao i za za\u0161titu od atmosferskih uticaja. Odlikuje se odli\u010dnom otpornosti na UV zra\u010denje [&hellip;]<\/p>\n","protected":false},"featured_media":22713,"template":"","meta":[],"product_brand":[],"product_cat":[5006,5010],"product_tag":[],"class_list":{"0":"post-22716","1":"product","2":"type-product","3":"status-publish","4":"has-post-thumbnail","6":"product_cat-gradjevinski-materijal","7":"product_cat-silikoni","9":"first","10":"instock","11":"sold-individually","12":"purchasable","13":"product-type-simple"},"_links":{"self":[{"href":"https:\/\/hidroterm.dmcsrbija.com\/ru\/wp-json\/wp\/v2\/product\/22716","targetHints":{"allow":["GET"]}}],"collection":[{"href":"https:\/\/hidroterm.dmcsrbija.com\/ru\/wp-json\/wp\/v2\/product"}],"about":[{"href":"https:\/\/hidroterm.dmcsrbija.com\/ru\/wp-json\/wp\/v2\/types\/product"}],"wp:featuredmedia":[{"embeddable":true,"href":"https:\/\/hidroterm.dmcsrbija.com\/ru\/wp-json\/wp\/v2\/media\/22713"}],"wp:attachment":[{"href":"https:\/\/hidroterm.dmcsrbija.com\/ru\/wp-json\/wp\/v2\/media?parent=22716"}],"wp:term":[{"taxonomy":"product_brand","embeddable":true,"href":"https:\/\/hidroterm.dmcsrbija.com\/ru\/wp-json\/wp\/v2\/product_brand?post=22716"},{"taxonomy":"product_cat","embeddable":true,"href":"https:\/\/hidroterm.dmcsrbija.com\/ru\/wp-json\/wp\/v2\/product_cat?post=22716"},{"taxonomy":"product_tag","embeddable":true,"href":"https:\/\/hidroterm.dmcsrbija.com\/ru\/wp-json\/wp\/v2\/product_tag?post=22716"}],"curies":[{"name":"wp","href":"https:\/\/api.w.org\/{rel}","templated":true}]}}