{"id":22715,"date":"2026-03-18T08:30:48","date_gmt":"2026-03-18T07:30:48","guid":{"rendered":"https:\/\/hidroterm.dmcsrbija.com\/proizvod\/sikasil-c-transparent-300ml\/"},"modified":"2026-03-18T08:30:52","modified_gmt":"2026-03-18T07:30:52","slug":"sikasil-c-transparent-300ml","status":"publish","type":"product","link":"https:\/\/hidroterm.dmcsrbija.com\/ru\/proizvod\/sikasil-c-transparent-300ml\/","title":{"rendered":"Sikasil C &#8211; Transparent-300ml"},"content":{"rendered":"<h5 data-start=\"88\" data-end=\"122\">Sikasil C \u2013 Transparent 300 ml<\/h5>\n<p data-start=\"124\" data-end=\"429\"><strong data-start=\"124\" data-end=\"158\">Sikasil C \u2013 Transparent 300 ml<\/strong> je vi\u0161enamenski neutralni silikonski zaptiva\u010d sa visokom elasti\u010dno\u0161\u0107u i fleksibilno\u0161\u0107u, namenjen za unutra\u0161nju i spolja\u0161nju upotrebu. Ovaj silikon pru\u017ea odli\u010dnu otpornost na vremenske uslove i UV zra\u010denje, \u0161to ga \u010dini idealnim za dugotrajno zaptivanje i za\u0161titu spojeva.<\/p>\n<p data-start=\"431\" data-end=\"682\">Neutralno o\u010dvr\u0161\u0107avanje omogu\u0107ava sigurno lepljenje i zaptivanje spojeva izme\u0111u razli\u010ditih materijala bez korozije. Sikasil C u transparentnoj boji omogu\u0107ava neprimetan spoj na staklu, metalu, obojenim povr\u0161inama, drvetu, akrilu i kerami\u010dkim plo\u010dicama.<\/p>\n<p data-start=\"684\" data-end=\"874\">Proizvod ima slab miris, 100% je silikonski i pru\u017ea dugotrajnu otpornost na gljivice, \u0161to ga \u010dini savr\u0161enim izborom za sanitarne i gra\u0111evinske radove sa mogu\u0107no\u0161\u0107u dilatacije spojeva do 25%.<\/p>\n<p data-start=\"876\" data-end=\"907\"><strong data-start=\"876\" data-end=\"907\">Cena je izra\u017eena po komadu.<\/strong><\/p>","protected":false},"excerpt":{"rendered":"<p>Sikasil C \u2013 Transparent 300 ml Sikasil C \u2013 Transparent 300 ml je vi\u0161enamenski neutralni silikonski zaptiva\u010d sa visokom elasti\u010dno\u0161\u0107u i fleksibilno\u0161\u0107u, namenjen za unutra\u0161nju i spolja\u0161nju upotrebu. Ovaj silikon pru\u017ea odli\u010dnu otpornost na vremenske uslove i UV zra\u010denje, \u0161to ga \u010dini idealnim za dugotrajno zaptivanje i za\u0161titu spojeva. Neutralno o\u010dvr\u0161\u0107avanje omogu\u0107ava sigurno lepljenje i [&hellip;]<\/p>\n","protected":false},"featured_media":22713,"template":"","meta":[],"product_brand":[],"product_cat":[5006,5010],"product_tag":[],"class_list":{"0":"post-22715","1":"product","2":"type-product","3":"status-publish","4":"has-post-thumbnail","6":"product_cat-gradjevinski-materijal","7":"product_cat-silikoni","9":"first","10":"instock","11":"sold-individually","12":"purchasable","13":"product-type-simple"},"_links":{"self":[{"href":"https:\/\/hidroterm.dmcsrbija.com\/ru\/wp-json\/wp\/v2\/product\/22715","targetHints":{"allow":["GET"]}}],"collection":[{"href":"https:\/\/hidroterm.dmcsrbija.com\/ru\/wp-json\/wp\/v2\/product"}],"about":[{"href":"https:\/\/hidroterm.dmcsrbija.com\/ru\/wp-json\/wp\/v2\/types\/product"}],"wp:featuredmedia":[{"embeddable":true,"href":"https:\/\/hidroterm.dmcsrbija.com\/ru\/wp-json\/wp\/v2\/media\/22713"}],"wp:attachment":[{"href":"https:\/\/hidroterm.dmcsrbija.com\/ru\/wp-json\/wp\/v2\/media?parent=22715"}],"wp:term":[{"taxonomy":"product_brand","embeddable":true,"href":"https:\/\/hidroterm.dmcsrbija.com\/ru\/wp-json\/wp\/v2\/product_brand?post=22715"},{"taxonomy":"product_cat","embeddable":true,"href":"https:\/\/hidroterm.dmcsrbija.com\/ru\/wp-json\/wp\/v2\/product_cat?post=22715"},{"taxonomy":"product_tag","embeddable":true,"href":"https:\/\/hidroterm.dmcsrbija.com\/ru\/wp-json\/wp\/v2\/product_tag?post=22715"}],"curies":[{"name":"wp","href":"https:\/\/api.w.org\/{rel}","templated":true}]}}