{"id":22714,"date":"2026-03-18T08:30:48","date_gmt":"2026-03-18T07:30:48","guid":{"rendered":"https:\/\/hidroterm.dmcsrbija.com\/proizvod\/sikasil-c-univerzal-300ml\/"},"modified":"2026-03-18T08:30:52","modified_gmt":"2026-03-18T07:30:52","slug":"sikasil-c-univerzal-300ml","status":"publish","type":"product","link":"https:\/\/hidroterm.dmcsrbija.com\/ru\/proizvod\/sikasil-c-univerzal-300ml\/","title":{"rendered":"Sikasil C &#8211; Univerzal- 300ml"},"content":{"rendered":"<h6 data-start=\"76\" data-end=\"108\">Sikasil C \u2013 Univerzal 300 ml<\/h6>\n<p data-start=\"110\" data-end=\"431\"><strong data-start=\"110\" data-end=\"142\">Sikasil C \u2013 Univerzal 300 ml<\/strong> je vi\u0161enamenski neutralni silikonski zaptiva\u010d namenjen za sanitarne i gra\u0111evinske primene. Ovaj visokokvalitetni silikon kombinuje visoku elasti\u010dnost i fleksibilnost sa odli\u010dnom otporno\u0161\u0107u na vremenske uslove i UV zra\u010denje, \u0161to ga \u010dini idealnim za dugotrajnu za\u0161titu i zaptivanje spojeva.<\/p>\n<p data-start=\"433\" data-end=\"654\">Neutralno o\u010dvr\u0161\u0107avanje omogu\u0107ava sigurno i dugotrajno lepljenje spojeva izme\u0111u razli\u010ditih materijala kao \u0161to su staklo, metal, obojene povr\u0161ine, drvo, akril i kerami\u010dke plo\u010dice, bez potrebe za dodatnim nano\u0161enjem podloge.<\/p>\n<p data-start=\"656\" data-end=\"936\">Sikasil C \u2013 Univerzal ima slab miris, 100% je silikonski i pru\u017ea dugotrajnu otpornost na gljivice, spre\u010davaju\u0107i pojavu bu\u0111i. Odli\u010dna prionljivost i fleksibilnost omogu\u0107avaju mu da izdr\u017ei dilatacije spojeva do 25%, \u0161to ga \u010dini pouzdanim izborom za unutra\u0161nju i spolja\u0161nju upotrebu.<\/p>\n<p data-start=\"938\" data-end=\"969\"><strong data-start=\"938\" data-end=\"969\">Cena je iskazana po komadu.<\/strong><\/p>","protected":false},"excerpt":{"rendered":"<p>Sikasil C \u2013 Univerzal 300 ml Sikasil C \u2013 Univerzal 300 ml je vi\u0161enamenski neutralni silikonski zaptiva\u010d namenjen za sanitarne i gra\u0111evinske primene. Ovaj visokokvalitetni silikon kombinuje visoku elasti\u010dnost i fleksibilnost sa odli\u010dnom otporno\u0161\u0107u na vremenske uslove i UV zra\u010denje, \u0161to ga \u010dini idealnim za dugotrajnu za\u0161titu i zaptivanje spojeva. Neutralno o\u010dvr\u0161\u0107avanje omogu\u0107ava sigurno i [&hellip;]<\/p>\n","protected":false},"featured_media":22713,"template":"","meta":[],"product_brand":[],"product_cat":[5006,5010],"product_tag":[],"class_list":{"0":"post-22714","1":"product","2":"type-product","3":"status-publish","4":"has-post-thumbnail","6":"product_cat-gradjevinski-materijal","7":"product_cat-silikoni","9":"first","10":"instock","11":"sold-individually","12":"purchasable","13":"product-type-simple"},"_links":{"self":[{"href":"https:\/\/hidroterm.dmcsrbija.com\/ru\/wp-json\/wp\/v2\/product\/22714","targetHints":{"allow":["GET"]}}],"collection":[{"href":"https:\/\/hidroterm.dmcsrbija.com\/ru\/wp-json\/wp\/v2\/product"}],"about":[{"href":"https:\/\/hidroterm.dmcsrbija.com\/ru\/wp-json\/wp\/v2\/types\/product"}],"wp:featuredmedia":[{"embeddable":true,"href":"https:\/\/hidroterm.dmcsrbija.com\/ru\/wp-json\/wp\/v2\/media\/22713"}],"wp:attachment":[{"href":"https:\/\/hidroterm.dmcsrbija.com\/ru\/wp-json\/wp\/v2\/media?parent=22714"}],"wp:term":[{"taxonomy":"product_brand","embeddable":true,"href":"https:\/\/hidroterm.dmcsrbija.com\/ru\/wp-json\/wp\/v2\/product_brand?post=22714"},{"taxonomy":"product_cat","embeddable":true,"href":"https:\/\/hidroterm.dmcsrbija.com\/ru\/wp-json\/wp\/v2\/product_cat?post=22714"},{"taxonomy":"product_tag","embeddable":true,"href":"https:\/\/hidroterm.dmcsrbija.com\/ru\/wp-json\/wp\/v2\/product_tag?post=22714"}],"curies":[{"name":"wp","href":"https:\/\/api.w.org\/{rel}","templated":true}]}}