{"id":22712,"date":"2026-03-18T08:30:48","date_gmt":"2026-03-18T07:30:48","guid":{"rendered":"https:\/\/hidroterm.dmcsrbija.com\/proizvod\/sikasil-c-sivi-300ml\/"},"modified":"2026-03-18T08:30:51","modified_gmt":"2026-03-18T07:30:51","slug":"sikasil-c-sivi-300ml","status":"publish","type":"product","link":"https:\/\/hidroterm.dmcsrbija.com\/ru\/proizvod\/sikasil-c-sivi-300ml\/","title":{"rendered":"Sikasil C &#8211; Sivi- 300ml"},"content":{"rendered":"<h5>Sikasil C \u2013 Sivi 300 ml<\/h5>\n<p data-start=\"110\" data-end=\"410\"><strong data-start=\"110\" data-end=\"137\">Sikasil C \u2013 Sivi 300 ml<\/strong> je vi\u0161enamenski neutralni silikonski zaptiva\u010d koji kombinuje visoku elasti\u010dnost i fleksibilnost sa izuzetnom otpornosti na vremenske uslove i UV zra\u010denje. Namenjen je za unutra\u0161nju i spolja\u0161nju upotrebu, idealan za zaptivanje i lepljenje spojeva izme\u0111u razli\u010ditih podloga.<\/p>\n<p data-start=\"412\" data-end=\"752\">Ovaj proizvod je jednokomponentan i neutralnog o\u010dvr\u0161\u0107avanja, \u0161to omogu\u0107ava dugotrajnu za\u0161titu spojeva od atmosferskih uticaja, bez korozije. Sikasil C u sivoj boji pru\u017ea odli\u010dnu prionljivost na \u0161irok spektar materijala poput stakla, metala, obojenih povr\u0161ina, drveta, akrila i kerami\u010dkih plo\u010dica, bez potrebe za dodatnim nano\u0161enjem podloge.<\/p>\n<p data-start=\"754\" data-end=\"914\">Sa slabim mirisom i 100% silikonskom formulom, Sikasil C je siguran i efikasan izbor za sanitarne i gra\u0111evinske radove, omogu\u0107avaju\u0107i dilatacije spojeva do 25%.<\/p>\n<p data-start=\"916\" data-end=\"947\"><strong data-start=\"916\" data-end=\"947\">Cena je izra\u017eena po komadu.<\/strong><\/p>","protected":false},"excerpt":{"rendered":"<p>Sikasil C \u2013 Sivi 300 ml Sikasil C \u2013 Sivi 300 ml je vi\u0161enamenski neutralni silikonski zaptiva\u010d koji kombinuje visoku elasti\u010dnost i fleksibilnost sa izuzetnom otpornosti na vremenske uslove i UV zra\u010denje. Namenjen je za unutra\u0161nju i spolja\u0161nju upotrebu, idealan za zaptivanje i lepljenje spojeva izme\u0111u razli\u010ditih podloga. Ovaj proizvod je jednokomponentan i neutralnog o\u010dvr\u0161\u0107avanja, [&hellip;]<\/p>\n","protected":false},"featured_media":22713,"template":"","meta":[],"product_brand":[],"product_cat":[5006,5010],"product_tag":[],"class_list":{"0":"post-22712","1":"product","2":"type-product","3":"status-publish","4":"has-post-thumbnail","6":"product_cat-gradjevinski-materijal","7":"product_cat-silikoni","9":"first","10":"instock","11":"sold-individually","12":"purchasable","13":"product-type-simple"},"_links":{"self":[{"href":"https:\/\/hidroterm.dmcsrbija.com\/ru\/wp-json\/wp\/v2\/product\/22712","targetHints":{"allow":["GET"]}}],"collection":[{"href":"https:\/\/hidroterm.dmcsrbija.com\/ru\/wp-json\/wp\/v2\/product"}],"about":[{"href":"https:\/\/hidroterm.dmcsrbija.com\/ru\/wp-json\/wp\/v2\/types\/product"}],"wp:featuredmedia":[{"embeddable":true,"href":"https:\/\/hidroterm.dmcsrbija.com\/ru\/wp-json\/wp\/v2\/media\/22713"}],"wp:attachment":[{"href":"https:\/\/hidroterm.dmcsrbija.com\/ru\/wp-json\/wp\/v2\/media?parent=22712"}],"wp:term":[{"taxonomy":"product_brand","embeddable":true,"href":"https:\/\/hidroterm.dmcsrbija.com\/ru\/wp-json\/wp\/v2\/product_brand?post=22712"},{"taxonomy":"product_cat","embeddable":true,"href":"https:\/\/hidroterm.dmcsrbija.com\/ru\/wp-json\/wp\/v2\/product_cat?post=22712"},{"taxonomy":"product_tag","embeddable":true,"href":"https:\/\/hidroterm.dmcsrbija.com\/ru\/wp-json\/wp\/v2\/product_tag?post=22712"}],"curies":[{"name":"wp","href":"https:\/\/api.w.org\/{rel}","templated":true}]}}