{"id":22711,"date":"2026-03-18T08:30:48","date_gmt":"2026-03-18T07:30:48","guid":{"rendered":"https:\/\/hidroterm.dmcsrbija.com\/proizvod\/sika-sanisil-beli-300ml\/"},"modified":"2026-03-18T08:30:51","modified_gmt":"2026-03-18T07:30:51","slug":"sika-sanisil-beli-300ml","status":"publish","type":"product","link":"https:\/\/hidroterm.dmcsrbija.com\/ru\/proizvod\/sika-sanisil-beli-300ml\/","title":{"rendered":"Sika Sanisil &#8211; Beli (300ml)"},"content":{"rendered":"<h5 data-start=\"83\" data-end=\"113\">Sika Sanisil \u2013 Beli 300 ml<\/h5>\n<p data-start=\"115\" data-end=\"318\"><strong data-start=\"115\" data-end=\"145\">Sika Sanisil \u2013 Beli 300 ml<\/strong> je sanitarna silikonska masa za zaptivanje, posebno dizajnirana za primenu u sanitarnim prostorijama i na mestima gde je potrebna visoka otpornost na pojavu plesni i bu\u0111i.<\/p>\n<p data-start=\"320\" data-end=\"494\">Ovaj proizvod pru\u017ea <strong data-start=\"340\" data-end=\"385\">dugotrajnu za\u0161titu protiv gljivica i bu\u0111i<\/strong>, odli\u010dnu adheziju na ve\u0107inu neporoznih povr\u0161ina, kao i otpornost na UV zrake i nepovoljne vremenske uslove.<\/p>\n<p data-start=\"496\" data-end=\"711\"><strong data-start=\"496\" data-end=\"512\">Sika Sanisil<\/strong> je formulisan bez razre\u0111iva\u010da u skladu sa TRGS 610 standardom, \u0161to ga \u010dini sigurnim i ekolo\u0161ki prihvatljivim. Njegova visoka elasti\u010dnost i fleksibilnost omogu\u0107avaju dugotrajno i pouzdano zaptivanje.<\/p>\n<p data-start=\"713\" data-end=\"818\">Idealna je za zaptivanje sanitarne opreme, kupatila, kuhinja i drugih prostorija sa visokim nivoom vlage.<\/p>\n<p data-start=\"820\" data-end=\"851\"><strong data-start=\"820\" data-end=\"851\">Cena je izra\u017eena po komadu.<\/strong><\/p>","protected":false},"excerpt":{"rendered":"<p>Sika Sanisil \u2013 Beli 300 ml Sika Sanisil \u2013 Beli 300 ml je sanitarna silikonska masa za zaptivanje, posebno dizajnirana za primenu u sanitarnim prostorijama i na mestima gde je potrebna visoka otpornost na pojavu plesni i bu\u0111i. Ovaj proizvod pru\u017ea dugotrajnu za\u0161titu protiv gljivica i bu\u0111i, odli\u010dnu adheziju na ve\u0107inu neporoznih povr\u0161ina, kao i [&hellip;]<\/p>\n","protected":false},"featured_media":22710,"template":"","meta":[],"product_brand":[],"product_cat":[5006,5010],"product_tag":[],"class_list":{"0":"post-22711","1":"product","2":"type-product","3":"status-publish","4":"has-post-thumbnail","6":"product_cat-gradjevinski-materijal","7":"product_cat-silikoni","9":"first","10":"instock","11":"sold-individually","12":"purchasable","13":"product-type-simple"},"_links":{"self":[{"href":"https:\/\/hidroterm.dmcsrbija.com\/ru\/wp-json\/wp\/v2\/product\/22711","targetHints":{"allow":["GET"]}}],"collection":[{"href":"https:\/\/hidroterm.dmcsrbija.com\/ru\/wp-json\/wp\/v2\/product"}],"about":[{"href":"https:\/\/hidroterm.dmcsrbija.com\/ru\/wp-json\/wp\/v2\/types\/product"}],"wp:featuredmedia":[{"embeddable":true,"href":"https:\/\/hidroterm.dmcsrbija.com\/ru\/wp-json\/wp\/v2\/media\/22710"}],"wp:attachment":[{"href":"https:\/\/hidroterm.dmcsrbija.com\/ru\/wp-json\/wp\/v2\/media?parent=22711"}],"wp:term":[{"taxonomy":"product_brand","embeddable":true,"href":"https:\/\/hidroterm.dmcsrbija.com\/ru\/wp-json\/wp\/v2\/product_brand?post=22711"},{"taxonomy":"product_cat","embeddable":true,"href":"https:\/\/hidroterm.dmcsrbija.com\/ru\/wp-json\/wp\/v2\/product_cat?post=22711"},{"taxonomy":"product_tag","embeddable":true,"href":"https:\/\/hidroterm.dmcsrbija.com\/ru\/wp-json\/wp\/v2\/product_tag?post=22711"}],"curies":[{"name":"wp","href":"https:\/\/api.w.org\/{rel}","templated":true}]}}