{"id":22709,"date":"2026-03-18T08:30:48","date_gmt":"2026-03-18T07:30:48","guid":{"rendered":"https:\/\/hidroterm.dmcsrbija.com\/proizvod\/sika-sanisil-transparent-300ml\/"},"modified":"2026-03-18T08:30:51","modified_gmt":"2026-03-18T07:30:51","slug":"sika-sanisil-transparent-300ml","status":"publish","type":"product","link":"https:\/\/hidroterm.dmcsrbija.com\/ru\/proizvod\/sika-sanisil-transparent-300ml\/","title":{"rendered":"Sika Sanisil &#8211; Transparent (300ml)"},"content":{"rendered":"<h5 data-start=\"92\" data-end=\"129\">Sika Sanisil \u2013 Transparent 300 ml<\/h5>\n<p data-start=\"131\" data-end=\"309\"><strong data-start=\"131\" data-end=\"168\">Sika Sanisil \u2013 Transparent 300 ml<\/strong> je sanitarna silikonska masa za zaptivanje, idealna za sanitarne i druge povr\u0161ine gde je potrebna visoka otpornost na pojavu plesni i bu\u0111i.<\/p>\n<p data-start=\"311\" data-end=\"565\">Ovaj proizvod pru\u017ea dugotrajnu za\u0161titu protiv gljivica i bu\u0111i, sa odli\u010dnom adhezijom na ve\u0107inu neporoznih podloga. Otporan je na UV zra\u010denje i nepovoljne vremenske uslove, \u0161to ga \u010dini pogodnim za upotrebu kako u unutra\u0161njim, tako i u spoljnim prostorima.<\/p>\n<p data-start=\"567\" data-end=\"775\">Formulisan bez razre\u0111iva\u010da u skladu sa TRGS 610 standardom, Sika Sanisil je siguran za upotrebu i ekolo\u0161ki prihvatljiv. Njegova visoka elasti\u010dnost i fleksibilnost omogu\u0107avaju dugotrajno i pouzdano zaptivanje.<\/p>\n<p data-start=\"777\" data-end=\"945\"><strong data-start=\"777\" data-end=\"794\">Prozirna boja<\/strong> omogu\u0107ava diskretno i estetsko uklapanje na svim povr\u0161inama, \u0161to ga \u010dini savr\u0161enim za vidljive spojeve i mesta gde je va\u017ena neprimetna zavr\u0161na obrada.<\/p>\n<p data-start=\"947\" data-end=\"978\"><strong data-start=\"947\" data-end=\"978\">Cena je izra\u017eena po komadu.<\/strong><\/p>","protected":false},"excerpt":{"rendered":"<p>Sika Sanisil \u2013 Transparent 300 ml Sika Sanisil \u2013 Transparent 300 ml je sanitarna silikonska masa za zaptivanje, idealna za sanitarne i druge povr\u0161ine gde je potrebna visoka otpornost na pojavu plesni i bu\u0111i. Ovaj proizvod pru\u017ea dugotrajnu za\u0161titu protiv gljivica i bu\u0111i, sa odli\u010dnom adhezijom na ve\u0107inu neporoznih podloga. Otporan je na UV zra\u010denje [&hellip;]<\/p>\n","protected":false},"featured_media":22710,"template":"","meta":[],"product_brand":[],"product_cat":[5006,5010],"product_tag":[],"class_list":{"0":"post-22709","1":"product","2":"type-product","3":"status-publish","4":"has-post-thumbnail","6":"product_cat-gradjevinski-materijal","7":"product_cat-silikoni","9":"first","10":"instock","11":"sold-individually","12":"purchasable","13":"product-type-simple"},"_links":{"self":[{"href":"https:\/\/hidroterm.dmcsrbija.com\/ru\/wp-json\/wp\/v2\/product\/22709","targetHints":{"allow":["GET"]}}],"collection":[{"href":"https:\/\/hidroterm.dmcsrbija.com\/ru\/wp-json\/wp\/v2\/product"}],"about":[{"href":"https:\/\/hidroterm.dmcsrbija.com\/ru\/wp-json\/wp\/v2\/types\/product"}],"wp:featuredmedia":[{"embeddable":true,"href":"https:\/\/hidroterm.dmcsrbija.com\/ru\/wp-json\/wp\/v2\/media\/22710"}],"wp:attachment":[{"href":"https:\/\/hidroterm.dmcsrbija.com\/ru\/wp-json\/wp\/v2\/media?parent=22709"}],"wp:term":[{"taxonomy":"product_brand","embeddable":true,"href":"https:\/\/hidroterm.dmcsrbija.com\/ru\/wp-json\/wp\/v2\/product_brand?post=22709"},{"taxonomy":"product_cat","embeddable":true,"href":"https:\/\/hidroterm.dmcsrbija.com\/ru\/wp-json\/wp\/v2\/product_cat?post=22709"},{"taxonomy":"product_tag","embeddable":true,"href":"https:\/\/hidroterm.dmcsrbija.com\/ru\/wp-json\/wp\/v2\/product_tag?post=22709"}],"curies":[{"name":"wp","href":"https:\/\/api.w.org\/{rel}","templated":true}]}}