{"id":22707,"date":"2026-03-18T08:30:48","date_gmt":"2026-03-18T07:30:48","guid":{"rendered":"https:\/\/hidroterm.dmcsrbija.com\/proizvod\/sika-flex-11fc-beli-300ml\/"},"modified":"2026-03-18T08:30:51","modified_gmt":"2026-03-18T07:30:51","slug":"sika-flex-11fc-beli-300ml","status":"publish","type":"product","link":"https:\/\/hidroterm.dmcsrbija.com\/ru\/proizvod\/sika-flex-11fc-beli-300ml\/","title":{"rendered":"Sika Flex 11FC &#8211; Beli 300ml"},"content":{"rendered":"<p data-start=\"123\" data-end=\"491\"><strong data-start=\"123\" data-end=\"152\">Sikaflex 11FC beli 300 ml<\/strong> je visokokvalitetna <strong data-start=\"173\" data-end=\"238\">jednokomponentna poliuretanska masa za zaptivanje i lepljenje<\/strong>, namenjena profesionalnoj i ku\u0107noj upotrebi. Ovaj vi\u0161enamenski proizvod idealan je za <strong data-start=\"325\" data-end=\"371\">zaptivanje spojnica, pukotina i dilatacija<\/strong>, kao i za <strong data-start=\"382\" data-end=\"440\">elasti\u010dno lepljenje razli\u010ditih gra\u0111evinskih materijala<\/strong>, kako u unutra\u0161njim tako i u spolja\u0161njim uslovima.<\/p>\n<p data-start=\"493\" data-end=\"779\">Sikaflex\u00ae-11 FC+ o\u010dvr\u0161\u0107ava u kontaktu sa vlagom iz vazduha, bez klobu\u010danja, i obezbe\u0111uje dugotrajnu elasti\u010dnost i pouzdanu vezu. Odli\u010dno prijanja na beton, metal, drvo, keramiku, plastiku i ve\u0107inu drugih gra\u0111evinskih podloga, bez potrebe za dodatnom mehani\u010dkom za\u0161titom lepljenog spoja.<\/p>\n<p data-start=\"781\" data-end=\"1016\">Zahvaljuju\u0107i visokoj mehani\u010dkoj otpornosti i sposobnosti da <strong data-start=\"841\" data-end=\"872\">apsorbuje udare i vibracije<\/strong>, Sikaflex 11FC beli 300 ml je savr\u0161en izbor za gra\u0111evinske, sanacione i monta\u017ene radove, kako u profesionalnim objektima, tako i u doma\u0107instvu.<\/p>\n<p data-start=\"1018\" data-end=\"1049\"><strong data-start=\"1018\" data-end=\"1049\">Cena je izra\u017eena po komadu.<\/strong><\/p>\n<p>&nbsp;<\/p>","protected":false},"excerpt":{"rendered":"<p>Sikaflex 11FC beli 300 ml je visokokvalitetna jednokomponentna poliuretanska masa za zaptivanje i lepljenje, namenjena profesionalnoj i ku\u0107noj upotrebi. Ovaj vi\u0161enamenski proizvod idealan je za zaptivanje spojnica, pukotina i dilatacija, kao i za elasti\u010dno lepljenje razli\u010ditih gra\u0111evinskih materijala, kako u unutra\u0161njim tako i u spolja\u0161njim uslovima. Sikaflex\u00ae-11 FC+ o\u010dvr\u0161\u0107ava u kontaktu sa vlagom iz vazduha, [&hellip;]<\/p>\n","protected":false},"featured_media":22708,"template":"","meta":[],"product_brand":[],"product_cat":[5006,5010],"product_tag":[],"class_list":{"0":"post-22707","1":"product","2":"type-product","3":"status-publish","4":"has-post-thumbnail","6":"product_cat-gradjevinski-materijal","7":"product_cat-silikoni","9":"first","10":"instock","11":"sold-individually","12":"purchasable","13":"product-type-simple"},"_links":{"self":[{"href":"https:\/\/hidroterm.dmcsrbija.com\/ru\/wp-json\/wp\/v2\/product\/22707","targetHints":{"allow":["GET"]}}],"collection":[{"href":"https:\/\/hidroterm.dmcsrbija.com\/ru\/wp-json\/wp\/v2\/product"}],"about":[{"href":"https:\/\/hidroterm.dmcsrbija.com\/ru\/wp-json\/wp\/v2\/types\/product"}],"wp:featuredmedia":[{"embeddable":true,"href":"https:\/\/hidroterm.dmcsrbija.com\/ru\/wp-json\/wp\/v2\/media\/22708"}],"wp:attachment":[{"href":"https:\/\/hidroterm.dmcsrbija.com\/ru\/wp-json\/wp\/v2\/media?parent=22707"}],"wp:term":[{"taxonomy":"product_brand","embeddable":true,"href":"https:\/\/hidroterm.dmcsrbija.com\/ru\/wp-json\/wp\/v2\/product_brand?post=22707"},{"taxonomy":"product_cat","embeddable":true,"href":"https:\/\/hidroterm.dmcsrbija.com\/ru\/wp-json\/wp\/v2\/product_cat?post=22707"},{"taxonomy":"product_tag","embeddable":true,"href":"https:\/\/hidroterm.dmcsrbija.com\/ru\/wp-json\/wp\/v2\/product_tag?post=22707"}],"curies":[{"name":"wp","href":"https:\/\/api.w.org\/{rel}","templated":true}]}}