{"id":22705,"date":"2026-03-18T08:30:48","date_gmt":"2026-03-18T07:30:48","guid":{"rendered":"https:\/\/hidroterm.dmcsrbija.com\/proizvod\/sika-flex-11fc-braon-300ml\/"},"modified":"2026-03-18T08:30:51","modified_gmt":"2026-03-18T07:30:51","slug":"sika-flex-11fc-braon-300ml","status":"publish","type":"product","link":"https:\/\/hidroterm.dmcsrbija.com\/ru\/proizvod\/sika-flex-11fc-braon-300ml\/","title":{"rendered":"Sika Flex 11FC &#8211; Braon 300ml"},"content":{"rendered":"<h5 data-start=\"112\" data-end=\"145\">Sika Flex 11FC \u2013 Braon 300 ml<\/h5>\n<p data-start=\"147\" data-end=\"430\"><strong data-start=\"147\" data-end=\"180\">Sika Flex 11FC \u2013 Braon 300 ml<\/strong> je jednokomponentna, elasti\u010dna zaptivna masa i vi\u0161enamenski poliuretanski lepak koji o\u010dvr\u0161\u0107ava u dodiru sa vlagom. Namenjen je za <strong data-start=\"311\" data-end=\"347\">unutra\u0161nju i spolja\u0161nju upotrebu<\/strong> i pru\u017ea pouzdano zaptivanje i sna\u017eno lepljenje razli\u010ditih gra\u0111evinskih materijala.<\/p>\n<p data-start=\"432\" data-end=\"670\">Ova masa je spremna za upotrebu, bez sadr\u017eaja silikona, \u0161to omogu\u0107ava visoku fleksibilnost i dugotrajnu elasti\u010dnost spojeva. Sikaflex\u00ae-11 FC+ se stvrdnjava bez klobu\u010danja i odli\u010dno prianja na ve\u0107inu povr\u0161ina, uz dobru mehani\u010dku otpornost.<\/p>\n<p data-start=\"672\" data-end=\"837\">Kao lepak, ne zahteva dodatnu mehani\u010dku za\u0161titu i efikasno ubla\u017eava udare i vibracije, \u010dine\u0107i ga idealnim za zaptivanje spojeva, sanaciju pukotina i monta\u017ene radove.<\/p>\n<p data-start=\"839\" data-end=\"976\"><strong data-start=\"839\" data-end=\"853\">Braon boja<\/strong> omogu\u0107ava estetsko uklapanje na tamnije povr\u0161ine, \u0161to ga \u010dini pogodnim za razli\u010dite primene u gra\u0111evinarstvu i industriji.<\/p>\n<p data-start=\"978\" data-end=\"1009\"><strong data-start=\"978\" data-end=\"1009\">Cena je izra\u017eena po komadu.<\/strong><\/p>\n<p>&nbsp;<\/p>","protected":false},"excerpt":{"rendered":"<p>Sika Flex 11FC \u2013 Braon 300 ml Sika Flex 11FC \u2013 Braon 300 ml je jednokomponentna, elasti\u010dna zaptivna masa i vi\u0161enamenski poliuretanski lepak koji o\u010dvr\u0161\u0107ava u dodiru sa vlagom. Namenjen je za unutra\u0161nju i spolja\u0161nju upotrebu i pru\u017ea pouzdano zaptivanje i sna\u017eno lepljenje razli\u010ditih gra\u0111evinskih materijala. Ova masa je spremna za upotrebu, bez sadr\u017eaja silikona, [&hellip;]<\/p>\n","protected":false},"featured_media":22706,"template":"","meta":[],"product_brand":[],"product_cat":[5006,5010],"product_tag":[],"class_list":{"0":"post-22705","1":"product","2":"type-product","3":"status-publish","4":"has-post-thumbnail","6":"product_cat-gradjevinski-materijal","7":"product_cat-silikoni","9":"first","10":"instock","11":"sold-individually","12":"purchasable","13":"product-type-simple"},"_links":{"self":[{"href":"https:\/\/hidroterm.dmcsrbija.com\/ru\/wp-json\/wp\/v2\/product\/22705","targetHints":{"allow":["GET"]}}],"collection":[{"href":"https:\/\/hidroterm.dmcsrbija.com\/ru\/wp-json\/wp\/v2\/product"}],"about":[{"href":"https:\/\/hidroterm.dmcsrbija.com\/ru\/wp-json\/wp\/v2\/types\/product"}],"wp:featuredmedia":[{"embeddable":true,"href":"https:\/\/hidroterm.dmcsrbija.com\/ru\/wp-json\/wp\/v2\/media\/22706"}],"wp:attachment":[{"href":"https:\/\/hidroterm.dmcsrbija.com\/ru\/wp-json\/wp\/v2\/media?parent=22705"}],"wp:term":[{"taxonomy":"product_brand","embeddable":true,"href":"https:\/\/hidroterm.dmcsrbija.com\/ru\/wp-json\/wp\/v2\/product_brand?post=22705"},{"taxonomy":"product_cat","embeddable":true,"href":"https:\/\/hidroterm.dmcsrbija.com\/ru\/wp-json\/wp\/v2\/product_cat?post=22705"},{"taxonomy":"product_tag","embeddable":true,"href":"https:\/\/hidroterm.dmcsrbija.com\/ru\/wp-json\/wp\/v2\/product_tag?post=22705"}],"curies":[{"name":"wp","href":"https:\/\/api.w.org\/{rel}","templated":true}]}}