{"id":22703,"date":"2026-03-18T08:30:48","date_gmt":"2026-03-18T07:30:48","guid":{"rendered":"https:\/\/hidroterm.dmcsrbija.com\/proizvod\/sika-flex-11fc-sivi-300ml\/"},"modified":"2026-03-18T08:30:50","modified_gmt":"2026-03-18T07:30:50","slug":"sika-flex-11fc-sivi-300ml","status":"publish","type":"product","link":"https:\/\/hidroterm.dmcsrbija.com\/ru\/proizvod\/sika-flex-11fc-sivi-300ml\/","title":{"rendered":"Sika Flex 11FC &#8211; Sivi 300ml"},"content":{"rendered":"<h4 data-start=\"94\" data-end=\"126\">Sika Flex 11FC \u2013 Sivi 300 ml<\/h4>\n<p data-start=\"128\" data-end=\"419\"><strong data-start=\"128\" data-end=\"160\">Sika Flex 11FC \u2013 Sivi 300 ml<\/strong> je jednokomponentna, elasti\u010dna masa za zaptivanje i vi\u0161enamenski poliuretanski lepak, idealan za profesionalnu i ku\u0107nu upotrebu. Ovaj proizvod pru\u017ea pouzdano i dugotrajno zaptivanje spojeva, kao i sna\u017eno, fleksibilno lepljenje raznih gra\u0111evinskih materijala.<\/p>\n<p data-start=\"421\" data-end=\"638\">Sikaflex\u00ae-11 FC+ se o\u010dvr\u0161\u0107ava u dodiru sa vlagom iz vazduha, bez klobu\u010danja, i odli\u010dno prianja na beton, metal, drvo, keramiku i druge povr\u0161ine. Fleksibilan je, bez sadr\u017eaja silikona, sa visokom mehani\u010dkom otporno\u0161\u0107u.<\/p>\n<p data-start=\"640\" data-end=\"811\">Kao lepak, ne zahteva dodatnu mehani\u010dku za\u0161titu i efikasno ubla\u017eava udare i vibracije, \u0161to ga \u010dini pogodnim za sanacione radove, monta\u017eu i zaptivanje dilatacionih spojeva.<\/p>\n<p data-start=\"813\" data-end=\"935\"><strong data-start=\"813\" data-end=\"826\">Siva boja<\/strong> omogu\u0107ava estetsko uklapanje na svetlije ili industrijske povr\u0161ine, pru\u017eaju\u0107i profesionalan i uredan izgled.<\/p>\n<p data-start=\"937\" data-end=\"968\"><strong data-start=\"937\" data-end=\"968\">Cena je izra\u017eena po komadu.<\/strong><\/p>","protected":false},"excerpt":{"rendered":"<p>Sika Flex 11FC \u2013 Sivi 300 ml Sika Flex 11FC \u2013 Sivi 300 ml je jednokomponentna, elasti\u010dna masa za zaptivanje i vi\u0161enamenski poliuretanski lepak, idealan za profesionalnu i ku\u0107nu upotrebu. Ovaj proizvod pru\u017ea pouzdano i dugotrajno zaptivanje spojeva, kao i sna\u017eno, fleksibilno lepljenje raznih gra\u0111evinskih materijala. Sikaflex\u00ae-11 FC+ se o\u010dvr\u0161\u0107ava u dodiru sa vlagom iz [&hellip;]<\/p>\n","protected":false},"featured_media":22704,"template":"","meta":[],"product_brand":[],"product_cat":[5006,5010],"product_tag":[],"class_list":{"0":"post-22703","1":"product","2":"type-product","3":"status-publish","4":"has-post-thumbnail","6":"product_cat-gradjevinski-materijal","7":"product_cat-silikoni","9":"first","10":"instock","11":"sold-individually","12":"purchasable","13":"product-type-simple"},"_links":{"self":[{"href":"https:\/\/hidroterm.dmcsrbija.com\/ru\/wp-json\/wp\/v2\/product\/22703","targetHints":{"allow":["GET"]}}],"collection":[{"href":"https:\/\/hidroterm.dmcsrbija.com\/ru\/wp-json\/wp\/v2\/product"}],"about":[{"href":"https:\/\/hidroterm.dmcsrbija.com\/ru\/wp-json\/wp\/v2\/types\/product"}],"wp:featuredmedia":[{"embeddable":true,"href":"https:\/\/hidroterm.dmcsrbija.com\/ru\/wp-json\/wp\/v2\/media\/22704"}],"wp:attachment":[{"href":"https:\/\/hidroterm.dmcsrbija.com\/ru\/wp-json\/wp\/v2\/media?parent=22703"}],"wp:term":[{"taxonomy":"product_brand","embeddable":true,"href":"https:\/\/hidroterm.dmcsrbija.com\/ru\/wp-json\/wp\/v2\/product_brand?post=22703"},{"taxonomy":"product_cat","embeddable":true,"href":"https:\/\/hidroterm.dmcsrbija.com\/ru\/wp-json\/wp\/v2\/product_cat?post=22703"},{"taxonomy":"product_tag","embeddable":true,"href":"https:\/\/hidroterm.dmcsrbija.com\/ru\/wp-json\/wp\/v2\/product_tag?post=22703"}],"curies":[{"name":"wp","href":"https:\/\/api.w.org\/{rel}","templated":true}]}}