{"id":22701,"date":"2026-03-18T08:30:48","date_gmt":"2026-03-18T07:30:48","guid":{"rendered":"https:\/\/hidroterm.dmcsrbija.com\/proizvod\/sika-flex-11fc-crni-300ml\/"},"modified":"2026-03-18T08:30:50","modified_gmt":"2026-03-18T07:30:50","slug":"sika-flex-11fc-crni-300ml","status":"publish","type":"product","link":"https:\/\/hidroterm.dmcsrbija.com\/ru\/proizvod\/sika-flex-11fc-crni-300ml\/","title":{"rendered":"Sika Flex 11FC &#8211; Crni-300ml"},"content":{"rendered":"<h5 data-start=\"88\" data-end=\"120\">Sika Flex 11FC \u2013 Crni 300 ml<\/h5>\n<p data-start=\"122\" data-end=\"402\"><strong data-start=\"122\" data-end=\"154\">Sika Flex 11FC \u2013 Crni 300 ml<\/strong> je jednokomponentna, elasti\u010dna masa za zaptivanje i vi\u0161enamenski poliuretanski lepak, idealan za profesionalnu i ku\u0107nu upotrebu. Ovaj proizvod je pogodan za <strong data-start=\"312\" data-end=\"347\">unutra\u0161nju i spolja\u0161nju primenu<\/strong>, pru\u017eaju\u0107i dugotrajnu za\u0161titu i fleksibilno lepljenje.<\/p>\n<p data-start=\"404\" data-end=\"621\">Sikaflex\u00ae-11 FC+ se o\u010dvr\u0161\u0107ava u dodiru sa vlagom, bez klobu\u010danja, i odli\u010dno prianja na ve\u0107inu gra\u0111evinskih materijala, uz visoku mehani\u010dku otpornost. Ne sadr\u017ei silikon, \u0161to garantuje jaku i elasti\u010dnu vezu bez pucanja.<\/p>\n<p data-start=\"623\" data-end=\"800\">Kao lepak, ne zahteva dodatnu mehani\u010dku za\u0161titu, a zahvaljuju\u0107i sposobnosti da apsorbuje udare i vibracije, idealan je za zaptivanje spojeva i sanaciju konstrukcionih elemenata.<\/p>\n<p data-start=\"802\" data-end=\"937\"><strong data-start=\"802\" data-end=\"815\">Crna boja<\/strong> omogu\u0107ava diskretno i estetsko uklapanje na tamnim povr\u0161inama, \u0161to je posebno pogodno za industrijske i tehni\u010dke primene.<\/p>\n<p data-start=\"939\" data-end=\"970\"><strong data-start=\"939\" data-end=\"970\">Cena je izra\u017eena po komadu.<\/strong><\/p>","protected":false},"excerpt":{"rendered":"<p>Sika Flex 11FC \u2013 Crni 300 ml Sika Flex 11FC \u2013 Crni 300 ml je jednokomponentna, elasti\u010dna masa za zaptivanje i vi\u0161enamenski poliuretanski lepak, idealan za profesionalnu i ku\u0107nu upotrebu. Ovaj proizvod je pogodan za unutra\u0161nju i spolja\u0161nju primenu, pru\u017eaju\u0107i dugotrajnu za\u0161titu i fleksibilno lepljenje. Sikaflex\u00ae-11 FC+ se o\u010dvr\u0161\u0107ava u dodiru sa vlagom, bez klobu\u010danja, [&hellip;]<\/p>\n","protected":false},"featured_media":22702,"template":"","meta":[],"product_brand":[],"product_cat":[5006,5010],"product_tag":[],"class_list":{"0":"post-22701","1":"product","2":"type-product","3":"status-publish","4":"has-post-thumbnail","6":"product_cat-gradjevinski-materijal","7":"product_cat-silikoni","9":"first","10":"instock","11":"sold-individually","12":"purchasable","13":"product-type-simple"},"_links":{"self":[{"href":"https:\/\/hidroterm.dmcsrbija.com\/ru\/wp-json\/wp\/v2\/product\/22701","targetHints":{"allow":["GET"]}}],"collection":[{"href":"https:\/\/hidroterm.dmcsrbija.com\/ru\/wp-json\/wp\/v2\/product"}],"about":[{"href":"https:\/\/hidroterm.dmcsrbija.com\/ru\/wp-json\/wp\/v2\/types\/product"}],"wp:featuredmedia":[{"embeddable":true,"href":"https:\/\/hidroterm.dmcsrbija.com\/ru\/wp-json\/wp\/v2\/media\/22702"}],"wp:attachment":[{"href":"https:\/\/hidroterm.dmcsrbija.com\/ru\/wp-json\/wp\/v2\/media?parent=22701"}],"wp:term":[{"taxonomy":"product_brand","embeddable":true,"href":"https:\/\/hidroterm.dmcsrbija.com\/ru\/wp-json\/wp\/v2\/product_brand?post=22701"},{"taxonomy":"product_cat","embeddable":true,"href":"https:\/\/hidroterm.dmcsrbija.com\/ru\/wp-json\/wp\/v2\/product_cat?post=22701"},{"taxonomy":"product_tag","embeddable":true,"href":"https:\/\/hidroterm.dmcsrbija.com\/ru\/wp-json\/wp\/v2\/product_tag?post=22701"}],"curies":[{"name":"wp","href":"https:\/\/api.w.org\/{rel}","templated":true}]}}